{"id":100,"date":"2018-10-08T11:30:01","date_gmt":"2018-10-08T09:30:01","guid":{"rendered":"http:\/\/monedes-complementaries.recursos.uoc.edu\/?page_id=100"},"modified":"2020-11-21T18:32:14","modified_gmt":"2020-11-21T16:32:14","slug":"2-4-3-la-situacion-actual-a-nivel-nacional","status":"publish","type":"page","link":"http:\/\/monedes-complementaries.recursos.uoc.edu\/es\/2-4-3-la-situacion-actual-a-nivel-nacional\/","title":{"rendered":"2.4.3. La situaci\u00f3n actual a nivel nacional"},"content":{"rendered":"<p>A finales de 2014 Neil Hughes llev\u00f3 a cabo un trabajo en el que se analizaba la situaci\u00f3n de las monedas complementarias espa\u00f1olas (figura 17). Para ello se procedi\u00f3 a un recuento de las iniciativas existentes en las distintas bases de datos nacionales. Se obtuvo un total de 372 iniciativas, de las cuales 290 eran bancos de tiempo, 71 eran sistemas de cr\u00e9dito mutuo y 11 redes de trueque. Cada una de estas iniciativas fue ubicada en su correspondiente comunidad aut\u00f3noma, desvelando que se trata de un fen\u00f3meno que abarca toda la geograf\u00eda nacional. La regi\u00f3n m\u00e1s activa es Catalu\u00f1a, con un total de 97 iniciativas en funcionamiento (71 bancos de tiempo, 23 sistemas de cr\u00e9dito mutuo y 3 redes de trueque). A continuaci\u00f3n, se encuentran Andaluc\u00eda y Madrid. Tal y como se ha comentado anteriormente, los bancos de tiempo son la tipolog\u00eda de iniciativas m\u00e1s habitual en Espa\u00f1a. De los 290 bancos de tiempo recontados, 223 tienen dependencia municipal. Es importante destacar que en el momento de realizaci\u00f3n de dicho estudio no hab\u00eda identificada ninguna iniciativa que representara una tipolog\u00eda de moneda local, si bien es ya conocido que a d\u00eda de hoy tenemos una muestra clara de su existencia en el caso de Barcelona y Santa Coloma de Gramanet, entre otras.<\/p>\n<p>&nbsp;<\/p>\n<figure id=\"attachment_222\" aria-describedby=\"caption-attachment-222\" style=\"width: 800px\" class=\"wp-caption aligncenter\"><img loading=\"lazy\" class=\"wp-image-222 size-full\" src=\"\/wp-content\/uploads\/2018\/11\/monedes_18.jpg\" alt=\"\" width=\"800\" height=\"602\" srcset=\"\/wp-content\/uploads\/2018\/11\/monedes_18.jpg 800w, \/wp-content\/uploads\/2018\/11\/monedes_18-300x226.jpg 300w, \/wp-content\/uploads\/2018\/11\/monedes_18-768x578.jpg 768w\" sizes=\"(max-width: 800px) 100vw, 800px\" \/><figcaption id=\"caption-attachment-222\" class=\"wp-caption-text\">Figura 17<\/figcaption><\/figure>\n<p>&nbsp;<\/p>\n<p>Se identificaron tres per\u00edodos hist\u00f3ricos vinculados con auges significativos de los sistemas monetarios complementarios. El primero de ellos tuvo lugar durante la Guerra Civil, el segundo a finales de los a\u00f1os 90 del siglo <span class=\"roman\">xx<\/span> con la aparici\u00f3n de los primeros modelos de bancos de tiempo municipales, y el tercero ha tenido lugar recientemente en 2008 como consecuencia de la crisis econ\u00f3mica. Es precisamente a partir de este tercer per\u00edodo donde se encuentra el mayor crecimiento de este tipo de iniciativas. En particular, el crecimiento m\u00e1s importante ha corrido a cargo de los sistemas de cr\u00e9dito mutuo, los cuales han aumentado de 4 en 2009 a m\u00e1s de 70 a finales de 2014.<\/p>\n<p>Por otro lado, el origen que ha impulsado las distintas tipolog\u00edas de iniciativas es muy diverso. As\u00ed, por ejemplo, los bancos de tiempo tuvieron su inspiraci\u00f3n en la experiencia italiana, mientras que los sistemas de cr\u00e9dito mutuo lo hicieron en base a las iniciativas de Brasil y al movimiento de ciudades en transici\u00f3n del Reino Unido. Se identific\u00f3 una larga gama de objetivos perseguidos con este tipo de iniciativas, tanto econ\u00f3micos como ambientales y sociales, incluyendo la lucha contra la exclusi\u00f3n social, la localizaci\u00f3n de la econom\u00eda, la creaci\u00f3n de capital social y la promoci\u00f3n de la sostenibilidad. Sin lugar a dudas, la crisis de 2008 ha sido un factor crucial en la evoluci\u00f3n de los sistemas monetarios complementarios en Espa\u00f1a. La falta de liquidez producida por una combinaci\u00f3n crediticia y de austeridad pol\u00edtica ha sido la gran catalizadora del reciente crecimiento de los bancos de tiempo y los sistemas de cr\u00e9dito mutuo, as\u00ed como de otras soluciones y propuestas innovadoras. En cuanto a su relevancia a nivel econ\u00f3mico y social, la reciente creaci\u00f3n de las iniciativas y la limitada capacidad de actuaci\u00f3n de las mismas parecen corroborar otros estudios previos que cuestionan el impacto sobre el bienestar social. As\u00ed, por ejemplo, los problemas de alto desempleo y pobreza son multidimensionales, requiriendo mucho m\u00e1s que instrumentos alternativos de intercambio para que puedan ser tratados con \u00e9xito. No obstante, a pesar de estas limitaciones, las iniciativas espa\u00f1olas est\u00e1n jugando un importante papel educativo y pol\u00edtico. Problematizando los principios que sustentan las transacciones econ\u00f3micas en la sociedad capitalista contempor\u00e1nea, tales como la maximizaci\u00f3n del propio inter\u00e9s y beneficio, las iniciativas de monedas complementarias son fundamentales para buscar nuevas formas de hacer las cosas. Todo ello en base a valores progresistas como la justicia social y la sostenibilidad ambiental, mandando un mensaje a la sociedad acerca de la posibilidad de construir alternativas a las relaciones sociales capitalistas.<\/p>\n<p>Si bien no son alternativas econ\u00f3micas duraderas ante un sistema fuerte de moneda oficial, las monedas complementarias representan sistemas de dinero \u00fatiles para aspirar a un futuro m\u00e1s sostenible y local. Ejemplos de ello (figura 18) los encontramos tanto en Catalu\u00f1a como en Madrid, donde el mercado social y los movimientos de ecoredes (<em>ecoxarxes<\/em>) han experimentado un crecimiento significativo durante los \u00faltimos a\u00f1os. As\u00ed mismo, el movimiento 15M est\u00e1 jugando un papel importante en todo ello, usando los bancos de tiempo para ayudar a la creaci\u00f3n de tejido comunitario dentro de las ciudades, fomentando con ello la autoestima individual y la reciprocidad, as\u00ed como la autoorganizaci\u00f3n y la horizontalidad entre las personas. Iniciativas como la Asociaci\u00f3n para el Desarrollo de Bancos de Tiempo (ADBT), la Asociaci\u00f3n Salud y Fam\u00edlia (ASF), las cooperativas integrales que est\u00e1n empezando a extenderse m\u00e1s all\u00e1 de Catalu\u00f1a (CIC), y la expansi\u00f3n de los mercados sociales, son en general un buen augurio para el futuro de los sistemas monetarios complementarios en Espa\u00f1a.<\/p>\n<figure id=\"attachment_102\" aria-describedby=\"caption-attachment-102\" style=\"width: 530px\" class=\"wp-caption aligncenter\"><img loading=\"lazy\" class=\"size-full wp-image-102\" src=\"\/wp-content\/uploads\/2018\/10\/monedes_19.jpg\" alt=\"\" width=\"530\" height=\"438\" srcset=\"\/wp-content\/uploads\/2018\/10\/monedes_19.jpg 530w, \/wp-content\/uploads\/2018\/10\/monedes_19-300x248.jpg 300w\" sizes=\"(max-width: 530px) 100vw, 530px\" \/><figcaption id=\"caption-attachment-102\" class=\"wp-caption-text\">Figura 18<\/figcaption><\/figure>\n","protected":false},"excerpt":{"rendered":"<p>A finales de 2014 Neil Hughes llev\u00f3 a cabo un trabajo en el que se analizaba la situaci\u00f3n de las monedas complementarias espa\u00f1olas (figura 17). Para ello se procedi\u00f3 a un recuento de las iniciativas existentes en las distintas bases de datos nacionales. Se obtuvo un total de 372 iniciativas, de las cuales 290 eran [&hellip;]<\/p>\n","protected":false},"author":1,"featured_media":0,"parent":0,"menu_order":28,"comment_status":"closed","ping_status":"closed","template":"","meta":[],"_links":{"self":[{"href":"http:\/\/monedes-complementaries.recursos.uoc.edu\/es\/wp-json\/wp\/v2\/pages\/100"}],"collection":[{"href":"http:\/\/monedes-complementaries.recursos.uoc.edu\/es\/wp-json\/wp\/v2\/pages"}],"about":[{"href":"http:\/\/monedes-complementaries.recursos.uoc.edu\/es\/wp-json\/wp\/v2\/types\/page"}],"author":[{"embeddable":true,"href":"http:\/\/monedes-complementaries.recursos.uoc.edu\/es\/wp-json\/wp\/v2\/users\/1"}],"replies":[{"embeddable":true,"href":"http:\/\/monedes-complementaries.recursos.uoc.edu\/es\/wp-json\/wp\/v2\/comments?post=100"}],"version-history":[{"count":7,"href":"http:\/\/monedes-complementaries.recursos.uoc.edu\/es\/wp-json\/wp\/v2\/pages\/100\/revisions"}],"predecessor-version":[{"id":761,"href":"http:\/\/monedes-complementaries.recursos.uoc.edu\/es\/wp-json\/wp\/v2\/pages\/100\/revisions\/761"}],"wp:attachment":[{"href":"http:\/\/monedes-complementaries.recursos.uoc.edu\/es\/wp-json\/wp\/v2\/media?parent=100"}],"curies":[{"name":"wp","href":"https:\/\/api.w.org\/{rel}","templated":true}]}}