{"id":104,"date":"2018-10-08T11:30:47","date_gmt":"2018-10-08T09:30:47","guid":{"rendered":"http:\/\/monedes-complementaries.recursos.uoc.edu\/?page_id=104"},"modified":"2018-11-21T21:37:58","modified_gmt":"2018-11-21T19:37:58","slug":"2-4-4-la-caracterizacion-del-ciclo-de-vida","status":"publish","type":"page","link":"http:\/\/monedes-complementaries.recursos.uoc.edu\/es\/2-4-4-la-caracterizacion-del-ciclo-de-vida\/","title":{"rendered":"2.4.4. La caracterizaci\u00f3n del ciclo de vida"},"content":{"rendered":"<p>La experiencia existente en ciertos proyectos de monedas complementarias permite ver que la vida \u00fatil de iniciativas de esta \u00edndole suele ser corta. Esto es claramente evidente en algunos casos como los LETS en el Reino Unido y las monedas locales en los Estados Unidos. As\u00ed, por ejemplo, las evaluaciones de los LETS en el Reino Unido han puesto de manifiesto su potencial, pero tambi\u00e9n han identificado tanto las barreras internas como externas que les impiden el logro de los impactos deseados inicialmente. Estas iniciativas se han limitado a ser marginales, pero sin embargo eficaces y, por tanto, han decepcionado a quienes esperaban impactos significativos tras su implantaci\u00f3n generalizada. En este sentido, parece ser que estamos asistiendo al ciclo de vida natural de iniciativas experimentales de desarrollo comunitario, donde las buenas ideas inicialmente atraen la atenci\u00f3n, muestran un aumento en el inter\u00e9s de los usuarios y crecen (siempre y cuando est\u00e1n acompa\u00f1adas de financiaci\u00f3n para la creaci\u00f3n de las redes y la formaci\u00f3n de los usuarios). A continuaci\u00f3n, las iniciativas se estancan por no alcanzar la masa cr\u00edtica necesaria para su implantaci\u00f3n generalizada, por lo que poco a poco decrecen ya que los participantes se alejan, acerc\u00e1ndose a otros proyectos prometedores que se les ofrezca. Sus ciclos de vida no suelen superar los 4 o 5 a\u00f1os.<\/p>\n<p>Sin embargo, tambi\u00e9n existen ejemplos de iniciativas que est\u00e1n en permanente evoluci\u00f3n y crecimiento, estabiliz\u00e1ndose durante a\u00f1os en determinados pa\u00edses, como ser\u00eda el caso del Wir en Suiza. Por tanto, de lo anterior no se puede concluir que la trayectoria de todo proyecto de moneda complementaria sea siempre la de auge y ca\u00edda, habiendo incluso indicios acerca de la recuperaci\u00f3n del crecimiento de algunos sistemas que parec\u00eda que hab\u00edan tocado techo con anterioridad, como es el caso del Trueque argentino. Cierto es tambi\u00e9n que el reciente crecimiento de estas iniciativas es en parte como respuesta a la crisis econ\u00f3mica mundial que sufrimos desde el a\u00f1o 2008, as\u00ed como a la implantaci\u00f3n de las nuevas plataformas tecnol\u00f3gicas en l\u00ednea que hacen que la gesti\u00f3n de algunos sistemas sea m\u00e1s f\u00e1cil, \u00e1gil y segura. En este sentido tambi\u00e9n es destacable que algunos de los nuevos sistemas que aparecen en la actualidad est\u00e1n visiblemente distanci\u00e1ndose de culturas y estilos de vida meramente alternativos, present\u00e1ndose ya como modelos o iniciativas de car\u00e1cter general para alcanzar objetivos pol\u00edticos para la sostenibilidad. Este ser\u00eda el caso de las monedas por la transici\u00f3n, surgidos sobre todo en el Reino Unido. Si bien todav\u00eda son proyectos peque\u00f1os y en fase de expansi\u00f3n, es posible que m\u00e1s experiencias de monedas complementarias vayan siguiendo su ejemplo, m\u00e1s que el de los modelos antiguos asociados sobre todo a movimientos sociales fuertemente alternativos o contrarios al sistema vigente.<\/p>\n","protected":false},"excerpt":{"rendered":"<p>La experiencia existente en ciertos proyectos de monedas complementarias permite ver que la vida \u00fatil de iniciativas de esta \u00edndole suele ser corta. Esto es claramente evidente en algunos casos como los LETS en el Reino Unido y las monedas locales en los Estados Unidos. As\u00ed, por ejemplo, las evaluaciones de los LETS en el [&hellip;]<\/p>\n","protected":false},"author":1,"featured_media":0,"parent":0,"menu_order":29,"comment_status":"closed","ping_status":"closed","template":"","meta":[],"_links":{"self":[{"href":"http:\/\/monedes-complementaries.recursos.uoc.edu\/es\/wp-json\/wp\/v2\/pages\/104"}],"collection":[{"href":"http:\/\/monedes-complementaries.recursos.uoc.edu\/es\/wp-json\/wp\/v2\/pages"}],"about":[{"href":"http:\/\/monedes-complementaries.recursos.uoc.edu\/es\/wp-json\/wp\/v2\/types\/page"}],"author":[{"embeddable":true,"href":"http:\/\/monedes-complementaries.recursos.uoc.edu\/es\/wp-json\/wp\/v2\/users\/1"}],"replies":[{"embeddable":true,"href":"http:\/\/monedes-complementaries.recursos.uoc.edu\/es\/wp-json\/wp\/v2\/comments?post=104"}],"version-history":[{"count":1,"href":"http:\/\/monedes-complementaries.recursos.uoc.edu\/es\/wp-json\/wp\/v2\/pages\/104\/revisions"}],"predecessor-version":[{"id":105,"href":"http:\/\/monedes-complementaries.recursos.uoc.edu\/es\/wp-json\/wp\/v2\/pages\/104\/revisions\/105"}],"wp:attachment":[{"href":"http:\/\/monedes-complementaries.recursos.uoc.edu\/es\/wp-json\/wp\/v2\/media?parent=104"}],"curies":[{"name":"wp","href":"https:\/\/api.w.org\/{rel}","templated":true}]}}