{"id":106,"date":"2018-10-08T11:31:32","date_gmt":"2018-10-08T09:31:32","guid":{"rendered":"http:\/\/monedes-complementaries.recursos.uoc.edu\/?page_id=106"},"modified":"2018-12-20T03:06:55","modified_gmt":"2018-12-20T01:06:55","slug":"3-1-1-la-necesidad-de-un-desarrollo-local-y-sostenible","status":"publish","type":"page","link":"http:\/\/monedes-complementaries.recursos.uoc.edu\/es\/3-1-1-la-necesidad-de-un-desarrollo-local-y-sostenible\/","title":{"rendered":"3.1.1. La necesidad de un desarrollo local y sostenible"},"content":{"rendered":"<p>Las monedas complementarias constituyen una herramienta para el desarrollo local, pudi\u00e9ndose emplear tanto en el contexto de econom\u00edas m\u00e1s fr\u00e1giles, en localidades que ven reducido el gasto local que se orienta a las grandes superficies y pierden capacidad de renta en euros, pero tambi\u00e9n en territorios con mejores indicadores de renta y ocupabilidad, donde hay importantes recursos infrautilizados y sistemas de gesti\u00f3n ineficientes. Una administraci\u00f3n local puede encontrar en la emisi\u00f3n o facilitaci\u00f3n de monedas complementarias un efecto sin\u00e9rgico vinculado a diferentes de sus competencias: impulso al comercio local, atenci\u00f3n a colectivos en riesgo de exclusi\u00f3n, fomento de la ocupabilidad local, mejora de las relaciones vecinales, as\u00ed como soporte al tejido asociativo, a la gesti\u00f3n de residuos, a la recogida selectiva y a la prevenci\u00f3n de vertidos, entre otros. Las monedas complementarias presentan al mismo tiempo una serie de retos y oportunidades a la hora de fomentar un desarrollo local que adem\u00e1s sea sostenible, entendido \u00e9ste como aquel desarrollo que tiene lugar de forma integral, tanto a nivel social como econ\u00f3mico y medioambiental, y que satisface las necesidades de la generaci\u00f3n presente sin comprometer la capacidad de las generaciones futuras para satisfacer sus propias necesidades.<\/p>\n<p>Tal y como se ha comentado anteriormente en este curso, no hay modelos est\u00e1ndar de monedas complementarias y, por lo tanto, no hay proyectos que sean completamente id\u00e9nticos. Pueden ser muy parecidos, casi iguales, pero la coyuntura socioecon\u00f3mica del entorno donde se implanten las monedas complementarias ser\u00e1 determinante para caracterizar el proyecto resultante y, por lo tanto, para hacer de \u00e9se un proyecto \u00fanico. Se trata de modelos h\u00edbridos resultantes de la combinaci\u00f3n de diferentes clasificaciones y caracterizaciones, hechos a medida en funci\u00f3n de los objetivos perseguidos, de los agentes implicados y de los recursos disponibles, entre muchos de otros.<\/p>\n<p>En cualquier de los casos, y en relaci\u00f3n con las posibles restricciones geogr\u00e1ficas que pueda representar el t\u00e9rmino local donde se quiera implantar un determinado proyecto desde la administraci\u00f3n p\u00fablica, se debe dejar constancia de que esta configuraci\u00f3n h\u00edbrida de un sistema monetario complementario perseguir\u00e1 siempre el logro de un desarrollo local sostenible, pero nunca tendr\u00e1 razones o aspiraciones soberanistas, sino simplemente de dinamizaci\u00f3n y transformaci\u00f3n, tanto a nivel social como econ\u00f3mico y medioambiental.<\/p>\n","protected":false},"excerpt":{"rendered":"<p>Las monedas complementarias constituyen una herramienta para el desarrollo local, pudi\u00e9ndose emplear tanto en el contexto de econom\u00edas m\u00e1s fr\u00e1giles, en localidades que ven reducido el gasto local que se orienta a las grandes superficies y pierden capacidad de renta en euros, pero tambi\u00e9n en territorios con mejores indicadores de renta y ocupabilidad, donde hay [&hellip;]<\/p>\n","protected":false},"author":1,"featured_media":0,"parent":0,"menu_order":30,"comment_status":"closed","ping_status":"closed","template":"","meta":[],"_links":{"self":[{"href":"http:\/\/monedes-complementaries.recursos.uoc.edu\/es\/wp-json\/wp\/v2\/pages\/106"}],"collection":[{"href":"http:\/\/monedes-complementaries.recursos.uoc.edu\/es\/wp-json\/wp\/v2\/pages"}],"about":[{"href":"http:\/\/monedes-complementaries.recursos.uoc.edu\/es\/wp-json\/wp\/v2\/types\/page"}],"author":[{"embeddable":true,"href":"http:\/\/monedes-complementaries.recursos.uoc.edu\/es\/wp-json\/wp\/v2\/users\/1"}],"replies":[{"embeddable":true,"href":"http:\/\/monedes-complementaries.recursos.uoc.edu\/es\/wp-json\/wp\/v2\/comments?post=106"}],"version-history":[{"count":2,"href":"http:\/\/monedes-complementaries.recursos.uoc.edu\/es\/wp-json\/wp\/v2\/pages\/106\/revisions"}],"predecessor-version":[{"id":592,"href":"http:\/\/monedes-complementaries.recursos.uoc.edu\/es\/wp-json\/wp\/v2\/pages\/106\/revisions\/592"}],"wp:attachment":[{"href":"http:\/\/monedes-complementaries.recursos.uoc.edu\/es\/wp-json\/wp\/v2\/media?parent=106"}],"curies":[{"name":"wp","href":"https:\/\/api.w.org\/{rel}","templated":true}]}}