{"id":108,"date":"2018-10-08T11:33:28","date_gmt":"2018-10-08T09:33:28","guid":{"rendered":"http:\/\/monedes-complementaries.recursos.uoc.edu\/?page_id=108"},"modified":"2018-11-21T21:37:59","modified_gmt":"2018-11-21T19:37:59","slug":"3-1-2-el-papel-de-los-gobiernos-locales","status":"publish","type":"page","link":"http:\/\/monedes-complementaries.recursos.uoc.edu\/es\/3-1-2-el-papel-de-los-gobiernos-locales\/","title":{"rendered":"3.1.2. El papel de los gobiernos locales"},"content":{"rendered":"<p>Los gobiernos locales son un actor fundamental en la vida social, econ\u00f3mica y pol\u00edtica de las sociedades. Alrededor del 60% de las decisiones que se toman a nivel europeo tienen un impacto directo en los municipios, las provincias o las regiones, y alrededor de un 70-80% de las inversiones p\u00fablicas europeas son llevadas a cabo por los gobiernos locales. Todo esto prueba la importancia creciente de \u00e9stos, tanto en la econom\u00eda como en la vida ciudadana. Sin embargo, desde 2008 se han tenido que tomar decisiones pol\u00edticas para reducir presupuestos de manera significativa, mientras que las necesidades de las sociedades que han sufrido estos recortes no han desaparecido. As\u00ed mismo, una poblaci\u00f3n cada vez m\u00e1s voluminosa y de edad m\u00e1s avanzada, ha incrementado la demanda de servicios locales y municipales, especialmente en los sectores sociales y de la salud. Los comercios locales han encontrado tambi\u00e9n dificultades para sobrevivir en tiempos de austeridad y desocupaci\u00f3n, generando retos socioecon\u00f3micos por los municipios.<\/p>\n<p>El respaldo por parte de las instituciones p\u00fablicas a las monedas complementarias puede ofrecer precisamente una soluci\u00f3n potencial a estos recortes en los presupuestos p\u00fablicos, as\u00ed como una mejora de los servicios y las pol\u00edticas p\u00fablicas, m\u00e1s all\u00e1 del que se pueda comprar \u00fanicamente con dinero. A lo largo de la \u00faltima d\u00e9cada, un n\u00famero cada vez m\u00e1s significativo de gobiernos locales han jugado un rol de liderazgo en el dise\u00f1o y la implementaci\u00f3n de monedas complementarias, abordando retos clave tanto a nivel socioecon\u00f3mico como medioambiental. Concretamente, las monedas complementarias han tenido un impacto en cuatro \u00e1reas de alta prioridad para los gobiernos locales:<\/p>\n<ol>\n<li>La democratizaci\u00f3n y la mejora de la provisi\u00f3n de servicios.<\/li>\n<li>El respaldo a la econom\u00eda local y a las pymes.<\/li>\n<li>La lucha contra las desigualdades y la exclusi\u00f3n social.<\/li>\n<li>La reducci\u00f3n del impacto medioambiental.<\/li>\n<\/ol>\n<p>En cualquier caso, no se trata de cuatro \u00e1reas independientes, sino que pueden combinarse entre ellas. As\u00ed, por ejemplo, las monedas que mejoran la prestaci\u00f3n de servicios a menudo tienen tambi\u00e9n un impacto en la reducci\u00f3n de la exclusi\u00f3n social y las desigualdades. O las monedas que apoyan el comercio local y las pymes tambi\u00e9n abordan la reducci\u00f3n del impacto medioambiental mediante la relocalizaci\u00f3n de las cadenas de producci\u00f3n y distribuci\u00f3n.<\/p>\n<p>El nivel de implicaci\u00f3n o los roles que pueden jugar los gobiernos locales va desde el soporte de monedas hasta el liderazgo de proyectos completos. En particular:<\/p>\n<ul>\n<li><strong>Liderazgo<\/strong>. Poner en funcionamiento una moneda complementaria, convirti\u00e9ndose tanto en el operador l\u00edder como en el promotor.<\/li>\n<li><strong>Integraci\u00f3n<\/strong>. Estar implicado en el proyecto pero sin ser el ejecutor principal, integrando la moneda en su propio sistema mediante el pago a proveedores, el uso en contrataci\u00f3n p\u00fablica, el cobro de impuestos, o el pago de parte de los salarios de su personal.<\/li>\n<li><strong>Asociaci\u00f3n<\/strong>. Estar en igualdad de condiciones que el resto de organizaciones comprometidas con el lanzamiento de la moneda, ofreciendo soporte t\u00e9cnico para el proyecto, como por ejemplo en TIC o en estrategias de captaci\u00f3n de fondos, ayudando en procesos administrativos, desarrollando o invirtiendo en formaci\u00f3n, o asistiendo y apoyando en procesos de evaluaci\u00f3n.<\/li>\n<li><strong>Patrocinio<\/strong>. Patrocinar a nivel financiero a un grupo u organizaci\u00f3n para que \u00e9ste desarrolle un proyecto de moneda complementaria.<\/li>\n<li><strong>Participaci\u00f3n<\/strong>. Implicarse en el uso de la moneda, sin dar necesariamente soporte o sin integrarla en su propio sistema, pero permitiendo a las personas o a los negocios pagar por servicios en moneda sin ponerla nuevamente en circulaci\u00f3n, ofreciendo servicios poco demandados, o asumi\u00e9ndola como una no ganancia. Todo esto proporciona una validaci\u00f3n importante a la moneda, ampliando sus opciones de uso para los usuarios y dotando de confianza al proyecto.<\/li>\n<li><strong>Respaldo<\/strong>. Sin participar directamente, pero ofreciendo ayudas a trav\u00e9s del respaldo en el uso de la moneda, d\u00e1ndole validez y cobertura sin implicaci\u00f3n directa.<\/li>\n<\/ul>\n","protected":false},"excerpt":{"rendered":"<p>Los gobiernos locales son un actor fundamental en la vida social, econ\u00f3mica y pol\u00edtica de las sociedades. Alrededor del 60% de las decisiones que se toman a nivel europeo tienen un impacto directo en los municipios, las provincias o las regiones, y alrededor de un 70-80% de las inversiones p\u00fablicas europeas son llevadas a cabo [&hellip;]<\/p>\n","protected":false},"author":1,"featured_media":0,"parent":0,"menu_order":31,"comment_status":"closed","ping_status":"closed","template":"","meta":[],"_links":{"self":[{"href":"http:\/\/monedes-complementaries.recursos.uoc.edu\/es\/wp-json\/wp\/v2\/pages\/108"}],"collection":[{"href":"http:\/\/monedes-complementaries.recursos.uoc.edu\/es\/wp-json\/wp\/v2\/pages"}],"about":[{"href":"http:\/\/monedes-complementaries.recursos.uoc.edu\/es\/wp-json\/wp\/v2\/types\/page"}],"author":[{"embeddable":true,"href":"http:\/\/monedes-complementaries.recursos.uoc.edu\/es\/wp-json\/wp\/v2\/users\/1"}],"replies":[{"embeddable":true,"href":"http:\/\/monedes-complementaries.recursos.uoc.edu\/es\/wp-json\/wp\/v2\/comments?post=108"}],"version-history":[{"count":1,"href":"http:\/\/monedes-complementaries.recursos.uoc.edu\/es\/wp-json\/wp\/v2\/pages\/108\/revisions"}],"predecessor-version":[{"id":109,"href":"http:\/\/monedes-complementaries.recursos.uoc.edu\/es\/wp-json\/wp\/v2\/pages\/108\/revisions\/109"}],"wp:attachment":[{"href":"http:\/\/monedes-complementaries.recursos.uoc.edu\/es\/wp-json\/wp\/v2\/media?parent=108"}],"curies":[{"name":"wp","href":"https:\/\/api.w.org\/{rel}","templated":true}]}}