{"id":110,"date":"2018-10-08T11:34:52","date_gmt":"2018-10-08T09:34:52","guid":{"rendered":"http:\/\/monedes-complementaries.recursos.uoc.edu\/?page_id=110"},"modified":"2018-11-21T21:37:59","modified_gmt":"2018-11-21T19:37:59","slug":"3-1-3-una-serie-de-recomendaciones-para-la-mejora-de-los-resultados","status":"publish","type":"page","link":"http:\/\/monedes-complementaries.recursos.uoc.edu\/es\/3-1-3-una-serie-de-recomendaciones-para-la-mejora-de-los-resultados\/","title":{"rendered":"3.1.3. Una serie de recomendaciones para la mejora de los resultados"},"content":{"rendered":"<p>Con el fin de conseguir altos niveles de implicaci\u00f3n, los gobiernos locales deber\u00edan tener en consideraci\u00f3n una serie de factores clave:<\/p>\n<ul>\n<li><strong>Resultados claros<\/strong>. Para dise\u00f1ar monedas complementarias efectivas, los gobiernos locales deben ser claros en los resultados que est\u00e1n tratando de conseguir. Una visi\u00f3n clara permitir\u00e1, a aquellos que implementan la idea, entender mejor el prop\u00f3sito, seleccionar la tipolog\u00eda de moneda m\u00e1s adecuada y crear el caso. Los resultados claros ayudar\u00e1n a decidir sobre los actores clave y definir\u00e1n el objetivo y la escala de la moneda.<\/li>\n<li><strong>Co-dise\u00f1o<\/strong>. Para conseguir un buen desarrollo de una moneda, el co-dise\u00f1o con los potenciales <em>stakeholders<\/em> es esencial, fortaleciendo la implicaci\u00f3n y dando valor adicional en los momentos iniciales.<\/li>\n<li><strong>Caso de negocio<\/strong>. Para ganar respaldo y demostrar el valor social, econ\u00f3mico y medioambiental, hay que desarrollar un buen caso de negocio. Centrarse en los objetivos m\u00e1s que en los resultados es fundamental con el fin de entender los impactos a largo plazo.<\/li>\n<li><strong>Desarrollo y respaldo de arriba hacia abajo y de abajo hacia arriba<\/strong>. Para implementar una moneda complementaria se necesita tanto personal de gesti\u00f3n altamente calificado como personal que se dedique a la implementaci\u00f3n y que est\u00e9 comprometido. Para integrar completamente un sistema de moneda, los procesos y las ejecuciones deben adaptarse. Para fomentar al personal al trabajo de manera diferente es necesario que los jefes de servicio tambi\u00e9n promuevan el programa de manera interna.<\/li>\n<li><strong>Implicaci\u00f3n pol\u00edtica y del personal<\/strong>. Una implicaci\u00f3n fuerte, tanto a nivel pol\u00edtico como de gesti\u00f3n, son esenciales para el \u00e9xito de cualquier programa en cualquier gobierno local. El respaldo pol\u00edtico ser\u00e1 requerido para la aprobaci\u00f3n de una moneda complementaria, pero para una buena implementaci\u00f3n har\u00e1 falta tambi\u00e9n la implicaci\u00f3n del personal.<\/li>\n<li><strong>Evaluaci\u00f3n desde el principio<\/strong>. Para apoyar un compromiso constante con la moneda, son necesarias evaluaciones de impacto robustas. Estas deber\u00edan ser parte del dise\u00f1o de la moneda y ser introducidas desde el principio del programa.<\/li>\n<\/ul>\n<figure id=\"attachment_111\" aria-describedby=\"caption-attachment-111\" style=\"width: 507px\" class=\"wp-caption aligncenter\"><img loading=\"lazy\" class=\"size-full wp-image-111\" src=\"\/wp-content\/uploads\/2018\/10\/monedes_20.jpg\" alt=\"\" width=\"507\" height=\"281\" srcset=\"\/wp-content\/uploads\/2018\/10\/monedes_20.jpg 507w, \/wp-content\/uploads\/2018\/10\/monedes_20-300x166.jpg 300w\" sizes=\"(max-width: 507px) 100vw, 507px\" \/><figcaption id=\"caption-attachment-111\" class=\"wp-caption-text\">Figura 19<\/figcaption><\/figure>\n","protected":false},"excerpt":{"rendered":"<p>Con el fin de conseguir altos niveles de implicaci\u00f3n, los gobiernos locales deber\u00edan tener en consideraci\u00f3n una serie de factores clave: Resultados claros. Para dise\u00f1ar monedas complementarias efectivas, los gobiernos locales deben ser claros en los resultados que est\u00e1n tratando de conseguir. Una visi\u00f3n clara permitir\u00e1, a aquellos que implementan la idea, entender mejor el [&hellip;]<\/p>\n","protected":false},"author":1,"featured_media":0,"parent":0,"menu_order":32,"comment_status":"closed","ping_status":"closed","template":"","meta":[],"_links":{"self":[{"href":"http:\/\/monedes-complementaries.recursos.uoc.edu\/es\/wp-json\/wp\/v2\/pages\/110"}],"collection":[{"href":"http:\/\/monedes-complementaries.recursos.uoc.edu\/es\/wp-json\/wp\/v2\/pages"}],"about":[{"href":"http:\/\/monedes-complementaries.recursos.uoc.edu\/es\/wp-json\/wp\/v2\/types\/page"}],"author":[{"embeddable":true,"href":"http:\/\/monedes-complementaries.recursos.uoc.edu\/es\/wp-json\/wp\/v2\/users\/1"}],"replies":[{"embeddable":true,"href":"http:\/\/monedes-complementaries.recursos.uoc.edu\/es\/wp-json\/wp\/v2\/comments?post=110"}],"version-history":[{"count":1,"href":"http:\/\/monedes-complementaries.recursos.uoc.edu\/es\/wp-json\/wp\/v2\/pages\/110\/revisions"}],"predecessor-version":[{"id":112,"href":"http:\/\/monedes-complementaries.recursos.uoc.edu\/es\/wp-json\/wp\/v2\/pages\/110\/revisions\/112"}],"wp:attachment":[{"href":"http:\/\/monedes-complementaries.recursos.uoc.edu\/es\/wp-json\/wp\/v2\/media?parent=110"}],"curies":[{"name":"wp","href":"https:\/\/api.w.org\/{rel}","templated":true}]}}