{"id":116,"date":"2018-10-08T11:36:47","date_gmt":"2018-10-08T09:36:47","guid":{"rendered":"http:\/\/monedes-complementaries.recursos.uoc.edu\/?page_id=116"},"modified":"2018-11-21T21:38:00","modified_gmt":"2018-11-21T19:38:00","slug":"3-2-2-la-democratizacion-y-la-mejora-de-la-provision-de-servicios","status":"publish","type":"page","link":"http:\/\/monedes-complementaries.recursos.uoc.edu\/es\/3-2-2-la-democratizacion-y-la-mejora-de-la-provision-de-servicios\/","title":{"rendered":"3.2.2. La democratizaci\u00f3n y la mejora de la provisi\u00f3n de servicios"},"content":{"rendered":"<p>Las monedas complementarias son herramientas que pueden ser empleadas como instrumentos de pol\u00edtica p\u00fablica por parte de los gobiernos locales. En la provisi\u00f3n de servicios p\u00fablicos, las transacciones econ\u00f3micas son cada vez m\u00e1s preponderantes y la ciudadan\u00eda cada vez m\u00e1s se relaciona con estos servicios como consumidores (y no como ciudadanos activos), independientemente de que los servicios sean de ocio, educaci\u00f3n o salud. Las monedas complementarias pueden modificar las din\u00e1micas de estas relaciones cada vez m\u00e1s monetizadas, dot\u00e1ndolas de nuevo de su sentido social.<\/p>\n<ul>\n<li><strong>Satisfacci\u00f3n de las necesidades comunitarias<\/strong>. Cuando las personas necesitan implicarse con su propio tiempo y recursos para cubrir los servicios que han sido abandonados como consecuencia de los recortes presupuestarios, las desigualdades se vuelven extremas. Las monedas complementarias fomentan acciones proactivas que sirven para empoderar a las personas, pudiendo ser implementadas para crear comunidades y espacios m\u00e1s activos. Son respuestas pr\u00e1cticas a un amplio espectro de pol\u00edticas p\u00fablicas que no tratan de reemplazar o reducir los servicios p\u00fablicos, sino de transformarlos en m\u00e1s \u00fatiles e inclusivos. Permiten la conexi\u00f3n entre las personas, de una manera m\u00e1s activa, permitiendo la resoluci\u00f3n de las necesidades comunitarias.<\/li>\n<li><strong>Coproducci\u00f3n<\/strong>. Se trata de una nueva forma de provisi\u00f3n de servicios. Las monedas complementarias pueden mejorar positivamente las relaciones entre los servicios p\u00fablicos y los usuarios de \u00e9stos. En el contexto del sector p\u00fablico, la coproducci\u00f3n est\u00e1 siendo empleada cada vez m\u00e1s en la puesta en funcionamiento, dise\u00f1o y provisi\u00f3n de servicios. En lugar de intentar resolver las necesidades de las personas, la coproducci\u00f3n se enfoca en los recursos de la gente (tiempo, habilidades y especializaci\u00f3n), construyendo una relaci\u00f3n igualitaria con los usuarios que son a la vez dise\u00f1adores y proveedores de estos servicios. Este enfoque es opuesto al modelo tradicional de servicios p\u00fablicos, orientado de arriba hacia abajo y de forma centralizada, el cual considera a los usuarios como receptores pasivos de estos servicios. La coproducci\u00f3n, y el uso de las monedas complementarias para fomentarla, ha ganado terreno a nivel pol\u00edtico como posible alternativa ante los recortes presupuestarios. Las monedas complementarias ofrecen una herramienta para liberar el potencial de la coproducci\u00f3n, incentivando la contribuci\u00f3n del p\u00fablico en general a los servicios p\u00fablicos, as\u00ed como aportando nuevas ideas y posibilidades de provisi\u00f3n de estos servicios de una forma eficiente, fortaleciendo iniciativas comunitarias independientes, reconociendo talentos y actividades no valoradas por la econom\u00eda de mercado, y creando sus propias din\u00e1micas de interacci\u00f3n e intercambio.<\/li>\n<\/ul>\n","protected":false},"excerpt":{"rendered":"<p>Las monedas complementarias son herramientas que pueden ser empleadas como instrumentos de pol\u00edtica p\u00fablica por parte de los gobiernos locales. En la provisi\u00f3n de servicios p\u00fablicos, las transacciones econ\u00f3micas son cada vez m\u00e1s preponderantes y la ciudadan\u00eda cada vez m\u00e1s se relaciona con estos servicios como consumidores (y no como ciudadanos activos), independientemente de que [&hellip;]<\/p>\n","protected":false},"author":1,"featured_media":0,"parent":0,"menu_order":33,"comment_status":"closed","ping_status":"closed","template":"","meta":[],"_links":{"self":[{"href":"http:\/\/monedes-complementaries.recursos.uoc.edu\/es\/wp-json\/wp\/v2\/pages\/116"}],"collection":[{"href":"http:\/\/monedes-complementaries.recursos.uoc.edu\/es\/wp-json\/wp\/v2\/pages"}],"about":[{"href":"http:\/\/monedes-complementaries.recursos.uoc.edu\/es\/wp-json\/wp\/v2\/types\/page"}],"author":[{"embeddable":true,"href":"http:\/\/monedes-complementaries.recursos.uoc.edu\/es\/wp-json\/wp\/v2\/users\/1"}],"replies":[{"embeddable":true,"href":"http:\/\/monedes-complementaries.recursos.uoc.edu\/es\/wp-json\/wp\/v2\/comments?post=116"}],"version-history":[{"count":1,"href":"http:\/\/monedes-complementaries.recursos.uoc.edu\/es\/wp-json\/wp\/v2\/pages\/116\/revisions"}],"predecessor-version":[{"id":117,"href":"http:\/\/monedes-complementaries.recursos.uoc.edu\/es\/wp-json\/wp\/v2\/pages\/116\/revisions\/117"}],"wp:attachment":[{"href":"http:\/\/monedes-complementaries.recursos.uoc.edu\/es\/wp-json\/wp\/v2\/media?parent=116"}],"curies":[{"name":"wp","href":"https:\/\/api.w.org\/{rel}","templated":true}]}}