{"id":118,"date":"2018-10-08T11:37:43","date_gmt":"2018-10-08T09:37:43","guid":{"rendered":"http:\/\/monedes-complementaries.recursos.uoc.edu\/?page_id=118"},"modified":"2018-11-21T21:38:00","modified_gmt":"2018-11-21T19:38:00","slug":"3-2-3-el-apoyo-a-la-economia-local-y-a-las-pymes","status":"publish","type":"page","link":"http:\/\/monedes-complementaries.recursos.uoc.edu\/es\/3-2-3-el-apoyo-a-la-economia-local-y-a-las-pymes\/","title":{"rendered":"3.2.3. El apoyo a la econom\u00eda local y a las pymes"},"content":{"rendered":"<p>Un sistema financiero diversificado y orientado a las necesidades de las econom\u00edas locales es esencial para una econom\u00eda sana. Las \u00e1reas comerciales, con una mezcla de diferentes tipolog\u00edas de comercios locales, crean una econom\u00eda m\u00e1s resiliente a los cambios externos, a la vez que m\u00e1s gratificante tanto para los propios residentes como para los visitantes. Las monedas complementarias pueden contrarrestar pues la dominaci\u00f3n de las grandes corporaciones, mediante el respaldo a esta diversidad de pymes y la educaci\u00f3n a los consumidores en relaci\u00f3n con la libertad de elecci\u00f3n que \u00e9stos pueden llevar a cabo. Estas monedas incentivan las ventas y mejoran la productividad y la resiliencia de los comercios a los cambios de la econom\u00eda.<\/p>\n<ul>\n<li><strong>Mejora del flujo de caja<\/strong>. Pueden ayudar a las pymes a apoyarse financieramente entre ellas, dando y recibiendo cr\u00e9dito, bienes y servicios dentro de la red comercial, y reduciendo pues la necesidad de efectivo (reserv\u00e1ndolo para los gastos operacionales) y la dependencia de los bancos.<\/li>\n<li><strong>Creaci\u00f3n de redes comerciales s\u00f3lidas<\/strong>. Pueden ofrecer a los comercios una oportunidad de crear redes entre ellos, proporcionando una plataforma donde anunciar su trabajo a los otros miembros, generando un incremento de las ventas gracias a que los compradores buscan oportunidades de negocio dentro de la propia red. Los negocios pueden identificar criterios \u00e9ticos en el intercambio que llevan a cabo (reducci\u00f3n de la huella ecol\u00f3gica o mantenimiento de la producci\u00f3n local) o simplemente reconocer la ventaja comercial del incremento de los intercambios. Estas interacciones entre negocios fomentan las relaciones a largo plazo entre las pymes del mismo sector.<\/li>\n<li><strong>Uso del capital infrautilizado<\/strong>. La mayor\u00eda de los negocios no operan al 100% de su potencial. Los beneficios comerciales que implica el hecho de conectar activos infrautilizados con necesidades no satisfechas son muy claros y evidentes. Pues bien, las monedas complementarias permiten a los negocios poner a disposici\u00f3n de otros sus activos infrautilizados a cambio de monedas que, posteriormente, ser\u00e1n empleadas para la compra de bienes o servicios de otros negocios. Un claro ejemplo de esto son las butacas vac\u00edas de los cines, que podr\u00edan ofrecerse a \u00faltima hora por moneda complementaria, la cual posteriormente ser\u00eda utilizada por el propio cine para la adquisici\u00f3n de bienes o servicios de otros miembros de la red.<\/li>\n<li><strong>Mantenimiento del dinero circulante localmente<\/strong>. Inyectar dinero en una zona es poco \u00fatil si este dinero huye hacia afuera. Esto es precisamente lo que sucede con el dinero de curso oficial. Las monedas que son espec\u00edficas de una zona geogr\u00e1fica ofrecen la posibilidad de mantener el dinero en su propia zona local durante m\u00e1s tiempo. Si se llega a una determinada masa cr\u00edtica de negocios e individuos que utilicen la moneda complementaria, se puede crear una red de refuerzo mutuo entre compradores y vendedores locales. Cuanto m\u00e1s pymes acepten la moneda, m\u00e1s individuos ser\u00e1n estimulados a comprar con ella. As\u00ed mismo, estas pymes podr\u00e1n reutilizar los beneficios de las monedas complementarias a trav\u00e9s de intercambios con otras pymes u ofrecerlos como bonificaciones a su personal. La utilizaci\u00f3n de dinero que solamente se pueden gastar en la econom\u00eda local crea un c\u00edrculo virtuoso de gasto y reinversi\u00f3n.<\/li>\n<li><strong>Educaci\u00f3n de los consumidores<\/strong>. Los proyectos de monedas complementarias pueden estimular la reflexi\u00f3n y la discusi\u00f3n sobre c\u00f3mo funcionan el dinero y qu\u00e9 impacto tiene en la econom\u00eda local. Un mayor conocimiento de las dimensiones socioecon\u00f3micas del comportamiento de los consumidores puede tener beneficios directos sobre la econom\u00eda local, a trav\u00e9s del aumento de clientes en los comercios participantes.<\/li>\n<li><strong>Incremento de la fidelizaci\u00f3n de los clientes<\/strong>. Los proyectos de monedas complementarias pueden fidelizar a los consumidores en relaci\u00f3n con los valores compartidos que representan, lo cual se traduce en un impulso del volumen de pymes participantes puesto que los clientes buscar\u00e1n la participaci\u00f3n de comercios de la red para gastar su dinero local.<\/li>\n<\/ul>\n","protected":false},"excerpt":{"rendered":"<p>Un sistema financiero diversificado y orientado a las necesidades de las econom\u00edas locales es esencial para una econom\u00eda sana. Las \u00e1reas comerciales, con una mezcla de diferentes tipolog\u00edas de comercios locales, crean una econom\u00eda m\u00e1s resiliente a los cambios externos, a la vez que m\u00e1s gratificante tanto para los propios residentes como para los visitantes. [&hellip;]<\/p>\n","protected":false},"author":1,"featured_media":0,"parent":0,"menu_order":34,"comment_status":"closed","ping_status":"closed","template":"","meta":[],"_links":{"self":[{"href":"http:\/\/monedes-complementaries.recursos.uoc.edu\/es\/wp-json\/wp\/v2\/pages\/118"}],"collection":[{"href":"http:\/\/monedes-complementaries.recursos.uoc.edu\/es\/wp-json\/wp\/v2\/pages"}],"about":[{"href":"http:\/\/monedes-complementaries.recursos.uoc.edu\/es\/wp-json\/wp\/v2\/types\/page"}],"author":[{"embeddable":true,"href":"http:\/\/monedes-complementaries.recursos.uoc.edu\/es\/wp-json\/wp\/v2\/users\/1"}],"replies":[{"embeddable":true,"href":"http:\/\/monedes-complementaries.recursos.uoc.edu\/es\/wp-json\/wp\/v2\/comments?post=118"}],"version-history":[{"count":3,"href":"http:\/\/monedes-complementaries.recursos.uoc.edu\/es\/wp-json\/wp\/v2\/pages\/118\/revisions"}],"predecessor-version":[{"id":236,"href":"http:\/\/monedes-complementaries.recursos.uoc.edu\/es\/wp-json\/wp\/v2\/pages\/118\/revisions\/236"}],"wp:attachment":[{"href":"http:\/\/monedes-complementaries.recursos.uoc.edu\/es\/wp-json\/wp\/v2\/media?parent=118"}],"curies":[{"name":"wp","href":"https:\/\/api.w.org\/{rel}","templated":true}]}}