{"id":120,"date":"2018-10-08T11:38:33","date_gmt":"2018-10-08T09:38:33","guid":{"rendered":"http:\/\/monedes-complementaries.recursos.uoc.edu\/?page_id=120"},"modified":"2018-11-21T21:38:01","modified_gmt":"2018-11-21T19:38:01","slug":"3-2-4-la-lucha-contra-las-desigualdades-y-la-exclusion-social","status":"publish","type":"page","link":"http:\/\/monedes-complementaries.recursos.uoc.edu\/es\/3-2-4-la-lucha-contra-las-desigualdades-y-la-exclusion-social\/","title":{"rendered":"3.2.4. La lucha contra las desigualdades y la exclusi\u00f3n social"},"content":{"rendered":"<p>Hacer tareas de voluntariado y de participaci\u00f3n comunitaria implica disponer de un tiempo disponible y de un dinero que ya cubra las necesidades, que no todo el mundo tiene. Las monedas complementarias pueden ayudar a superar desigualdades de tiempo libre y dinero, redistribuyendo recursos de un modo m\u00e1s equitativo.<\/p>\n<ul>\n<li><strong>Participaci\u00f3n social<\/strong>. La exclusi\u00f3n de ciertos grupos de la vida social debilita las relaciones comunitarias. Las monedas complementarias pueden dinamizar el tejido social y asegurar que todos los grupos de personas tengan las mismas posibilidades de implicarse a nivel comunitario. Si bien las monedas complementarias por s\u00ed mismas no pueden solucionar desigualdades sociales, econ\u00f3micas y pol\u00edticas, pues son cuestiones estructurales que requieren cambios estructurales, si que pueden luchar contra algunos de los efectos y causas de la exclusi\u00f3n social. Implicarse en trabajo voluntario ofrece muchas ventajas para las personas socialmente excluidas y econ\u00f3micamente marginadas. Es una oportunidad para crear nuevas relaciones y darse cuenta del valor de un mismo. El trabajo en este tipo de proyecto supone un amplio valor para el resto de la comunidad, movilizando el talento y las capacidades de los residentes locales.<\/li>\n<li><strong>Respaldo a la econom\u00eda de los cuidados<\/strong>. Las redes y relaciones de confianza dentro de una comunidad forman las bases de la vida social y nutren la base sobre la que la econom\u00eda formal del dinero y los mercados crece. No obstante, al no estar remunerado, el valor que supone el cuidado de las familias ayudando con la crianza de los ni\u00f1os, la ayuda a los vecinos, la realizaci\u00f3n de las tareas del hogar, limpiando o llevando las finanzas, generalmente no se reconoce como una parte de la econom\u00eda formal. Todas las tareas diarias de mantener y alimentar a la sociedad y las vidas que lo hacen posible, constituye la econom\u00eda de los cuidados, pues sin ellos la vida tal y como la conocemos no se podr\u00eda sostener. Se pueden hacer muchas cosas para apoyar y fortalecer esta econom\u00eda, as\u00ed como para darle m\u00e1s valor y reconocer la importancia de la contribuci\u00f3n de lo que esta econom\u00eda consigue sin necesidad de ponerle un precio espec\u00edfico. Aqu\u00ed es precisamente donde las monedas complementarias pueden tambi\u00e9n demostrar su val\u00eda.<\/li>\n<li><strong>Desigualdad y exclusi\u00f3n social<\/strong>. Las monedas complementarias no solucionan las desigualdades ni la exclusi\u00f3n social, pero ofrecen una herramienta muy valiosa. Uno de los factores m\u00e1s importantes para reducir la desigualdad es el empoderamiento. Este tipo de monedas pueden ayudar a redistribuir formas de poder de aquellos que ya lo tienen hacia aquellos que no lo tienen. El empoderamiento y la val\u00eda personal van de la mano. Las monedas complementarias facilitan actividades voluntarias que permiten a sus participantes conseguir nuevas experiencias que ofrecen recompensas intr\u00ednsecas, como por ejemplo la autoestima, pero tambi\u00e9n extr\u00ednsecas, como por ejemplo la aplicaci\u00f3n de las habilidades adquiridas en el trabajo remunerado y la educaci\u00f3n formal. Los proyectos de monedas complementarias pueden dirigirse a desigualdades educacionales, de aprendizaje y de ocupabilidad, permitiendo a aquellos quienes tienen menos oportunidades ganar las habilidades necesarias buscadas por los empleadores e, incluso, poni\u00e9ndolos en igualdad de condiciones con aquellos que tienen un estatus m\u00e1s privilegiado.<\/li>\n<li><strong>Mejora del bienestar individual y de la salud<\/strong>. El bienestar considera c\u00f3mo las personas se sienten, funcionan y eval\u00faan sus vidas. Las monedas complementarias pueden contribuir significativamente a la mejora del bienestar personal, proporcionando oportunidades para el contacto social y el fomento de la autoestima. Ofrecen posibilidades de socializaci\u00f3n y de aprendizaje a grupos que son excluidos del mundo del trabajo. A la vez, niveles de bienestar m\u00e1s altos generalmente van asociados a otros resultados positivos, como la mejora de la salud f\u00edsica.<\/li>\n<\/ul>\n","protected":false},"excerpt":{"rendered":"<p>Hacer tareas de voluntariado y de participaci\u00f3n comunitaria implica disponer de un tiempo disponible y de un dinero que ya cubra las necesidades, que no todo el mundo tiene. Las monedas complementarias pueden ayudar a superar desigualdades de tiempo libre y dinero, redistribuyendo recursos de un modo m\u00e1s equitativo. Participaci\u00f3n social. La exclusi\u00f3n de ciertos [&hellip;]<\/p>\n","protected":false},"author":1,"featured_media":0,"parent":0,"menu_order":35,"comment_status":"closed","ping_status":"closed","template":"","meta":[],"_links":{"self":[{"href":"http:\/\/monedes-complementaries.recursos.uoc.edu\/es\/wp-json\/wp\/v2\/pages\/120"}],"collection":[{"href":"http:\/\/monedes-complementaries.recursos.uoc.edu\/es\/wp-json\/wp\/v2\/pages"}],"about":[{"href":"http:\/\/monedes-complementaries.recursos.uoc.edu\/es\/wp-json\/wp\/v2\/types\/page"}],"author":[{"embeddable":true,"href":"http:\/\/monedes-complementaries.recursos.uoc.edu\/es\/wp-json\/wp\/v2\/users\/1"}],"replies":[{"embeddable":true,"href":"http:\/\/monedes-complementaries.recursos.uoc.edu\/es\/wp-json\/wp\/v2\/comments?post=120"}],"version-history":[{"count":1,"href":"http:\/\/monedes-complementaries.recursos.uoc.edu\/es\/wp-json\/wp\/v2\/pages\/120\/revisions"}],"predecessor-version":[{"id":121,"href":"http:\/\/monedes-complementaries.recursos.uoc.edu\/es\/wp-json\/wp\/v2\/pages\/120\/revisions\/121"}],"wp:attachment":[{"href":"http:\/\/monedes-complementaries.recursos.uoc.edu\/es\/wp-json\/wp\/v2\/media?parent=120"}],"curies":[{"name":"wp","href":"https:\/\/api.w.org\/{rel}","templated":true}]}}