{"id":122,"date":"2018-10-08T11:40:27","date_gmt":"2018-10-08T09:40:27","guid":{"rendered":"http:\/\/monedes-complementaries.recursos.uoc.edu\/?page_id=122"},"modified":"2018-11-21T21:38:01","modified_gmt":"2018-11-21T19:38:01","slug":"3-2-5-la-reduccion-del-impacto-ambiental","status":"publish","type":"page","link":"http:\/\/monedes-complementaries.recursos.uoc.edu\/es\/3-2-5-la-reduccion-del-impacto-ambiental\/","title":{"rendered":"3.2.5. La reducci\u00f3n del impacto ambiental"},"content":{"rendered":"<p>El bienestar de las personas tambi\u00e9n depende de un medioambiente sano. Las monedas complementarias juegan un rol importante en los esfuerzos para valorar los recursos finitos del planeta, superar la doctrina del crecimiento econ\u00f3mico infinito o incentivar comportamientos m\u00e1s sostenibles.<\/p>\n<ul>\n<li><strong>Incentivaci\u00f3n del comportamiento sostenible<\/strong>. Las monedas complementarias pueden dise\u00f1arse con objetivos ecol\u00f3gicos en mente, pudiendo dirigir comportamientos y cambios en los patrones de consumo que ahorren energ\u00eda, reduzcan residuos, promuevan la producci\u00f3n de alimentaci\u00f3n ecol\u00f3gica, o movilicen inversiones en energ\u00edas renovables, entre otros.<\/li>\n<li><strong>Valoraci\u00f3n de los recursos naturales<\/strong>. Las monedas complementarias, en la medida que reflejen las capacidades naturales del planeta, pueden promover consumos m\u00e1s sostenibles y generar fondos para invertir en la producci\u00f3n de energ\u00edas renovables.<\/li>\n<li><strong>Respaldo de las pr\u00e1cticas sostenibles de los negocios<\/strong>. Las monedas complementarias fomentan que los negocios adopten pr\u00e1cticas m\u00e1s sostenibles. Pueden basarse en sistemas de recompensa o gratificaci\u00f3n, lo cual incentiva la compra de productos m\u00e1s sostenibles entre los consumidores (que reciben un descuento para futuras compras) y las ventas entre los comercios (con el potencial incremento de ventas que representa este incentivo). Tambi\u00e9n pueden basarse en la trazabilidad de las cadenas de producci\u00f3n y distribuci\u00f3n, fomentando que los proveedores locales se unan en el programa, lo cual otorga nuevas oportunidades a los negocios y a los consumidores para gastar el dinero localmente, reduciendo emisiones de carbono generadas por el transporte de mercanc\u00edas.<\/li>\n<\/ul>\n","protected":false},"excerpt":{"rendered":"<p>El bienestar de las personas tambi\u00e9n depende de un medioambiente sano. Las monedas complementarias juegan un rol importante en los esfuerzos para valorar los recursos finitos del planeta, superar la doctrina del crecimiento econ\u00f3mico infinito o incentivar comportamientos m\u00e1s sostenibles. Incentivaci\u00f3n del comportamiento sostenible. Las monedas complementarias pueden dise\u00f1arse con objetivos ecol\u00f3gicos en mente, pudiendo [&hellip;]<\/p>\n","protected":false},"author":1,"featured_media":0,"parent":0,"menu_order":36,"comment_status":"closed","ping_status":"closed","template":"","meta":[],"_links":{"self":[{"href":"http:\/\/monedes-complementaries.recursos.uoc.edu\/es\/wp-json\/wp\/v2\/pages\/122"}],"collection":[{"href":"http:\/\/monedes-complementaries.recursos.uoc.edu\/es\/wp-json\/wp\/v2\/pages"}],"about":[{"href":"http:\/\/monedes-complementaries.recursos.uoc.edu\/es\/wp-json\/wp\/v2\/types\/page"}],"author":[{"embeddable":true,"href":"http:\/\/monedes-complementaries.recursos.uoc.edu\/es\/wp-json\/wp\/v2\/users\/1"}],"replies":[{"embeddable":true,"href":"http:\/\/monedes-complementaries.recursos.uoc.edu\/es\/wp-json\/wp\/v2\/comments?post=122"}],"version-history":[{"count":1,"href":"http:\/\/monedes-complementaries.recursos.uoc.edu\/es\/wp-json\/wp\/v2\/pages\/122\/revisions"}],"predecessor-version":[{"id":123,"href":"http:\/\/monedes-complementaries.recursos.uoc.edu\/es\/wp-json\/wp\/v2\/pages\/122\/revisions\/123"}],"wp:attachment":[{"href":"http:\/\/monedes-complementaries.recursos.uoc.edu\/es\/wp-json\/wp\/v2\/media?parent=122"}],"curies":[{"name":"wp","href":"https:\/\/api.w.org\/{rel}","templated":true}]}}