{"id":124,"date":"2018-10-08T11:45:58","date_gmt":"2018-10-08T09:45:58","guid":{"rendered":"http:\/\/monedes-complementaries.recursos.uoc.edu\/?page_id=124"},"modified":"2020-11-21T19:01:28","modified_gmt":"2020-11-21T17:01:28","slug":"bibliografia-y-otros-recursos-de-interes","status":"publish","type":"page","link":"http:\/\/monedes-complementaries.recursos.uoc.edu\/es\/bibliografia-y-otros-recursos-de-interes\/","title":{"rendered":"Bibliograf\u00eda y otros recursos de inter\u00e9s"},"content":{"rendered":"<h2><strong>Bibliograf\u00eda<\/strong><\/h2>\n<p>Art\u00edculos del International Journal of Community Currency Research (IJCCR).<\/p>\n<p>Art\u00edculos y presentaciones de la IV Conferencia Internacional de Monedas Sociales\u00a0 y Complementarias.<\/p>\n<p>Bibliography of Community Currency Research (CC-Literature).<\/p>\n<p>Community Currency Knowledge Gateway.<\/p>\n<p>Complementary Currency Resource Center.<\/p>\n<p>Instituto de la Moneda Social (IMS).<\/p>\n<p>Research Association on Monetary Innovation and Community and Complementary Currency Systems (RAMICS).<\/p>\n<h2><strong>Recursos de inter\u00e9s<\/strong><\/h2>\n<p>Bases de datos existentes en Espa\u00f1a que, si bien a nivel parcial, muestran algunas de las iniciativas de monedas complementarias existentes:<\/p>\n<ul>\n<li><a href=\"http:\/\/dineroyvalores.wixsite.com\/dineroyvalores\" target=\"_blank\" rel=\"noopener\">IV Conferencia Internacional de Monedas Sociales y Complementarias<\/a><\/li>\n<li><a href=\"https:\/\/community-exchange.org\/joinexchange.asp?country=ES\" target=\"_blank\" rel=\"noopener\">Base de datos CES<\/a><\/li>\n<li><a href=\"https:\/\/www.integralces.net\/ca\/ces\/bank\/exchange\/list\/ES\" target=\"_blank\" rel=\"noopener\">Base de datos IntegralCES<\/a><\/li>\n<li><a href=\"https:\/\/15mpedia.org\/wiki\/Lista_de_bancos_de_tiempo\" target=\"_blank\" rel=\"noopener\">Lista de bancos de tiempo (15M)<\/a><\/li>\n<li><a href=\"http:\/\/www.bdtonline.org\/\" target=\"_blank\" rel=\"noopener\">Mapa colaborativo de bancos de tiempo<\/a><\/li>\n<li><a href=\"http:\/\/mapa.vivirsinempleo.org\/map\/\" target=\"_blank\" rel=\"noopener\">Mapa colaborativo de monedas sociales (Vivir sin empleo)<\/a><\/li>\n<\/ul>\n<p><strong>Corrons, August<\/strong> (2018). <em>An\u00e1lisis de la influencia de los valores humanos y las actitudes en el proceso de adopci\u00f3n de redes virtuales de intercambio no monetario<\/em>. Tesi doctoral presentada a la Universitat Jaume I (2018).<\/p>\n<p><strong>Corrons, August<\/strong> (2017). \u00abEl reto de diversificar los medios de intercambio\u00bb. <em>Barcelona metr\u00f2polis. Capital en transformaci\u00f3<\/em> (n\u00fam. 105, p\u00e0g. 68-71).<\/p>\n<p><strong>Corrons, August<\/strong> (2017). \u00abMonedas complementarias: dinero con valores\u00bb. <em>International Journal of Organizations<\/em> (n\u00fam. 18, p\u00e0g. 109-134).<\/p>\n<p><strong>Corrons, August<\/strong> (2015). <em>Monedas complementarias en pro de la sostenibilidad y el desarrollo<\/em><strong>. <\/strong>Treball de recerca presentat a la Universitat Jaume I.<\/p>\n<p><strong>Diversos autores<\/strong> (2016). \u00abMonedas sociales y complementarias\u00bb, estudio encargado por el Comisionado de Econom\u00eda Cooperativa, Social y Solidaria del Ayuntamiento de Barcelona.<\/p>\n<p><strong>Diputaci\u00f3 de Barcelona<\/strong> (2016). \u00abExperi\u00e8ncies d\u2019economia social i solid\u00e0ria als municipis\u00bb. Estudi de la Diputaci\u00f3 de Barcelona.<\/p>\n<p><strong>Diputaci\u00f3 de Barcelona<\/strong> (2015). \u00abGuia d\u2019economia social i solid\u00e0ria per a l\u2019Administraci\u00f3 local\u00bb. Estudi de la Diputaci\u00f3 de Barcelona.<\/p>\n<p><strong>Hirota, Yasuyuki <\/strong>(2017). <em>Monedas sociales y complementarias (MSCs): Sus valores socioecon\u00f3micos para distintos stakeholders<\/em>. Tesi doctoral presentada a la Universitat de Val\u00e8ncia.<\/p>\n<p><strong>Hughes, Neil <\/strong>(2015). \u00abThe community currency scene in Spain\u00bb. <em>International Journal of Community Currency Research <\/em>(vol. 19, secci\u00f3 A, p\u00e0g. 1-11).<\/p>\n<p><strong>Kennedy, Margrit; Lietaer, Bernard i Rogers, John<\/strong> (2012). <em>People Money &#8211; The Promise of Regional Currencies<\/em>.<\/p>\n<p><strong>Lietaer, Bernard <\/strong>(2005). <em>El futuro del dinero: c\u00f3mo crear nueva riqueza, trabajo y un mundo m\u00e1s sensato<\/em>. Coedici\u00f3: Errepar\/Longseller.<\/p>\n<p><strong>Lietaer, Bernard i Kennedy, Margrit <\/strong>(2010). <em>Monedas regionales: nuevos instrumentos para una prosperidad sustentable<\/em>. La Hidra de Lerna Ediciones.<\/p>\n<p><strong>Lietaer, Bernard <em>et al<\/em><\/strong>. (2008). <em>Opciones para gestionar la crisis sist\u00e9mica de la banca<\/em>.<\/p>\n<p><strong>Lietaer, Bernard <em>et al<\/em><\/strong>. \u00abMoney &amp; Sustainability: The Missing Link\u00bb. The Club of Rome \u2013 EU chapter.<\/p>\n<p><strong>Llobera, Francisco<\/strong> (2015). \u00abManual para el dise\u00f1o de monedas locales de iniciativa municipal\u00bb.<\/p>\n<p><strong>New Economics Foundation<\/strong> (2015). \u00abCommunity Currencies &#8211; Opportunities and Challenges for Local Government\u00bb, estudi dins del projecte Community Currencies in Action (CCIA).<\/p>\n<p><strong>New Economics Foundation<\/strong> (2015). \u00abPeople Powered Money: designing, developing and delivering community currencies\u00bb, estudi dins del projecte Community Currencies in Action (CCIA).<\/p>\n<p><strong>New Economics Foundation<\/strong> (2002). \u00abPlugging the Leaks &#8211; Making the most of every pound that enters your local economy\u00bb.<strong>\u00a0<\/strong><\/p>\n<p><strong>North, Peter<\/strong> (2011). <em>Local Money \u2013 How to make it happen in your community<\/em>.<\/p>\n<p><strong>Paiva, Ranulfo<\/strong> (2016). \u00abDinero y sostenibilidad: conceptos que todo l\u00edder debe saber\u00bb [curso].<\/p>\n<p><strong>Paiva, Ranulfo<\/strong> (2015). <em>C\u00f3mo crear nuestro dinero y construir sostenibilidad<\/em>.<\/p>\n<p><strong>Paiva, Ranulfo<\/strong> (2015). <em>This is the mutual credit clearing system<\/em>.<\/p>\n<p><strong>Paiva, Ranulfo i C\u00f3rdoba, Karla<\/strong> (2017). \u00abIntroducci\u00f3n pragm\u00e1tica a la sostenibilidad\u00bb [curso].<\/p>\n<p><strong>Paiva, Ranulfo i C\u00f3rdoba, Karla<\/strong> (2015). <em>Nuevo dinero para la sostenibilidad<\/em>.<\/p>\n<p><strong>Reserva de la Biosfera de Lanzarote<\/strong> (2013). \u00abLa moneda social \u2013 Instrumento de desarrollo local y sostenible\u00bb.<\/p>\n<p><strong>Seyfang, Gill y Longhurst, Noel <\/strong>(2013). \u00abGrowing Green Money? Mapping Community Currencies for Sustainable Development\u00bb. <em>Ecological Economics<\/em> (vol. 86, p\u00e0g. 65-77). Elsevier.<\/p>\n<p><strong>Seyfang, Gill y Longhurst, Noel<\/strong> (2012). \u00abMoney, Money, Money? A scoping study of community currencies\u00bb. Academic papers Complementary Currencies GICC (Grassroots Innovations: Complementary Currencies) Publications.<\/p>\n","protected":false},"excerpt":{"rendered":"<p>Bibliograf\u00eda Art\u00edculos del International Journal of Community Currency Research (IJCCR). Art\u00edculos y presentaciones de la IV Conferencia Internacional de Monedas Sociales\u00a0 y Complementarias. Bibliography of Community Currency Research (CC-Literature). Community Currency Knowledge Gateway. Complementary Currency Resource Center. Instituto de la Moneda Social (IMS). Research Association on Monetary Innovation and Community and Complementary Currency Systems (RAMICS). [&hellip;]<\/p>\n","protected":false},"author":1,"featured_media":0,"parent":0,"menu_order":37,"comment_status":"closed","ping_status":"closed","template":"","meta":[],"_links":{"self":[{"href":"http:\/\/monedes-complementaries.recursos.uoc.edu\/es\/wp-json\/wp\/v2\/pages\/124"}],"collection":[{"href":"http:\/\/monedes-complementaries.recursos.uoc.edu\/es\/wp-json\/wp\/v2\/pages"}],"about":[{"href":"http:\/\/monedes-complementaries.recursos.uoc.edu\/es\/wp-json\/wp\/v2\/types\/page"}],"author":[{"embeddable":true,"href":"http:\/\/monedes-complementaries.recursos.uoc.edu\/es\/wp-json\/wp\/v2\/users\/1"}],"replies":[{"embeddable":true,"href":"http:\/\/monedes-complementaries.recursos.uoc.edu\/es\/wp-json\/wp\/v2\/comments?post=124"}],"version-history":[{"count":4,"href":"http:\/\/monedes-complementaries.recursos.uoc.edu\/es\/wp-json\/wp\/v2\/pages\/124\/revisions"}],"predecessor-version":[{"id":791,"href":"http:\/\/monedes-complementaries.recursos.uoc.edu\/es\/wp-json\/wp\/v2\/pages\/124\/revisions\/791"}],"wp:attachment":[{"href":"http:\/\/monedes-complementaries.recursos.uoc.edu\/es\/wp-json\/wp\/v2\/media?parent=124"}],"curies":[{"name":"wp","href":"https:\/\/api.w.org\/{rel}","templated":true}]}}