{"id":31,"date":"2018-10-07T10:08:14","date_gmt":"2018-10-07T08:08:14","guid":{"rendered":"http:\/\/monedes-complementaries.recursos.uoc.edu\/?page_id=31"},"modified":"2020-11-21T18:52:06","modified_gmt":"2020-11-21T16:52:06","slug":"introduccion","status":"publish","type":"page","link":"http:\/\/monedes-complementaries.recursos.uoc.edu\/es\/","title":{"rendered":"Introducci\u00f3n"},"content":{"rendered":"<p>El dinero forma parte de nuestras vidas, de nuestro d\u00eda a d\u00eda. Miremos donde miremos, hagamos lo que hagamos, el dinero est\u00e1 presente de una forma m\u00e1s o menos directa. Aun as\u00ed, suele permanecer en el subconsciente de la mayor\u00eda de nosotros, siendo considerado como algo que est\u00e1 all\u00ed, que es necesario pero que se escapa de nuestro control. Pocas veces nos detenemos a pensar qu\u00e9 es, qui\u00e9n lo crea, de d\u00f3nde sale o qu\u00e9 le da valor. Y cuando nos paramos a reflexionar sobre ello, solemos hacerlo desde la concepci\u00f3n m\u00e1s capitalista, aquella basada en la educaci\u00f3n financiera m\u00e1s cl\u00e1sica que nos ha sido inculcada, aquella en la que quedan confusos algunos conceptos como el patr\u00f3n oro, la relaci\u00f3n entre el ahorro y la financiaci\u00f3n, o el inter\u00e9s compuesto, entre otros.<\/p>\n<p>No se puede negar que el dinero ha sido y es una de las innovaciones m\u00e1s importantes y ventajosas de las sociedades humanas. Sin el dinero ser\u00eda imposible concebir los niveles de eficiencia de nuestras econom\u00edas y de nuestro patr\u00f3n de bienestar. Sin el dinero, una sociedad tendr\u00eda que recurrir sistem\u00e1ticamente al trueque de unos bienes por otros en el \u00e1mbito individual y, obviamente, tendr\u00eda que darse una rec\u00edproca coincidencia de los deseos de las partes que participan en todo intercambio econ\u00f3mico. Algo realmente complejo y nada pr\u00e1ctico. El dinero es un instrumento que facilita el intercambio de bienes y servicios, as\u00ed como la especializaci\u00f3n econ\u00f3mica y la divisi\u00f3n del trabajo, contribuyendo a la eficiencia global de una econom\u00eda y, en general, de una sociedad. En este sentido, se podr\u00eda decir que las sociedades de nuestro tiempo ser\u00edan claramente inviables e inconcebibles sin el dinero.<\/p>\n<p>Pero, \u00bfsabemos lo que realmente es y representa el dinero? \u00bfSomos conscientes de que esta b\u00fasqueda de eficiencia es quiz\u00e1s la causante de la insostenibilidad societaria y planetaria que estamos viviendo a d\u00eda de hoy? \u00bfNos hemos planteado si existen alternativas de actuaci\u00f3n frente a todo ello? Y, en su caso, \u00bfde qu\u00e9 alternativas se trata y hasta qu\u00e9 punto est\u00e1n implantadas y consolidadas?<\/p>\n<p>El objetivo de este curso es dar respuesta a \u00e9stas y otras preguntas, a un nivel acad\u00e9mico pero al mismo tiempo divulgativo, con el fin de que su contenido sea capaz de llegar al mayor n\u00famero de personas posible. Y, con ello, facilitar que \u00e9stas tomen conciencia de todo lo que envuelve al concepto del dinero y adquieran los conocimientos m\u00ednimos necesarios para poder decidir libremente su proceder futuro.<\/p>\n<p>Para el logro de este objetivo, el curso ha sido estructurado en tres bloques distintos con los siguientes contenidos:<\/p>\n<ul>\n<li><strong>Bloque 1. \u00abDel monopolio a la diversidad monetaria\u00bb<\/strong>. Este bloque est\u00e1 dedicado a presentar lo que es y representa el dinero, as\u00ed como a analizar la situaci\u00f3n del sistema monetario actual, bajo la concepci\u00f3n m\u00e1s capitalista del t\u00e9rmino. Posteriormente, y desde la visi\u00f3n del pensamiento complejo, se analizan las aportaciones de las monedas complementarias en pro de la sostenibilidad, tanto a nivel econ\u00f3mico como social y medioambiental. Las principales referencias utilizadas para ello han sido los estudios de Bernard Lietaer.<\/li>\n<li><strong>Bloque 2. \u00abEn un ecosistema de monedas complementarias\u00bb<\/strong>. Este bloque est\u00e1 dedicado a presentar lo que son y representan las monedas complementarias, junto con su evoluci\u00f3n hist\u00f3rica y las distintas tipolog\u00edas existentes. A continuaci\u00f3n se analiza la situaci\u00f3n de las mismas, tanto a nivel nacional como internacional, su repercusi\u00f3n en el desarrollo sostenible, as\u00ed como el ciclo de vida habitual que las caracteriza. Las principales referencias utilizadas para ello han sido las investigaciones de Gill Seyfang, Noel Longhurst y Neil Hughes.<\/li>\n<li><strong>Bloque 3. \u00abHacia un desarrollo local y sostenible\u00bb<\/strong>. Este bloque est\u00e1 dedicado a analizar c\u00f3mo desde la administraci\u00f3n p\u00fablica se pueden implementar sistemas de monedas complementarias, tanto para la reactivaci\u00f3n local de la econom\u00eda como para el fomento de la cohesi\u00f3n social y la reducci\u00f3n de la huella ecol\u00f3gica. Las principales referencias utilizadas para ello han sido los estudios del proyecto <em>Community Currencies in Action<\/em> (CCIA).<\/li>\n<\/ul>\n<p><img loading=\"lazy\" class=\"aligncenter wp-image-32 size-full\" src=\"\/wp-content\/uploads\/2018\/10\/monedes_01.jpg\" alt=\"\" width=\"624\" height=\"330\" srcset=\"\/wp-content\/uploads\/2018\/10\/monedes_01.jpg 624w, \/wp-content\/uploads\/2018\/10\/monedes_01-300x159.jpg 300w\" sizes=\"(max-width: 624px) 100vw, 624px\" \/><\/p>\n","protected":false},"excerpt":{"rendered":"<p>El dinero forma parte de nuestras vidas, de nuestro d\u00eda a d\u00eda. Miremos donde miremos, hagamos lo que hagamos, el dinero est\u00e1 presente de una forma m\u00e1s o menos directa. Aun as\u00ed, suele permanecer en el subconsciente de la mayor\u00eda de nosotros, siendo considerado como algo que est\u00e1 all\u00ed, que es necesario pero que se [&hellip;]<\/p>\n","protected":false},"author":1,"featured_media":0,"parent":0,"menu_order":1,"comment_status":"closed","ping_status":"closed","template":"","meta":[],"_links":{"self":[{"href":"http:\/\/monedes-complementaries.recursos.uoc.edu\/es\/wp-json\/wp\/v2\/pages\/31"}],"collection":[{"href":"http:\/\/monedes-complementaries.recursos.uoc.edu\/es\/wp-json\/wp\/v2\/pages"}],"about":[{"href":"http:\/\/monedes-complementaries.recursos.uoc.edu\/es\/wp-json\/wp\/v2\/types\/page"}],"author":[{"embeddable":true,"href":"http:\/\/monedes-complementaries.recursos.uoc.edu\/es\/wp-json\/wp\/v2\/users\/1"}],"replies":[{"embeddable":true,"href":"http:\/\/monedes-complementaries.recursos.uoc.edu\/es\/wp-json\/wp\/v2\/comments?post=31"}],"version-history":[{"count":7,"href":"http:\/\/monedes-complementaries.recursos.uoc.edu\/es\/wp-json\/wp\/v2\/pages\/31\/revisions"}],"predecessor-version":[{"id":784,"href":"http:\/\/monedes-complementaries.recursos.uoc.edu\/es\/wp-json\/wp\/v2\/pages\/31\/revisions\/784"}],"wp:attachment":[{"href":"http:\/\/monedes-complementaries.recursos.uoc.edu\/es\/wp-json\/wp\/v2\/media?parent=31"}],"curies":[{"name":"wp","href":"https:\/\/api.w.org\/{rel}","templated":true}]}}