{"id":34,"date":"2018-10-08T10:10:45","date_gmt":"2018-10-08T08:10:45","guid":{"rendered":"http:\/\/monedes-complementaries.recursos.uoc.edu\/?page_id=34"},"modified":"2020-11-21T18:25:31","modified_gmt":"2020-11-21T16:25:31","slug":"1-1-1-el-dinero-y-sus-funciones","status":"publish","type":"page","link":"http:\/\/monedes-complementaries.recursos.uoc.edu\/es\/1-1-1-el-dinero-y-sus-funciones\/","title":{"rendered":"1.1.1. El dinero y sus funciones"},"content":{"rendered":"<p>En la mayor\u00eda de las ocasiones en que se trata de definir qu\u00e9 es el dinero, los autores se remiten a sus funciones espec\u00edficas:<\/p>\n<ul>\n<li><strong>Medio de cambio<\/strong>: el dinero facilita el intercambio de bienes y servicios en una comunidad o mercado.<\/li>\n<li><strong>Unidad de cuenta<\/strong>: el dinero permite medir el valor de las cosas y fijar los precios de los intercambios.<\/li>\n<li><strong>Reserva de valor<\/strong>: el dinero permite ser acumulado o atesorado para futuras necesidades, sin la obligaci\u00f3n de ser usado en el momento actual.<\/li>\n<\/ul>\n<figure id=\"attachment_35\" aria-describedby=\"caption-attachment-35\" style=\"width: 422px\" class=\"wp-caption aligncenter\"><img loading=\"lazy\" class=\"size-full wp-image-35\" src=\"\/wp-content\/uploads\/2018\/10\/monedes_02.jpg\" alt=\"Figura 1\" width=\"422\" height=\"407\" srcset=\"\/wp-content\/uploads\/2018\/10\/monedes_02.jpg 422w, \/wp-content\/uploads\/2018\/10\/monedes_02-300x289.jpg 300w\" sizes=\"(max-width: 422px) 100vw, 422px\" \/><figcaption id=\"caption-attachment-35\" class=\"wp-caption-text\">Figura 1<\/figcaption><\/figure>\n<p>No obstante estas tres funciones, la esencia del dinero, vinculada a su naturaleza originaria, est\u00e1 relacionada sobre todo con las dos primeras de las funciones: la de medio de cambio y la de unidad de cuenta. Es por ello que la definici\u00f3n m\u00e1s utilizada y m\u00e1s directamente vinculada con esta idea originaria del dinero es que se trata de un \u00ab<strong>acuerdo entre los integrantes de una comunidad de personas para utilizar algo como s\u00edmbolo de valor y como medio para realizar intercambios de bienes y de servicios<\/strong>\u00bb. En esta definici\u00f3n se deben destacar dos conceptos fundamentales e imprescindibles para entender el dinero, como son la presencia de una <strong>comunidad<\/strong> de personas y el <strong>acuerdo<\/strong> al que \u00e9stas llegan para aceptar algo como unidad de intercambio.<\/p>\n<p>A pesar de esta definici\u00f3n, el dinero ha dejado de ser un instrumento de intercambio promotor de prosperidad para convertirse en una finalidad universal en s\u00ed mismo, de la que depende la poblaci\u00f3n para configurar su calidad de vida y satisfacer sus necesidades y deseos. En el momento en que prevalece la tercera de las funciones, la de reserva de valor, el dinero genera una escalada acumulativa que es apoyada por el <strong>inter\u00e9s<\/strong> (el coste del dinero cuando es financiado) y el <strong>inter\u00e9s compuesto<\/strong> (el coste del dinero impl\u00edcitamente incluido en los bienes o servicios que adquirimos). Cuando el dinero, de forma generalizada, se convierte en un fin en s\u00ed mismo, las sociedades enferman moralmente, dando lugar a unas importantes injusticias sociales, a una distribuci\u00f3n desigual de las cargas econ\u00f3micas, sociales y medioambientales, a unas actitudes insolidarias generalizadas entre los ciudadanos, y a una despersonalizaci\u00f3n de las relaciones humanas.<\/p>\n<p>El dinero de curso oficial, tal y como lo conocemos a d\u00eda de hoy, fomenta el uso de las tres distintas funciones, pero dando un papel excesivamente importante a la funci\u00f3n de reserva de valor, con todo lo que ello conlleva. Por el contrario, y tal y como veremos m\u00e1s adelante en este curso, las monedas complementarias persiguen, \u00fanica y exclusivamente, el logro de las dos primeras de las funciones, pero nunca la tercera de ellas. Tal es el punto que ciertos proyectos de monedas complementarias llegan a introducir la <strong>oxidaci\u00f3n<\/strong> propia de la teor\u00eda de Silvio Gesell. Es decir, un tipo de inter\u00e9s negativo que hace perder valor al dinero a medida que pasa el tiempo, fomentando con ello la no acumulaci\u00f3n y, por tanto, la recirculaci\u00f3n constante del mismo.<\/p>\n","protected":false},"excerpt":{"rendered":"<p>En la mayor\u00eda de las ocasiones en que se trata de definir qu\u00e9 es el dinero, los autores se remiten a sus funciones espec\u00edficas: Medio de cambio: el dinero facilita el intercambio de bienes y servicios en una comunidad o mercado. Unidad de cuenta: el dinero permite medir el valor de las cosas y fijar [&hellip;]<\/p>\n","protected":false},"author":1,"featured_media":0,"parent":0,"menu_order":2,"comment_status":"closed","ping_status":"closed","template":"","meta":[],"_links":{"self":[{"href":"http:\/\/monedes-complementaries.recursos.uoc.edu\/es\/wp-json\/wp\/v2\/pages\/34"}],"collection":[{"href":"http:\/\/monedes-complementaries.recursos.uoc.edu\/es\/wp-json\/wp\/v2\/pages"}],"about":[{"href":"http:\/\/monedes-complementaries.recursos.uoc.edu\/es\/wp-json\/wp\/v2\/types\/page"}],"author":[{"embeddable":true,"href":"http:\/\/monedes-complementaries.recursos.uoc.edu\/es\/wp-json\/wp\/v2\/users\/1"}],"replies":[{"embeddable":true,"href":"http:\/\/monedes-complementaries.recursos.uoc.edu\/es\/wp-json\/wp\/v2\/comments?post=34"}],"version-history":[{"count":5,"href":"http:\/\/monedes-complementaries.recursos.uoc.edu\/es\/wp-json\/wp\/v2\/pages\/34\/revisions"}],"predecessor-version":[{"id":744,"href":"http:\/\/monedes-complementaries.recursos.uoc.edu\/es\/wp-json\/wp\/v2\/pages\/34\/revisions\/744"}],"wp:attachment":[{"href":"http:\/\/monedes-complementaries.recursos.uoc.edu\/es\/wp-json\/wp\/v2\/media?parent=34"}],"curies":[{"name":"wp","href":"https:\/\/api.w.org\/{rel}","templated":true}]}}