{"id":37,"date":"2018-10-08T10:12:22","date_gmt":"2018-10-08T08:12:22","guid":{"rendered":"http:\/\/monedes-complementaries.recursos.uoc.edu\/?page_id=37"},"modified":"2020-11-21T18:25:53","modified_gmt":"2020-11-21T16:25:53","slug":"1-1-2-una-breve-resena-historica","status":"publish","type":"page","link":"http:\/\/monedes-complementaries.recursos.uoc.edu\/es\/1-1-2-una-breve-resena-historica\/","title":{"rendered":"1.1.2. Una breve rese\u00f1a hist\u00f3rica"},"content":{"rendered":"<p>Antes de la creaci\u00f3n del dinero se utilizaban art\u00edculos de valor que ten\u00edan un uso y serv\u00edan para crear equivalencias y para intercambiar. Estos art\u00edculos deb\u00edan poseer ciertos atributos sustantivos como ser durables, poder transportarse y tener un valor inherente. Existen tres momentos hist\u00f3ricos importantes hasta la creaci\u00f3n del dinero bajo la concepci\u00f3n con la que lo conocemos hoy en d\u00eda:<\/p>\n<ol>\n<li>Utilizaci\u00f3n de cosas poco durables como dinero, como por ejemplo la sal (en China, en el norte de \u00c1frica y en la Europa del Mediterr\u00e1neo) o el cacao (en M\u00e9xico).<\/li>\n<li>Utilizaci\u00f3n de los metales como dinero. Por su cualidad de bien perdurable, los metales sirven como reserva y, al poderlos reducir a piezas relativamente peque\u00f1as, son un buen medio de intercambio. Entre los metales, el oro ha sido el m\u00e1s preciado. En \u00e9pocas tan tempranas como finales del tercer milenio antes de Cristo, los pueblos mesopot\u00e1micos comenzaron a utilizar lingotes de metales preciosos a cambio de bienes. Tambi\u00e9n se tiene informaci\u00f3n que alrededor de 2500 a.C. se usaba ya la plata como forma de pago.<\/li>\n<li>Utilizaci\u00f3n de la moneda, la cual apareci\u00f3 una vez que la organizaci\u00f3n social y la tecnolog\u00eda se desarrollaron al punto de emplear cantidades estandarizadas de oro y plata en los intercambios. La palabra moneda viene de <em>moneta<\/em>, es decir, pieza. La moneda m\u00e1s antigua de la que se tiene conocimiento fue el <em>shekel<\/em> sumerio (cuyo significado es un saco de trigo). Su creaci\u00f3n tuvo lugar aproximadamente en el a\u00f1o 3200 a.C. en el peque\u00f1o reino de Lidia, en lo que hoy es Turqu\u00eda, y de all\u00ed se difundi\u00f3 alrededor del mundo. Estas monedas constituyeron la primera revoluci\u00f3n monetaria de la historia y, con el paso del tiempo, dar\u00eda lugar al sistema monetario occidental.<\/li>\n<\/ol>\n<p>Desde la invenci\u00f3n de la moneda no hubo mayores cambios en la historia del dinero hasta la emisi\u00f3n de los primeros billetes. Si bien en China se empez\u00f3 a hacer papel moneda e imprimirlo m\u00e1s o menos mil a\u00f1os antes que en Europa, la emisi\u00f3n de billetes para compensar la escasez de monedas de oro y plata se realiz\u00f3 por primera vez en 1661 en el Banco de Estocolmo. El papel moneda o billete como el que usamos actualmente fue un invento de Benjam\u00edn Franklin en 1729 en Estados Unidos. No fue hasta el siglo <span class=\"roman\">xix<\/span> que los banqueros de Londres crearon un sistema monetario que se difundi\u00f3 por todo el mundo y se transform\u00f3 en el primer sistema monetario de alcance realmente global con papel moneda basado en el oro.<\/p>\n<p>No obstante lo anterior, la historia de la banca es muy anterior a la de los billetes. En el siglo <span class=\"roman\">xiii<\/span> nace la primera instituci\u00f3n precursora de la banca actual, que surgi\u00f3 de una orden de caballeros de car\u00e1cter religioso conocidos como los templarios, que funcionaron como banqueros de reyes y papas. Hacia el siglo <span class=\"roman\">xv<\/span> los nuevos banqueros fueron familias italianas, gente que trabajaba m\u00e1s en los mercados que en los castillos. Precisamente la palabra <em>banco<\/em> o <em>banca<\/em> se debe a la forma como ellos atend\u00edan a sus clientes, ya que literalmente realizaban su trabajo sobre un banco que colocaban en las banquetas. Estos banqueros recib\u00edan de la gente monedas de oro y entregaban un vale o letra de cambio a nombre de la persona que les hab\u00eda dado el dinero. Ellos fueron los que inventaron la letra de cambio, la cual consiste en un documento escrito que dispone el pago de cierta cantidad de dinero a cierta persona en determinado momento y lugar. En la pr\u00e1ctica, los banqueros se convirtieron en prestamistas del rico, mientras que los prestamistas y due\u00f1os de empe\u00f1os continuaron prestando al pobre.<\/p>\n<p>En el siglo <span class=\"roman\">xix<\/span> se design\u00f3, con el nombre de Banco Central, al banco establecido en la capital de cada pa\u00eds y que ten\u00eda el monopolio de la emisi\u00f3n de papel moneda nacional en el mismo. Despu\u00e9s del acuerdo de Bretton Woods, del cual se hablar\u00e1 m\u00e1s adelante en este curso, los Bancos Centrales cumplieron otras funciones: son los prestamistas de \u00faltima instancia de los bancos comerciales; son tambi\u00e9n los responsables \u00faltimos del control de la <strong>inflaci\u00f3n<\/strong>, mediante la emisi\u00f3n del dinero y la variaci\u00f3n de las principales tasas de inter\u00e9s. Sus clientes son los restantes bancos del pa\u00eds. Todos los Bancos Centrales est\u00e1n bajo la tutela del Banco Mundial y del Fondo Monetario Internacional, as\u00ed como del Banco de Pagos Internacionales, un club privado en Basilea.<\/p>\n","protected":false},"excerpt":{"rendered":"<p>Antes de la creaci\u00f3n del dinero se utilizaban art\u00edculos de valor que ten\u00edan un uso y serv\u00edan para crear equivalencias y para intercambiar. Estos art\u00edculos deb\u00edan poseer ciertos atributos sustantivos como ser durables, poder transportarse y tener un valor inherente. Existen tres momentos hist\u00f3ricos importantes hasta la creaci\u00f3n del dinero bajo la concepci\u00f3n con la [&hellip;]<\/p>\n","protected":false},"author":1,"featured_media":0,"parent":0,"menu_order":3,"comment_status":"closed","ping_status":"closed","template":"","meta":[],"_links":{"self":[{"href":"http:\/\/monedes-complementaries.recursos.uoc.edu\/es\/wp-json\/wp\/v2\/pages\/37"}],"collection":[{"href":"http:\/\/monedes-complementaries.recursos.uoc.edu\/es\/wp-json\/wp\/v2\/pages"}],"about":[{"href":"http:\/\/monedes-complementaries.recursos.uoc.edu\/es\/wp-json\/wp\/v2\/types\/page"}],"author":[{"embeddable":true,"href":"http:\/\/monedes-complementaries.recursos.uoc.edu\/es\/wp-json\/wp\/v2\/users\/1"}],"replies":[{"embeddable":true,"href":"http:\/\/monedes-complementaries.recursos.uoc.edu\/es\/wp-json\/wp\/v2\/comments?post=37"}],"version-history":[{"count":5,"href":"http:\/\/monedes-complementaries.recursos.uoc.edu\/es\/wp-json\/wp\/v2\/pages\/37\/revisions"}],"predecessor-version":[{"id":745,"href":"http:\/\/monedes-complementaries.recursos.uoc.edu\/es\/wp-json\/wp\/v2\/pages\/37\/revisions\/745"}],"wp:attachment":[{"href":"http:\/\/monedes-complementaries.recursos.uoc.edu\/es\/wp-json\/wp\/v2\/media?parent=37"}],"curies":[{"name":"wp","href":"https:\/\/api.w.org\/{rel}","templated":true}]}}