{"id":39,"date":"2018-10-08T10:13:10","date_gmt":"2018-10-08T08:13:10","guid":{"rendered":"http:\/\/monedes-complementaries.recursos.uoc.edu\/?page_id=39"},"modified":"2018-11-21T22:49:45","modified_gmt":"2018-11-21T20:49:45","slug":"1-1-3-el-patron-oro-y-el-dinero-simbolico","status":"publish","type":"page","link":"http:\/\/monedes-complementaries.recursos.uoc.edu\/es\/1-1-3-el-patron-oro-y-el-dinero-simbolico\/","title":{"rendered":"1.1.3. El patr\u00f3n oro y el dinero simb\u00f3lico"},"content":{"rendered":"<p>Durante mucho tiempo el valor del dinero consist\u00eda en una representaci\u00f3n del oro, es decir, cada billete simbolizaba una determinada cantidad de oro que el banco central de cada pa\u00eds ten\u00eda en resguardo. Era lo que se llamaba el <em>patr\u00f3n oro<\/em>.<\/p>\n<p>Si se respeta el patr\u00f3n oro, no se pueden emitir grandes cantidades de billetes, lo cual detiene el aumento de la producci\u00f3n, provocando desempleo, o bien bajan los precios, disminuyen con ello las ganancias. Ante esta dificultad, la banca centraliz\u00f3 el suministro de cr\u00e9dito en cada pa\u00eds, explicando con ello que desde fechas tempranas se haya desarrollado la moneda simb\u00f3lica para salvar al comercio de las deflaciones forzosas por aumento en el volumen de los negocios. Si bien para fines dom\u00e9sticos el oro era una moneda inadecuada, en el caso del comercio internacional el patr\u00f3n oro segu\u00eda siendo necesario, puesto que la moneda simb\u00f3lica no pod\u00eda circular en suelo extranjero. Es por ello que, desde los inicios del sistema de mercado, se ha requerido de dos tipos de dinero: uno para el comercio internacional (el oro) y otro para el comercio interno de cada pa\u00eds (el dinero simb\u00f3lico).<\/p>\n<p>El patr\u00f3n oro, a pesar de los recursos que se invirtieron para evitar la deflaci\u00f3n, desencaden\u00f3 que los negocios se desorganizaran una y otra vez con la desocupaci\u00f3n en masa, puesto que cuando se importaban art\u00edculos y hab\u00eda que pagar con dinero en especie, bajaban las ventas de los productos internos y, por consiguiente, los precios. El patr\u00f3n oro no pod\u00eda ser sostenido por las naciones a las que se supon\u00eda que serv\u00eda, puesto que los cambios repentinos en los niveles de precios hubieran arruinado todos los negocios. Es por ello que la moneda simb\u00f3lica nacional fue la salvaguardia, actuando el banco central de amortiguador entre la econom\u00eda interna y la externa. La doble tarea del banquero comprend\u00eda pues s\u00f3lidas finanzas dom\u00e9sticas y estabilidad externa de la moneda.<\/p>\n<p>Cuando concluy\u00f3 la Primera Guerra Mundial, hubo un intento de retornar al patr\u00f3n oro, pero en 1931 la naci\u00f3n brit\u00e1nica desech\u00f3 toda pretensi\u00f3n de vincular su divisa a sus reservas de metal. La era del oro y los d\u00edas luminosos del Banco de Inglaterra hab\u00edan concluido. La crisis econ\u00f3mica de 1929 puso al descubierto que el patr\u00f3n oro, el mercado auto-regulador que inclu\u00eda tierra, trabajo y dinero, as\u00ed como el comercio mundial y la estabilidad financiera, complementada con leyes migratorias y tarifas aduaneras, hab\u00eda sido en conjunto una pol\u00edtica equivocada y contraria a todos los principios de la teor\u00eda econ\u00f3mica. La tensi\u00f3n rebas\u00f3 lo econ\u00f3mico y el equilibrio tuvo que restablecerse por medios pol\u00edticos. Hab\u00eda que escoger entre una moneda s\u00f3lida y presupuestos saneados, lo que implicaba la reducci\u00f3n de los servicios sociales, y una moneda depreciada, lo que sacar\u00eda del juego econ\u00f3mico internacional al pa\u00eds que optara por ella, como consecuencia de la ca\u00edda en su tipo de cambio, pero permitir\u00eda mejorar los servicios sociales. La mayor\u00eda de los pa\u00edses prefiri\u00f3 tomar la primera medida, con las consecuencias destructivas sobre la pol\u00edtica popular.<\/p>\n","protected":false},"excerpt":{"rendered":"<p>Durante mucho tiempo el valor del dinero consist\u00eda en una representaci\u00f3n del oro, es decir, cada billete simbolizaba una determinada cantidad de oro que el banco central de cada pa\u00eds ten\u00eda en resguardo. Era lo que se llamaba el patr\u00f3n oro. Si se respeta el patr\u00f3n oro, no se pueden emitir grandes cantidades de billetes, [&hellip;]<\/p>\n","protected":false},"author":1,"featured_media":0,"parent":0,"menu_order":4,"comment_status":"closed","ping_status":"closed","template":"","meta":[],"_links":{"self":[{"href":"http:\/\/monedes-complementaries.recursos.uoc.edu\/es\/wp-json\/wp\/v2\/pages\/39"}],"collection":[{"href":"http:\/\/monedes-complementaries.recursos.uoc.edu\/es\/wp-json\/wp\/v2\/pages"}],"about":[{"href":"http:\/\/monedes-complementaries.recursos.uoc.edu\/es\/wp-json\/wp\/v2\/types\/page"}],"author":[{"embeddable":true,"href":"http:\/\/monedes-complementaries.recursos.uoc.edu\/es\/wp-json\/wp\/v2\/users\/1"}],"replies":[{"embeddable":true,"href":"http:\/\/monedes-complementaries.recursos.uoc.edu\/es\/wp-json\/wp\/v2\/comments?post=39"}],"version-history":[{"count":1,"href":"http:\/\/monedes-complementaries.recursos.uoc.edu\/es\/wp-json\/wp\/v2\/pages\/39\/revisions"}],"predecessor-version":[{"id":40,"href":"http:\/\/monedes-complementaries.recursos.uoc.edu\/es\/wp-json\/wp\/v2\/pages\/39\/revisions\/40"}],"wp:attachment":[{"href":"http:\/\/monedes-complementaries.recursos.uoc.edu\/es\/wp-json\/wp\/v2\/media?parent=39"}],"curies":[{"name":"wp","href":"https:\/\/api.w.org\/{rel}","templated":true}]}}