{"id":41,"date":"2018-10-08T10:24:46","date_gmt":"2018-10-08T08:24:46","guid":{"rendered":"http:\/\/monedes-complementaries.recursos.uoc.edu\/?page_id=41"},"modified":"2018-12-20T02:51:13","modified_gmt":"2018-12-20T00:51:13","slug":"1-1-4-el-acuerdo-de-bretton-woods-y-el-fin-del-patron-oro","status":"publish","type":"page","link":"http:\/\/monedes-complementaries.recursos.uoc.edu\/es\/1-1-4-el-acuerdo-de-bretton-woods-y-el-fin-del-patron-oro\/","title":{"rendered":"1.1.4. El acuerdo de Bretton Woods y el fin del patr\u00f3n oro"},"content":{"rendered":"<p>Tras el deslinde del patr\u00f3n oro, 45 pa\u00edses firmaron el acuerdo de Bretton Woods, la primera constituci\u00f3n monetaria mundial en base a la cual la mayor\u00eda de las divisas del mundo mantendr\u00edan una paridad espec\u00edfica con el d\u00f3lar estadounidense y, en conformidad con este acuerdo, Estados Unidos se compromet\u00eda a que su moneda fuera convertible en oro a solicitud de cualquier Banco Central del mundo a la tasa de 35 d\u00f3lares por onza de oro. Este sistema coloc\u00f3 al d\u00f3lar estadounidense en un papel rector, como eje del sistema mundial.<\/p>\n<p>Con la creciente inflaci\u00f3n que sobrevino en el mundo despu\u00e9s de la Segunda Guerra Mundial, los Bancos Centrales de muchos pa\u00edses adquirieron d\u00f3lares, principalmente los de Latinoam\u00e9rica, comenzando Estados Unidos a experimentar una inflaci\u00f3n que se vio agravada por la enorme impresi\u00f3n de billetes para sostener la guerra de Vietnam. En 1971 el presidente estadounidense Richard Nixon reneg\u00f3 de la promesa de Bretton Woods y con ello termin\u00f3 la era de un d\u00f3lar asociado a metales preciosos para iniciar la fluctuaci\u00f3n de su moneda en relaci\u00f3n con las restantes divisas. Con esta medida, termin\u00f3 la era de estabilidad y el per\u00edodo de mayor prosperidad y productividad econ\u00f3micas de la historia del d\u00f3lar norteamericano. Nunca m\u00e1s volvi\u00f3 la divisa a recuperar la fuerza que hist\u00f3ricamente hab\u00eda tenido.<\/p>\n<p>El derrumbe del patr\u00f3n oro internacional fue el motivo m\u00e1s importante que precipit\u00f3 a la ruina econ\u00f3mica a Occidente. Para algunos, el patr\u00f3n oro era la fe en el sistema monetario. Para otros, era una creencia ingenua. Pero ambos coincid\u00edan en que los billetes de banco ten\u00edan valor porque representaban oro, y \u00e9ste ten\u00eda valor porque significaba trabajo, como sosten\u00edan los socialistas, o porque el oro era \u00fatil y escaso, como alegaban los economistas ortodoxos.<\/p>\n<p>Hoy en d\u00eda, el d\u00f3lar norteamericano es solo una moneda de curso forzoso, respaldada por la autoridad del gobierno, por la fe del pueblo en esa autoridad y nada m\u00e1s. Los billetes ligados al oro y el d\u00f3lar en la forma de certificados de plata, hace tiempo dieron paso al billete de la Reserva Federal. En el d\u00f3lar, la frase \u00abP\u00e1guese al portador que lo requiera\u00bb ha sido reemplazada por \u00abEn Dios confiamos\u00bb.<\/p>\n<p>Actualmente, en cada pa\u00eds hay un Banco Central que se encarga de emitir los billetes o la moneda nacional, desde donde la distribuyen a los bancos comerciales, con el consentimiento de su gobierno a trav\u00e9s del acuerdo que le concede el derecho de crear dinero a cambio de que proporcione al Estado todos los fondos que necesite. Tal y como se ver\u00e1 m\u00e1s adelante en este curso, las consecuencias de tal concentraci\u00f3n de poder son m\u00e1s que considerables.<\/p>\n","protected":false},"excerpt":{"rendered":"<p>Tras el deslinde del patr\u00f3n oro, 45 pa\u00edses firmaron el acuerdo de Bretton Woods, la primera constituci\u00f3n monetaria mundial en base a la cual la mayor\u00eda de las divisas del mundo mantendr\u00edan una paridad espec\u00edfica con el d\u00f3lar estadounidense y, en conformidad con este acuerdo, Estados Unidos se compromet\u00eda a que su moneda fuera convertible [&hellip;]<\/p>\n","protected":false},"author":1,"featured_media":0,"parent":0,"menu_order":5,"comment_status":"closed","ping_status":"closed","template":"","meta":[],"_links":{"self":[{"href":"http:\/\/monedes-complementaries.recursos.uoc.edu\/es\/wp-json\/wp\/v2\/pages\/41"}],"collection":[{"href":"http:\/\/monedes-complementaries.recursos.uoc.edu\/es\/wp-json\/wp\/v2\/pages"}],"about":[{"href":"http:\/\/monedes-complementaries.recursos.uoc.edu\/es\/wp-json\/wp\/v2\/types\/page"}],"author":[{"embeddable":true,"href":"http:\/\/monedes-complementaries.recursos.uoc.edu\/es\/wp-json\/wp\/v2\/users\/1"}],"replies":[{"embeddable":true,"href":"http:\/\/monedes-complementaries.recursos.uoc.edu\/es\/wp-json\/wp\/v2\/comments?post=41"}],"version-history":[{"count":2,"href":"http:\/\/monedes-complementaries.recursos.uoc.edu\/es\/wp-json\/wp\/v2\/pages\/41\/revisions"}],"predecessor-version":[{"id":574,"href":"http:\/\/monedes-complementaries.recursos.uoc.edu\/es\/wp-json\/wp\/v2\/pages\/41\/revisions\/574"}],"wp:attachment":[{"href":"http:\/\/monedes-complementaries.recursos.uoc.edu\/es\/wp-json\/wp\/v2\/media?parent=41"}],"curies":[{"name":"wp","href":"https:\/\/api.w.org\/{rel}","templated":true}]}}