{"id":43,"date":"2018-10-08T10:25:45","date_gmt":"2018-10-08T08:25:45","guid":{"rendered":"http:\/\/monedes-complementaries.recursos.uoc.edu\/?page_id=43"},"modified":"2020-11-21T18:26:14","modified_gmt":"2020-11-21T16:26:14","slug":"1-2-1-las-caracteristicas-del-dinero-convencional","status":"publish","type":"page","link":"http:\/\/monedes-complementaries.recursos.uoc.edu\/es\/1-2-1-las-caracteristicas-del-dinero-convencional\/","title":{"rendered":"1.2.1. Las caracter\u00edsticas del dinero convencional"},"content":{"rendered":"<p>Bajo la concepci\u00f3n del dinero como una instituci\u00f3n de la cultura occidental, las monedas nacionales o convencionales de las sociedades actuales comparten una serie de caracter\u00edsticas fundamentales:<\/p>\n<ul>\n<li>El dinero depende de un Estado nacional geogr\u00e1ficamente delimitado. Una moneda nacional es identificada por los ciudadanos de esa zona geogr\u00e1fica y equivale a un sistema de informaci\u00f3n compartida, el cual, adem\u00e1s de integrar a la sociedad que se identifica con ella, establece tambi\u00e9n una frontera con quienes no la identifican como propia.<\/li>\n<li>El dinero es <em>fiat<\/em> (fiduciario), es decir, creado <em>ex nihilo<\/em> (de la nada). En la actualidad, por cada dep\u00f3sito que reciben los bancos comerciales, \u00e9stos emiten dinero en forma de pr\u00e9stamos a otros clientes, haci\u00e9ndolo en importes muy superiores a los del dep\u00f3sito original. Este dep\u00f3sito sirve como resguardo de un porcentaje muy peque\u00f1o de los pr\u00e9stamos otorgados a otros clientes. Como consecuencia de ello, se suele afirmar que el dinero es deuda. Es decir, se habla de \u00abdinero como deuda bancaria\u00bb.<\/li>\n<li>Con el fin del patr\u00f3n oro, el dinero ha pasado a ser <strong>confianza y fe<\/strong> al mismo tiempo, ya que su recepci\u00f3n a cambio de un bien o un servicio implica que se tiene confianza en que ese billete podr\u00e1 ser cambiado m\u00e1s tarde por otro bien o servicio.<\/li>\n<li>El dinero es escaso. Para que funcione un sistema de moneda basado en la deuda bancaria, debe introducirse la escasez y preservarla en forma artificial y sistem\u00e1tica. El sistema monetario actual no se autorregula sino que se requiere de la intervenci\u00f3n activa de los bancos centrales para mantener la escasez. El sistema de dinero en forma de deuda hace que cada econom\u00eda tenga que devolver m\u00e1s dinero del que existe, generando una escasez monetaria permanente.<\/li>\n<li>El dinero est\u00e1 asociado a intereses. No se trata de algo natural ni intr\u00ednseco al dinero, sino que es una decisi\u00f3n pol\u00edtica que toman los bancos centrales, desencadenando entre otras las siguientes implicaciones:\n<ul>\n<li>El inter\u00e9s fomenta la competencia sistem\u00e1tica entre los participantes del sistema. Dado que los pr\u00e9stamos deben devolverse con intereses, pero en el mercado \u00fanicamente existe el dinero puesto en circulaci\u00f3n a trav\u00e9s de los pr\u00e9stamos, la gente debe competir para conseguir el dinero suficiente como para abonar los intereses. Y ello sucede en un sistema de recursos monetarios escasos. Por tanto, los que resultan ganadores de esta competici\u00f3n lo hacen a costa de otros que pierden.<\/li>\n<li>La oferta de dinero tiene una tasa de crecimiento permanente. Los intereses se fijan seg\u00fan el crecimiento econ\u00f3mico que se busca, crecimiento que puede no tener nada que ver con el nivel de vida de la poblaci\u00f3n, que puede permanecer estancado. Como consecuencia de ello, el inter\u00e9s puede crear riqueza financiera, pero una distribuci\u00f3n no equitativa de la misma.<\/li>\n<li>El inter\u00e9s genera transferencia continua de riqueza de una gran mayor\u00eda a favor de una peque\u00f1a minor\u00eda, favoreciendo la concentraci\u00f3n de la riqueza y la desigualdad social.<\/li>\n<\/ul>\n<\/li>\n<\/ul>\n<p>Se puede por tanto considerar que las caracter\u00edsticas del dinero no son naturales, sobre todo cuando el dinero se supone un acuerdo que se puede dise\u00f1ar a medida. Si estas caracter\u00edsticas son una herencia de la era industrial, la cual se est\u00e1 convirtiendo en una era de la informaci\u00f3n, quiz\u00e1s habr\u00eda que considerar la realizaci\u00f3n de nuevos experimentos monetarios que lo hicieran precisamente m\u00e1s natural.<\/p>\n","protected":false},"excerpt":{"rendered":"<p>Bajo la concepci\u00f3n del dinero como una instituci\u00f3n de la cultura occidental, las monedas nacionales o convencionales de las sociedades actuales comparten una serie de caracter\u00edsticas fundamentales: El dinero depende de un Estado nacional geogr\u00e1ficamente delimitado. Una moneda nacional es identificada por los ciudadanos de esa zona geogr\u00e1fica y equivale a un sistema de informaci\u00f3n [&hellip;]<\/p>\n","protected":false},"author":1,"featured_media":0,"parent":0,"menu_order":6,"comment_status":"closed","ping_status":"closed","template":"","meta":[],"_links":{"self":[{"href":"http:\/\/monedes-complementaries.recursos.uoc.edu\/es\/wp-json\/wp\/v2\/pages\/43"}],"collection":[{"href":"http:\/\/monedes-complementaries.recursos.uoc.edu\/es\/wp-json\/wp\/v2\/pages"}],"about":[{"href":"http:\/\/monedes-complementaries.recursos.uoc.edu\/es\/wp-json\/wp\/v2\/types\/page"}],"author":[{"embeddable":true,"href":"http:\/\/monedes-complementaries.recursos.uoc.edu\/es\/wp-json\/wp\/v2\/users\/1"}],"replies":[{"embeddable":true,"href":"http:\/\/monedes-complementaries.recursos.uoc.edu\/es\/wp-json\/wp\/v2\/comments?post=43"}],"version-history":[{"count":4,"href":"http:\/\/monedes-complementaries.recursos.uoc.edu\/es\/wp-json\/wp\/v2\/pages\/43\/revisions"}],"predecessor-version":[{"id":746,"href":"http:\/\/monedes-complementaries.recursos.uoc.edu\/es\/wp-json\/wp\/v2\/pages\/43\/revisions\/746"}],"wp:attachment":[{"href":"http:\/\/monedes-complementaries.recursos.uoc.edu\/es\/wp-json\/wp\/v2\/media?parent=43"}],"curies":[{"name":"wp","href":"https:\/\/api.w.org\/{rel}","templated":true}]}}