{"id":45,"date":"2018-10-08T10:33:47","date_gmt":"2018-10-08T08:33:47","guid":{"rendered":"http:\/\/monedes-complementaries.recursos.uoc.edu\/?page_id=45"},"modified":"2020-11-21T18:26:37","modified_gmt":"2020-11-21T16:26:37","slug":"1-2-2-el-comportamiento-del-actual-sistema-monetario","status":"publish","type":"page","link":"http:\/\/monedes-complementaries.recursos.uoc.edu\/es\/1-2-2-el-comportamiento-del-actual-sistema-monetario\/","title":{"rendered":"1.2.2. El comportamiento del actual sistema monetario"},"content":{"rendered":"<p>Seg\u00fan la concepci\u00f3n predominante del dinero, la econom\u00eda es un sistema cerrado independiente de las externalidades sociales y medioambientales que genera, desentendi\u00e9ndose completamente de ellas. Esta concepci\u00f3n, junto con las caracter\u00edsticas del dinero convencional, fomenta que el actual sistema monetario sea el causante de consecuencias muy comprometedoras para la sostenibilidad de la sociedad y del medioambiente, entre ellas:<\/p>\n<ul>\n<li><strong>Insostenibilidad ambiental<\/strong>, derivada de la promoci\u00f3n compulsiva de la producci\u00f3n y el consumo. El crecimiento econ\u00f3mico, tal y como est\u00e1 concebido actualmente, es intensivo en consumo de recursos naturales, principalmente no renovables o no asimilables por el medioambiente. Este modelo de desarrollo es ambientalmente insostenible en un planeta finito como el que tenemos.<\/li>\n<li><strong>Insostenibilidad socioecon\u00f3mica<\/strong>, derivada de la concepci\u00f3n monopol\u00edstica del paradigma monetario vigente y el mecanismo de emisi\u00f3n del dinero. Ello promueve comportamientos competitivos e individualistas que favorecen la concentraci\u00f3n de riqueza. Tambi\u00e9n el modelo de crecimiento econ\u00f3mico constituye una fuente de insostenibilidad social por la inequidad en el reparto de las consecuencias de sus externalidades, tales como la generaci\u00f3n de residuos, contaminaci\u00f3n y degradaci\u00f3n ambiental, la diversidad biol\u00f3gica y sociocultural.<\/li>\n<li>Otros efectos derivados del funcionamiento del sistema monetario vigente, sobretodo vinculados con el hecho de que el dinero sea creado a trav\u00e9s de deuda bancaria con inter\u00e9s, son los cinco siguientes fallos estructurales:\n<ul>\n<li><strong>Comportamiento pro-c\u00edclico<\/strong>. El dinero convencional moderno es creado como deuda bancaria, lo cual amplifica las fluctuaciones del ciclo econ\u00f3mico y empeora la fragilidad ante las perturbaciones. Cuando todo va bien o las perspectivas son buenas, los bancos ofrecen cr\u00e9ditos de forma generosa, tendiendo a alimentar per\u00edodos inflacionarios. Por contra, cuando las cosas van mal o se prev\u00e9n futuros malos resultados, los bancos reducen dr\u00e1sticamente las ofertas de cr\u00e9dito, lo cual se traduce en per\u00edodos de recesi\u00f3n.<\/li>\n<li><strong>Cortoplacismo<\/strong>. Es la tendencia a centrar la atenci\u00f3n en las ganancias a corto plazo, a costa del \u00e9xito o la estabilidad a largo plazo, sobretodo como consecuencia de la dificultad de calcular los riesgos. Las tasas de inter\u00e9s positivas descuentan los valores del futuro, provocando que los inversores prefieran poner sus fondos en proyectos a corto plazo, sin querer fondos a largo plazo (como ser\u00eda el caso de la protecci\u00f3n medioambiental, la educaci\u00f3n\u2026).<\/li>\n<li><strong>Obligatoriedad de un crecimiento continuo<\/strong>. Con demasiada frecuencia el crecimiento se confunde con el progreso. El primero es el aumento cuantitativo en el tama\u00f1o o el rendimiento de una entidad, mientras que el segundo se refiere a la idea de que el mundo pueda llegar a ser cada vez mejor. No se puede asumir autom\u00e1ticamente que todo el crecimiento conduce al progreso. As\u00ed mismo, el dinero creado como deuda bancaria se crea con inter\u00e9s y, por tanto, est\u00e1 sujeto al inter\u00e9s compuesto, lo que implica autom\u00e1ticamente un crecimiento exponencial desbocado. Y en un mundo finito, el crecimiento exponencial es matem\u00e1ticamente incompatible con la sostenibilidad.<\/li>\n<li><strong>Concentraci\u00f3n de la riqueza<\/strong>. Hay tres mecanismos sist\u00e9micos integrados en el actual sistema monetario que conducen a la concentraci\u00f3n de la riqueza: el inter\u00e9s, el proceso de creaci\u00f3n de dinero y el papel de los grupos de presi\u00f3n. La concentraci\u00f3n de la riqueza no es un aspecto \u00fanicamente de justicia. El propio desarrollo econ\u00f3mico depende de un m\u00ednimo de equidad.<\/li>\n<li><strong>Devaluaci\u00f3n del capital social<\/strong>. Si se impone un sistema monetario fomentado b\u00e1sicamente por la competencia, el miedo, la desconfianza y la ansiedad, \u00bfc\u00f3mo se puede esperar que los participantes apuesten por la cooperaci\u00f3n, la responsabilidad, la confianza y la cohesi\u00f3n social?<\/li>\n<\/ul>\n<\/li>\n<\/ul>\n<p>La insostenibilidad ocasionada por el actual sistema monetario se traduce en una disminuci\u00f3n del potencial de desarrollo sostenible de las comunidades, ya sea a nivel local, regional o nacional. Estos fen\u00f3menos son causados no solo por pol\u00edticas monetarias imperfectas, regulaciones laxas o pr\u00e1cticas bancarias insalubres, sino m\u00e1s bien por una inestabilidad estructural en el sistema monetario y bancario en s\u00ed mismo. La fragilidad del sistema proviene de su propia estructura, un legado que se remonta hasta el comienzo de la era industrial. Esta estructura carece de la agilidad y la adaptabilidad necesarias para hacer frente a los acelerados cambios en el entorno econ\u00f3mico y social que caracterizan nuestra \u00e9poca post-industrial. Carece de la <strong>resiliencia<\/strong> necesaria, t\u00e9rmino que desarrollaremos m\u00e1s adelante en este curso. La orientaci\u00f3n de los esfuerzos realizados en el sistema es \u00fanica y exclusivamente hacia la mejora de la eficiencia del sistema en la formaci\u00f3n de precios e intercambios, cuyo valor ser\u00e1 incluido en los indicadores que se utilizan para evaluar la prosperidad de esa sociedad. De esta manera, aquellas actividades y bienes que no son considerados eficientes, o que carecen de valor en el mercado, son excluidos del sistema y no computan en estos indicadores.<\/p>\n<figure id=\"attachment_46\" aria-describedby=\"caption-attachment-46\" style=\"width: 596px\" class=\"wp-caption aligncenter\"><img loading=\"lazy\" class=\"size-full wp-image-46\" src=\"\/wp-content\/uploads\/2018\/10\/monedes_03.jpg\" alt=\"\" width=\"596\" height=\"383\" srcset=\"\/wp-content\/uploads\/2018\/10\/monedes_03.jpg 596w, \/wp-content\/uploads\/2018\/10\/monedes_03-300x193.jpg 300w\" sizes=\"(max-width: 596px) 100vw, 596px\" \/><figcaption id=\"caption-attachment-46\" class=\"wp-caption-text\">Figura 2<\/figcaption><\/figure>\n","protected":false},"excerpt":{"rendered":"<p>Seg\u00fan la concepci\u00f3n predominante del dinero, la econom\u00eda es un sistema cerrado independiente de las externalidades sociales y medioambientales que genera, desentendi\u00e9ndose completamente de ellas. Esta concepci\u00f3n, junto con las caracter\u00edsticas del dinero convencional, fomenta que el actual sistema monetario sea el causante de consecuencias muy comprometedoras para la sostenibilidad de la sociedad y del [&hellip;]<\/p>\n","protected":false},"author":1,"featured_media":0,"parent":0,"menu_order":7,"comment_status":"closed","ping_status":"closed","template":"","meta":[],"_links":{"self":[{"href":"http:\/\/monedes-complementaries.recursos.uoc.edu\/es\/wp-json\/wp\/v2\/pages\/45"}],"collection":[{"href":"http:\/\/monedes-complementaries.recursos.uoc.edu\/es\/wp-json\/wp\/v2\/pages"}],"about":[{"href":"http:\/\/monedes-complementaries.recursos.uoc.edu\/es\/wp-json\/wp\/v2\/types\/page"}],"author":[{"embeddable":true,"href":"http:\/\/monedes-complementaries.recursos.uoc.edu\/es\/wp-json\/wp\/v2\/users\/1"}],"replies":[{"embeddable":true,"href":"http:\/\/monedes-complementaries.recursos.uoc.edu\/es\/wp-json\/wp\/v2\/comments?post=45"}],"version-history":[{"count":4,"href":"http:\/\/monedes-complementaries.recursos.uoc.edu\/es\/wp-json\/wp\/v2\/pages\/45\/revisions"}],"predecessor-version":[{"id":747,"href":"http:\/\/monedes-complementaries.recursos.uoc.edu\/es\/wp-json\/wp\/v2\/pages\/45\/revisions\/747"}],"wp:attachment":[{"href":"http:\/\/monedes-complementaries.recursos.uoc.edu\/es\/wp-json\/wp\/v2\/media?parent=45"}],"curies":[{"name":"wp","href":"https:\/\/api.w.org\/{rel}","templated":true}]}}