{"id":48,"date":"2018-10-08T10:34:46","date_gmt":"2018-10-08T08:34:46","guid":{"rendered":"http:\/\/monedes-complementaries.recursos.uoc.edu\/?page_id=48"},"modified":"2020-11-21T18:27:01","modified_gmt":"2020-11-21T16:27:01","slug":"1-2-3-las-crisis-sistemicas","status":"publish","type":"page","link":"http:\/\/monedes-complementaries.recursos.uoc.edu\/es\/1-2-3-las-crisis-sistemicas\/","title":{"rendered":"1.2.3. Las crisis sist\u00e9micas"},"content":{"rendered":"<p>Veamos en primer lugar qu\u00e9 se entiende por una crisis bancaria, una crisis de la deuda soberana y una crisis monetaria, as\u00ed como los fen\u00f3menos que las acompa\u00f1an.<\/p>\n<p>Una <strong>crisis bancaria<\/strong> se produce cuando un grupo de bancos van simult\u00e1neamente a la quiebra en un pa\u00eds, lo que requiere una importante intervenci\u00f3n por parte de las autoridades para nacionalizar o rescatar los bancos a cargo de los contribuyentes. Seg\u00fan el Fondo Monetario Internacional, en una crisis bancaria los sectores empresarial y financiero de un pa\u00eds experimentan un gran n\u00famero de incumplimientos como consecuencia de grandes dificultades a la hora de reembolsar a tiempo los contratos adquiridos. Como resultado de ello, la morosidad aumenta bruscamente y la mayor parte del capital del sistema bancario global se agota. Esta situaci\u00f3n puede estar acompa\u00f1ada de una depresi\u00f3n de los precios de los activos (acciones y bienes ra\u00edces), fuertes aumentos en las tasas de inter\u00e9s real, y una desaceleraci\u00f3n de los flujos de capital.<\/p>\n<p>Una <strong>crisis de la deuda soberana<\/strong> se produce cuando los mercados financieros estiman que un pa\u00eds o grupo de pa\u00edses pueden incumplir su deuda nacional. Seg\u00fan las normas europeas vigentes, los gobiernos recaudan el dinero que necesitan, ya sea a trav\u00e9s de una subida de los impuestos o ya sea endeud\u00e1ndose m\u00e1s a trav\u00e9s del sistema bancario. La deuda soberana est\u00e1 respaldada en \u00faltima instancia tan solo por la creencia en la capacidad de un gobierno para imponer a sus ciudadanos los impuestos necesarios para el servicio de esa deuda.<\/p>\n<p>Una <strong>crisis monetaria<\/strong> tiene lugar cuando la moneda de un pa\u00eds sufre de repente una ca\u00edda sustancial en su valor en relaci\u00f3n a otras monedas.<\/p>\n<p>Con el fin de hacer referencia a los tres tipos de crisis anteriores usando un \u00fanico t\u00e9rmino, aparece el concepto de <strong>crisis financiera<\/strong>, entendi\u00e9ndose por ella cualquier perturbaci\u00f3n a gran escala que involucre una crisis de deuda soberana, una crisis monetaria y\/o una crisis bancaria, o bien cualquier combinaci\u00f3n de estas tres.<\/p>\n<p>Las crisis financieras sufridas por la humanidad no son el resultado de un fallo c\u00edclico o de gesti\u00f3n, sino de un fallo estructural. Parte de la evidencia para esta afirmaci\u00f3n es que ya ha habido m\u00e1s de 96 importantes crisis financieras en los \u00faltimos 20 a\u00f1os, y que este tipo de incidentes han ocurrido incluso bajo diferentes sistemas de regulaci\u00f3n y diferentes estadios de desarrollo econ\u00f3mico. Por tanto, no debemos hablar tanto de crisis financieras como de <strong>crisis sist\u00e9micas<\/strong> con motivos estructurales. En este tipo de crisis, las organizaciones implicadas (Estados, bancos, bancos centrales o el propio Fondo Monetario Internacional) no solo han fallado a la hora de prever o hacer frente a las consecuencias, sino que tampoco han considerado alternativas al <em>status quo<\/em> sist\u00e9mico. Su soluci\u00f3n ha sido invariablemente volver lo antes posible a la normalidad, sin hacer ning\u00fan cambio significativo en la estructura del propio sistema. Se necesita pues encontrar mejores soluciones a todo ello, puesto que aplicando las soluciones convencionales (nacionalizaci\u00f3n de activos problem\u00e1ticos o nacionalizaci\u00f3n de bancos) solo se est\u00e1n tratando los s\u00edntomas, pero no la causa estructural de las crisis. La regulaci\u00f3n financiera que est\u00e1 en las agendas pol\u00edticas actuales, como mucho reducir\u00e1 la frecuencia de este tipo de crisis, pero no evitar\u00e1 su recurrencia.<\/p>\n","protected":false},"excerpt":{"rendered":"<p>Veamos en primer lugar qu\u00e9 se entiende por una crisis bancaria, una crisis de la deuda soberana y una crisis monetaria, as\u00ed como los fen\u00f3menos que las acompa\u00f1an. Una crisis bancaria se produce cuando un grupo de bancos van simult\u00e1neamente a la quiebra en un pa\u00eds, lo que requiere una importante intervenci\u00f3n por parte de [&hellip;]<\/p>\n","protected":false},"author":1,"featured_media":0,"parent":0,"menu_order":8,"comment_status":"closed","ping_status":"closed","template":"","meta":[],"_links":{"self":[{"href":"http:\/\/monedes-complementaries.recursos.uoc.edu\/es\/wp-json\/wp\/v2\/pages\/48"}],"collection":[{"href":"http:\/\/monedes-complementaries.recursos.uoc.edu\/es\/wp-json\/wp\/v2\/pages"}],"about":[{"href":"http:\/\/monedes-complementaries.recursos.uoc.edu\/es\/wp-json\/wp\/v2\/types\/page"}],"author":[{"embeddable":true,"href":"http:\/\/monedes-complementaries.recursos.uoc.edu\/es\/wp-json\/wp\/v2\/users\/1"}],"replies":[{"embeddable":true,"href":"http:\/\/monedes-complementaries.recursos.uoc.edu\/es\/wp-json\/wp\/v2\/comments?post=48"}],"version-history":[{"count":3,"href":"http:\/\/monedes-complementaries.recursos.uoc.edu\/es\/wp-json\/wp\/v2\/pages\/48\/revisions"}],"predecessor-version":[{"id":748,"href":"http:\/\/monedes-complementaries.recursos.uoc.edu\/es\/wp-json\/wp\/v2\/pages\/48\/revisions\/748"}],"wp:attachment":[{"href":"http:\/\/monedes-complementaries.recursos.uoc.edu\/es\/wp-json\/wp\/v2\/media?parent=48"}],"curies":[{"name":"wp","href":"https:\/\/api.w.org\/{rel}","templated":true}]}}