{"id":50,"date":"2018-10-08T10:37:35","date_gmt":"2018-10-08T08:37:35","guid":{"rendered":"http:\/\/monedes-complementaries.recursos.uoc.edu\/?page_id=50"},"modified":"2020-11-21T18:27:22","modified_gmt":"2020-11-21T16:27:22","slug":"1-3-1-el-paso-del-pensamiento-simple-al-pensamiento-complejo","status":"publish","type":"page","link":"http:\/\/monedes-complementaries.recursos.uoc.edu\/es\/1-3-1-el-paso-del-pensamiento-simple-al-pensamiento-complejo\/","title":{"rendered":"1.3.1. El paso del pensamiento simple al pensamiento complejo"},"content":{"rendered":"<p>Vivimos bajo los principios de disyunci\u00f3n, reducci\u00f3n y abstracci\u00f3n de una l\u00f3gica mecanicista cartesiana. La supremac\u00eda de un conocimiento fragmentado y dividido en disciplinas impide a menudo operar el v\u00ednculo entre las partes y las totalidades a fin de comprender los fen\u00f3menos complejos cotidianos. Ello da lugar a una p\u00e9rdida de visi\u00f3n acerca de las consecuencias a largo plazo de nuestras acciones. La visi\u00f3n actual del mundo como una m\u00e1quina (figura 3a) ya no puede seguir vigente en nuestros modelos mentales de aprendizaje. Los enormes cambios a escala planetaria que se promueven d\u00eda a d\u00eda requieren de modelos modernos de pensamiento para interpretar al mundo en su conjunto como un ser vivo (figura 3b). El pensamiento complejo, basado en la no-linealidad, la organicidad y la multidimensionalidad, es la visi\u00f3n m\u00e1s actualizada para dar un cambio de enfoque al pensamiento mecanicista cartesiano.<\/p>\n<figure id=\"attachment_51\" aria-describedby=\"caption-attachment-51\" style=\"width: 640px\" class=\"wp-caption aligncenter\"><img loading=\"lazy\" class=\"size-full wp-image-51\" src=\"\/wp-content\/uploads\/2018\/10\/monedes_04.jpg\" alt=\"\" width=\"640\" height=\"168\" srcset=\"\/wp-content\/uploads\/2018\/10\/monedes_04.jpg 640w, \/wp-content\/uploads\/2018\/10\/monedes_04-300x79.jpg 300w\" sizes=\"(max-width: 640px) 100vw, 640px\" \/><figcaption id=\"caption-attachment-51\" class=\"wp-caption-text\">Figura 3<\/figcaption><\/figure>\n<p>El pensamiento complejo (o sist\u00e9mico) nos permitir\u00eda precisamente entender las crisis mal llamadas <em>financieras<\/em> o <em>bancarias<\/em> como lo que realmente son: crisis sist\u00e9micas que deben ser resueltas no a nivel de s\u00edntomas sino a nivel de estructura. La aplicaci\u00f3n de este pensamiento complejo en nuestras vidas, y en la econom\u00eda, pasa por dejar atr\u00e1s los sistemas tal y como los conocemos a d\u00eda de hoy y empezar a entenderlos como sistemas complejos. Pasa por dejar atr\u00e1s la visi\u00f3n fragmentada y la insostenibilidad (figura 4a), y evolucionar hacia la visi\u00f3n hol\u00edstica y la sostenibilidad integral (figura 4b y 4c).<\/p>\n<figure id=\"attachment_52\" aria-describedby=\"caption-attachment-52\" style=\"width: 800px\" class=\"wp-caption aligncenter\"><img loading=\"lazy\" class=\"size-full wp-image-52\" src=\"\/wp-content\/uploads\/2018\/10\/monedes_05.jpg\" alt=\"\" width=\"800\" height=\"296\" srcset=\"\/wp-content\/uploads\/2018\/10\/monedes_05.jpg 800w, \/wp-content\/uploads\/2018\/10\/monedes_05-300x111.jpg 300w, \/wp-content\/uploads\/2018\/10\/monedes_05-768x284.jpg 768w\" sizes=\"(max-width: 800px) 100vw, 800px\" \/><figcaption id=\"caption-attachment-52\" class=\"wp-caption-text\">Figura 4<\/figcaption><\/figure>\n<p>Uno de los cambios de pensamiento m\u00e1s importantes de la ciencia en las \u00faltimas d\u00e9cadas ha sido el reconocimiento y el entendimiento de que la naturaleza de los fen\u00f3menos complejos no es lineal, ni predecible, ni mec\u00e1nica, ni cartesiana, ni fragmentable. Los procesos econ\u00f3micos, sociales, culturales y ecol\u00f3gicos, al estar intr\u00ednsecamente integrados entre s\u00ed, gozan de una incre\u00edble no-linealidad y de una significativa dosis de incertidumbre.<\/p>\n<p>Los sistemas complejos son sistemas que no se pueden descomponer, aquellos cuyas partes no pueden ser aisladas ni modificadas independientemente unas de otras. Un sistema complejo est\u00e1 caracterizado por una densa red de interrelaciones y flujos de energ\u00eda entre los elementos que lo conforman, los cuales, a su vez, pueden ser de naturaleza diversa. Cuanto m\u00e1s complejo sea un sistema, mayor n\u00famero de relaciones y mecanismos de <em>feedback<\/em> o retroalimentaci\u00f3n existir\u00e1n entre sus elementos.<\/p>\n<p>D\u00e9cadas de estudio de los ecosistemas naturales han llevado a una comprensi\u00f3n matem\u00e1tica acerca de c\u00f3mo una estructura en red afecta a la viabilidad a largo plazo de un ecosistema, en funci\u00f3n de la <strong>eficiencia<\/strong> o habilidad del sistema de procesar cantidades de materia, flujos de energ\u00eda o informaci\u00f3n y la <strong>resiliencia<\/strong> o habilidad del sistema de recobrarse de disturbios. Estos estudios demuestran que la naturaleza no act\u00faa para alcanzar la m\u00e1xima eficiencia, sino que lo hace para encontrar un punto \u00f3ptimo de equilibrio entre la eficiencia y la resiliencia. La curva que relaciona la sostenibilidad con sus propiedades emergentes presenta cierta asimetr\u00eda, de modo que para lograr el punto \u00f3ptimo la resiliencia es el doble de importante que la eficiencia (figura 5). No obstante lo anterior, todos los ecosistemas presentan unas condiciones todav\u00eda sostenibles dentro de un rango muy estrecho y espec\u00edfico alrededor del punto \u00f3ptimo, llamado <em>ventana de viabilidad<\/em>.<\/p>\n<figure id=\"attachment_53\" aria-describedby=\"caption-attachment-53\" style=\"width: 700px\" class=\"wp-caption aligncenter\"><img loading=\"lazy\" class=\"size-full wp-image-53\" src=\"\/wp-content\/uploads\/2018\/10\/monedes_06.jpg\" alt=\"\" width=\"700\" height=\"350\" srcset=\"\/wp-content\/uploads\/2018\/10\/monedes_06.jpg 700w, \/wp-content\/uploads\/2018\/10\/monedes_06-300x150.jpg 300w\" sizes=\"(max-width: 700px) 100vw, 700px\" \/><figcaption id=\"caption-attachment-53\" class=\"wp-caption-text\">Figura 5<\/figcaption><\/figure>\n","protected":false},"excerpt":{"rendered":"<p>Vivimos bajo los principios de disyunci\u00f3n, reducci\u00f3n y abstracci\u00f3n de una l\u00f3gica mecanicista cartesiana. La supremac\u00eda de un conocimiento fragmentado y dividido en disciplinas impide a menudo operar el v\u00ednculo entre las partes y las totalidades a fin de comprender los fen\u00f3menos complejos cotidianos. Ello da lugar a una p\u00e9rdida de visi\u00f3n acerca de las [&hellip;]<\/p>\n","protected":false},"author":1,"featured_media":0,"parent":0,"menu_order":9,"comment_status":"closed","ping_status":"closed","template":"","meta":[],"_links":{"self":[{"href":"http:\/\/monedes-complementaries.recursos.uoc.edu\/es\/wp-json\/wp\/v2\/pages\/50"}],"collection":[{"href":"http:\/\/monedes-complementaries.recursos.uoc.edu\/es\/wp-json\/wp\/v2\/pages"}],"about":[{"href":"http:\/\/monedes-complementaries.recursos.uoc.edu\/es\/wp-json\/wp\/v2\/types\/page"}],"author":[{"embeddable":true,"href":"http:\/\/monedes-complementaries.recursos.uoc.edu\/es\/wp-json\/wp\/v2\/users\/1"}],"replies":[{"embeddable":true,"href":"http:\/\/monedes-complementaries.recursos.uoc.edu\/es\/wp-json\/wp\/v2\/comments?post=50"}],"version-history":[{"count":3,"href":"http:\/\/monedes-complementaries.recursos.uoc.edu\/es\/wp-json\/wp\/v2\/pages\/50\/revisions"}],"predecessor-version":[{"id":749,"href":"http:\/\/monedes-complementaries.recursos.uoc.edu\/es\/wp-json\/wp\/v2\/pages\/50\/revisions\/749"}],"wp:attachment":[{"href":"http:\/\/monedes-complementaries.recursos.uoc.edu\/es\/wp-json\/wp\/v2\/media?parent=50"}],"curies":[{"name":"wp","href":"https:\/\/api.w.org\/{rel}","templated":true}]}}