{"id":55,"date":"2018-10-08T10:39:32","date_gmt":"2018-10-08T08:39:32","guid":{"rendered":"http:\/\/monedes-complementaries.recursos.uoc.edu\/?page_id=55"},"modified":"2020-11-21T18:27:45","modified_gmt":"2020-11-21T16:27:45","slug":"1-3-2-la-insostenibilidad-del-actual-sistema-monetario","status":"publish","type":"page","link":"http:\/\/monedes-complementaries.recursos.uoc.edu\/es\/1-3-2-la-insostenibilidad-del-actual-sistema-monetario\/","title":{"rendered":"1.3.2. La insostenibilidad del actual sistema monetario"},"content":{"rendered":"<p>El estudio del equilibrio de la eficiencia y la resiliencia de cara a la sostenibilidad de los sistemas complejos, independientemente de que haya sido analizado en ecosistemas naturales, surge de la pura estructura de este tipo de sistemas y, por tanto, es v\u00e1lido para cualquier red compleja con una estructura similar, al margen de lo que se est\u00e9 procesando: biomasa en un ecosistema, informaci\u00f3n en un sistema biol\u00f3gico, o, precisamente, dinero en un sistema econ\u00f3mico.<\/p>\n<p>El actual sistema monetario es excesivamente eficiente (figura 6), en el sentido que es capaz de manejar elevad\u00edsimos vol\u00famenes de informaci\u00f3n, mercanc\u00edas&#8230; Diariamente se realizan intercambios monetarios equivalentes a unos 4 trillones de d\u00f3lares sobre un PIB de 78 trillones de d\u00f3lares. Sin embargo, un exceso de eficiencia bajo el esquema conceptual de una econom\u00eda integrada en un ecosistema con recursos finitos, y sujeto a rendimientos decrecientes, puede ser perjudicial. Ello justificar\u00eda en parte la recurrencia de las crisis, puesto que estamos situados en un punto muy eficiente pero emplazado m\u00e1s all\u00e1 del umbral de la sostenibilidad.<\/p>\n<figure id=\"attachment_56\" aria-describedby=\"caption-attachment-56\" style=\"width: 700px\" class=\"wp-caption aligncenter\"><img loading=\"lazy\" class=\"size-full wp-image-56\" src=\"\/wp-content\/uploads\/2018\/10\/monedes_07.jpg\" alt=\"\" width=\"700\" height=\"350\" srcset=\"\/wp-content\/uploads\/2018\/10\/monedes_07.jpg 700w, \/wp-content\/uploads\/2018\/10\/monedes_07-300x150.jpg 300w\" sizes=\"(max-width: 700px) 100vw, 700px\" \/><figcaption id=\"caption-attachment-56\" class=\"wp-caption-text\">Figura 6<\/figcaption><\/figure>\n<p>La forma de proceder del sistema monetario actual es tal que se est\u00e1 alejando cada vez m\u00e1s del punto \u00f3ptimo (figura 7), debido a su exclusivo \u00e9nfasis en la eficiencia. Prevalece la creencia general de que todas las mejoras tienen que ir en esa misma direcci\u00f3n, la cual aleja al sistema todav\u00eda m\u00e1s de la sostenibilidad \u00f3ptima.<\/p>\n<figure id=\"attachment_57\" aria-describedby=\"caption-attachment-57\" style=\"width: 700px\" class=\"wp-caption aligncenter\"><img loading=\"lazy\" class=\"size-full wp-image-57\" src=\"\/wp-content\/uploads\/2018\/10\/monedes_08.jpg\" alt=\"\" width=\"700\" height=\"350\" srcset=\"\/wp-content\/uploads\/2018\/10\/monedes_08.jpg 700w, \/wp-content\/uploads\/2018\/10\/monedes_08-300x150.jpg 300w\" sizes=\"(max-width: 700px) 100vw, 700px\" \/><figcaption id=\"caption-attachment-57\" class=\"wp-caption-text\">Figura 7<\/figcaption><\/figure>\n<p>Bajo esta forma de proceder, cuando el sistema monetario colapsa (figura 8), moment\u00e1neamente ve reducida de forma dr\u00e1stica su eficiencia, traslad\u00e1ndose pues a la zona de m\u00e1xima resiliencia. Pero dicha situaci\u00f3n es temporal y r\u00e1pidamente intervenida por pol\u00edticas o convenciones globales, empujando nuevamente al sistema hacia un punto muy cercano al previo a la crisis, es decir, a un punto excesivamente eficiente. Los ajustes realizados tras una crisis no se producen a trav\u00e9s del aumento de la resiliencia sino de la eficiencia, devolviendo al sistema a un punto inestable. El motivo de ello es que las crisis no son tratadas como sist\u00e9micas, incidiendo sobre los s\u00edntomas pero no sobre las causas estructurales de las mismas.<\/p>\n<figure id=\"attachment_58\" aria-describedby=\"caption-attachment-58\" style=\"width: 700px\" class=\"wp-caption aligncenter\"><img loading=\"lazy\" class=\"size-full wp-image-58\" src=\"\/wp-content\/uploads\/2018\/10\/monedes_09.jpg\" alt=\"\" width=\"700\" height=\"350\" srcset=\"\/wp-content\/uploads\/2018\/10\/monedes_09.jpg 700w, \/wp-content\/uploads\/2018\/10\/monedes_09-300x150.jpg 300w\" sizes=\"(max-width: 700px) 100vw, 700px\" \/><figcaption id=\"caption-attachment-58\" class=\"wp-caption-text\">Figura 8<\/figcaption><\/figure>\n","protected":false},"excerpt":{"rendered":"<p>El estudio del equilibrio de la eficiencia y la resiliencia de cara a la sostenibilidad de los sistemas complejos, independientemente de que haya sido analizado en ecosistemas naturales, surge de la pura estructura de este tipo de sistemas y, por tanto, es v\u00e1lido para cualquier red compleja con una estructura similar, al margen de lo [&hellip;]<\/p>\n","protected":false},"author":1,"featured_media":0,"parent":0,"menu_order":10,"comment_status":"closed","ping_status":"closed","template":"","meta":[],"_links":{"self":[{"href":"http:\/\/monedes-complementaries.recursos.uoc.edu\/es\/wp-json\/wp\/v2\/pages\/55"}],"collection":[{"href":"http:\/\/monedes-complementaries.recursos.uoc.edu\/es\/wp-json\/wp\/v2\/pages"}],"about":[{"href":"http:\/\/monedes-complementaries.recursos.uoc.edu\/es\/wp-json\/wp\/v2\/types\/page"}],"author":[{"embeddable":true,"href":"http:\/\/monedes-complementaries.recursos.uoc.edu\/es\/wp-json\/wp\/v2\/users\/1"}],"replies":[{"embeddable":true,"href":"http:\/\/monedes-complementaries.recursos.uoc.edu\/es\/wp-json\/wp\/v2\/comments?post=55"}],"version-history":[{"count":4,"href":"http:\/\/monedes-complementaries.recursos.uoc.edu\/es\/wp-json\/wp\/v2\/pages\/55\/revisions"}],"predecessor-version":[{"id":750,"href":"http:\/\/monedes-complementaries.recursos.uoc.edu\/es\/wp-json\/wp\/v2\/pages\/55\/revisions\/750"}],"wp:attachment":[{"href":"http:\/\/monedes-complementaries.recursos.uoc.edu\/es\/wp-json\/wp\/v2\/media?parent=55"}],"curies":[{"name":"wp","href":"https:\/\/api.w.org\/{rel}","templated":true}]}}