{"id":60,"date":"2018-10-08T10:40:24","date_gmt":"2018-10-08T08:40:24","guid":{"rendered":"http:\/\/monedes-complementaries.recursos.uoc.edu\/?page_id=60"},"modified":"2018-12-20T02:54:18","modified_gmt":"2018-12-20T00:54:18","slug":"1-4-1-las-principales-corrientes-de-cambio","status":"publish","type":"page","link":"http:\/\/monedes-complementaries.recursos.uoc.edu\/es\/1-4-1-las-principales-corrientes-de-cambio\/","title":{"rendered":"1.4.1. Las principales corrientes de cambio"},"content":{"rendered":"<p>Veamos en primer lugar las dos grandes corrientes de cambio que ofrecen alternativas al sistema monetario vigente y, por tanto, a las consecuencias derivadas del mismo:<\/p>\n<ol>\n<li><strong>Corriente reformadora<\/strong>. Plantea el cambio del sistema monetario mediante medidas pol\u00edticas, proponiendo leyes que cambien el sistema vigente, pero siempre aprovechando al m\u00e1ximo lo que ya existe. Se propone el paso a un sistema de dinero soberano emitido por el Estado, sin deuda, y a una banca de reserva total basada en el ahorro, sin inter\u00e9s. Esta corriente mantiene la idea de un dinero que no representa ning\u00fan bien en concreto, salvo la obligaci\u00f3n de admitirlo como medio de pago de deuda. Se trata de dinero fiduciario basado en la fe o confianza de la comunidad, es decir, que no se respalda por metales preciosos ni nada que no sea una promesa de pago por parte de la entidad emisora. Se trata de una corriente que pretende sustituir el sistema monetario actual, erradicando y eliminando de ra\u00edz su efecto generador de la actual insostenibilidad planetaria. Algunos de los organismos exponentes de esta corriente son, a nivel nacional, la asociaci\u00f3n Dinero Positivo y, a nivel internacional, American Monetary Institute, Positive Money, Intenational Movement for Monetary Reform, Sovereign Money y Monetative. As\u00ed mismo, algunos de los autores que apuntan hacia esta corriente son, entre otros: Ben Dyson, Joseph Huber y Stephen Zarlenga.<\/li>\n<li><strong>Corriente transformadora<\/strong>. Plantea el cambio del sistema monetario a partir del surgimiento y el desarrollo de las experiencias de la econom\u00eda social, solidaria y colaborativa, as\u00ed como de sus medios alternativos de intercambio. Se propone un sistema monetario basado en una multiplicidad de monedas, en el que cada una de ellas representa la promesa de un productor de bienes, productos o servicios, de entregar un bien real a cambio de la moneda. Se apuesta por distintos tipos de dinero dependiendo de su funci\u00f3n: el dinero convencional sobretodo como dep\u00f3sito de valor, y los medios de cambio alternativos \u00fanica y exclusivamente como medios de cambio y pago. Se trata de una corriente que pretende convivir con el sistema monetario actual, complement\u00e1ndolo y minimizando sus efectos negativos. Algunos de los organismos exponentes de esta corriente son, a nivel nacional, el Instituto de la Moneda Social y, a nivel internacional, Communitiy Currencies in Action, Research Association on Monetary Innovation and Community and Complementary Currency Systems, International Journal of Community Currency Research, Community Currency Resource Center, New Economics Foundation y Community Currency Magazine. As\u00ed mismo, algunos de los autores que apuntan hacia esta corriente son, entre otros: Bernard Lietaer, Gill Seyfang, Thomas Greco, Michael Linton, Edgar Cahn, David Boyle, o la ya fallecida Margrit Kennedy.<\/li>\n<\/ol>\n<p>Es importante destacar la clara diferenciaci\u00f3n existente entre las tres funciones del dinero (la de medio de cambio y pago, la de dep\u00f3sito de valor y la de unidad de medida del valor de las cosas) en funci\u00f3n de la corriente de cambio considerada. El motivo de ello es que hay una contradicci\u00f3n esencial entre las dos primeras funciones: si el dinero es dep\u00f3sito de valor, se retira de la circulaci\u00f3n, y entonces ya no sirve como medio de cambio y pago. La postura de la corriente transformadora es que las dos funciones deber\u00edan estar separadas, al menos en monedas de tipo diferente. Este es el motivo por el cual en dicha corriente se analiza el dinero fundamentalmente como medio de cambio y pago, pero no como dep\u00f3sito de valor. A parte, claro est\u00e1, de como medida para dar valor a las cosas. Lo contrario sucede en el caso de la corriente reformadora, que sigue aplicando las tres funciones del dinero a una misma y \u00fanica moneda.<\/p>\n<p>En este curso se presenta y analiza, precisamente, la corriente transformadora asociada a las monedas complementarias, con todas las implicaciones que la implantaci\u00f3n de la diversidad monetaria representa.<\/p>\n","protected":false},"excerpt":{"rendered":"<p>Veamos en primer lugar las dos grandes corrientes de cambio que ofrecen alternativas al sistema monetario vigente y, por tanto, a las consecuencias derivadas del mismo: Corriente reformadora. Plantea el cambio del sistema monetario mediante medidas pol\u00edticas, proponiendo leyes que cambien el sistema vigente, pero siempre aprovechando al m\u00e1ximo lo que ya existe. Se propone [&hellip;]<\/p>\n","protected":false},"author":1,"featured_media":0,"parent":0,"menu_order":11,"comment_status":"closed","ping_status":"closed","template":"","meta":[],"_links":{"self":[{"href":"http:\/\/monedes-complementaries.recursos.uoc.edu\/es\/wp-json\/wp\/v2\/pages\/60"}],"collection":[{"href":"http:\/\/monedes-complementaries.recursos.uoc.edu\/es\/wp-json\/wp\/v2\/pages"}],"about":[{"href":"http:\/\/monedes-complementaries.recursos.uoc.edu\/es\/wp-json\/wp\/v2\/types\/page"}],"author":[{"embeddable":true,"href":"http:\/\/monedes-complementaries.recursos.uoc.edu\/es\/wp-json\/wp\/v2\/users\/1"}],"replies":[{"embeddable":true,"href":"http:\/\/monedes-complementaries.recursos.uoc.edu\/es\/wp-json\/wp\/v2\/comments?post=60"}],"version-history":[{"count":2,"href":"http:\/\/monedes-complementaries.recursos.uoc.edu\/es\/wp-json\/wp\/v2\/pages\/60\/revisions"}],"predecessor-version":[{"id":578,"href":"http:\/\/monedes-complementaries.recursos.uoc.edu\/es\/wp-json\/wp\/v2\/pages\/60\/revisions\/578"}],"wp:attachment":[{"href":"http:\/\/monedes-complementaries.recursos.uoc.edu\/es\/wp-json\/wp\/v2\/media?parent=60"}],"curies":[{"name":"wp","href":"https:\/\/api.w.org\/{rel}","templated":true}]}}