{"id":62,"date":"2018-10-08T10:46:28","date_gmt":"2018-10-08T08:46:28","guid":{"rendered":"http:\/\/monedes-complementaries.recursos.uoc.edu\/?page_id=62"},"modified":"2020-11-21T18:28:08","modified_gmt":"2020-11-21T16:28:08","slug":"1-4-2-el-paso-del-monopolio-a-la-diversidad-monetaria","status":"publish","type":"page","link":"http:\/\/monedes-complementaries.recursos.uoc.edu\/es\/1-4-2-el-paso-del-monopolio-a-la-diversidad-monetaria\/","title":{"rendered":"1.4.2. El paso del monopolio a la diversidad monetaria"},"content":{"rendered":"<p>El sistema monetario actual tiene los defectos de todos los monopolios: se debe usar la moneda, aunque su uso no sea del todo satisfactorio, al mismo tiempo que se impide que se avance en el descubrimiento de mejores m\u00e9todos de satisfacci\u00f3n de las necesidades existentes.<\/p>\n<p>La soluci\u00f3n a todo ello pasa, entre otros, por diversificar los tipos de moneda e instituciones, introduciendo otras que est\u00e9n espec\u00edficamente dise\u00f1adas para incrementar la disponibilidad de dinero en su funci\u00f3n primaria de medio de intercambio, m\u00e1s que para el ahorro o la especulaci\u00f3n. Este tipo de monedas complementarias, se dise\u00f1an expresamente para conectar lo que de otra manera quedar\u00eda como recursos sin usar y necesidades no cubiertas dentro de una comunidad, regi\u00f3n o pa\u00eds. Existen innovaciones monetarias como soluciones para cada uno de los retos de sostenibilidad. Y el momento es ahora o nunca, como consecuencia del avance tecnol\u00f3gico que est\u00e1 teniendo lugar en estos momentos.<\/p>\n<p>Tal y como ya se ha mencionado en este curso, el dinero de curso oficial fomenta el uso simult\u00e1neo de sus tres distintas funciones, dando un papel excesivamente importante a la funci\u00f3n de reserva de valor, con todo lo que ello conlleva. Por el contrario, las monedas complementarias persiguen, \u00fanica y exclusivamente, el logro de las dos primeras de las funciones, pero nunca la tercera de ellas. La introducci\u00f3n y uso de monedas complementarias puede por tanto solventar, en parte, los cinco fallos estructurales mencionados tambi\u00e9n anteriormente:<\/p>\n<ol>\n<li>Los sistemas monetarios complementarios aumentan las transacciones cuando la econom\u00eda oficial entra en retroceso y viceversa, jugando un papel complementario a la banca convencional y suavizando la tendencia pro-c\u00edclica de la creaci\u00f3n del dinero.<\/li>\n<li>La teor\u00eda de Gesell propone la puesta en marcha de una moneda oxidable que pierda su valor paulatinamente para evitar el atesoramiento. La oxidaci\u00f3n o tasa de inter\u00e9s negativa, desde el punto de vista financiero, transforma completamente el panorama, ya que aumenta los valores en el futuro en lugar de descontarlos, fomentando el pensamiento a largo plazo.<\/li>\n<li>Las monedas complementarias suelen superar el dilema de la obligatoriedad de crecimiento continuo, puesto que no cobran tasas de inter\u00e9s ni generan, por tanto, los efectos del inter\u00e9s compuesto. Las entidades gestoras de monedas complementarias suelen ser asociaciones o cooperativas que, al contrario de los bancos comerciales, no prestan el dinero para maximizar su propio beneficio, disminuyendo con ello la necesidad de crecer constantemente.<\/li>\n<li>La abolici\u00f3n de tasas de inter\u00e9s impide tambi\u00e9n la redistribuci\u00f3n injusta de la riqueza. Si bien algunos sistemas de moneda complementaria cobran alg\u00fan tipo de tasa, su funci\u00f3n es \u00fanica y exclusivamente la de cubrir los gastos operativos pero no para generar beneficios.<\/li>\n<li>Las monedas complementarias son dise\u00f1adas para promover la cooperaci\u00f3n entre usuarios y su uso limitado desalienta el atesoramiento, fomentando con ello la cohesi\u00f3n social.<\/li>\n<\/ol>\n","protected":false},"excerpt":{"rendered":"<p>El sistema monetario actual tiene los defectos de todos los monopolios: se debe usar la moneda, aunque su uso no sea del todo satisfactorio, al mismo tiempo que se impide que se avance en el descubrimiento de mejores m\u00e9todos de satisfacci\u00f3n de las necesidades existentes. La soluci\u00f3n a todo ello pasa, entre otros, por diversificar [&hellip;]<\/p>\n","protected":false},"author":1,"featured_media":0,"parent":0,"menu_order":13,"comment_status":"closed","ping_status":"closed","template":"","meta":[],"_links":{"self":[{"href":"http:\/\/monedes-complementaries.recursos.uoc.edu\/es\/wp-json\/wp\/v2\/pages\/62"}],"collection":[{"href":"http:\/\/monedes-complementaries.recursos.uoc.edu\/es\/wp-json\/wp\/v2\/pages"}],"about":[{"href":"http:\/\/monedes-complementaries.recursos.uoc.edu\/es\/wp-json\/wp\/v2\/types\/page"}],"author":[{"embeddable":true,"href":"http:\/\/monedes-complementaries.recursos.uoc.edu\/es\/wp-json\/wp\/v2\/users\/1"}],"replies":[{"embeddable":true,"href":"http:\/\/monedes-complementaries.recursos.uoc.edu\/es\/wp-json\/wp\/v2\/comments?post=62"}],"version-history":[{"count":5,"href":"http:\/\/monedes-complementaries.recursos.uoc.edu\/es\/wp-json\/wp\/v2\/pages\/62\/revisions"}],"predecessor-version":[{"id":751,"href":"http:\/\/monedes-complementaries.recursos.uoc.edu\/es\/wp-json\/wp\/v2\/pages\/62\/revisions\/751"}],"wp:attachment":[{"href":"http:\/\/monedes-complementaries.recursos.uoc.edu\/es\/wp-json\/wp\/v2\/media?parent=62"}],"curies":[{"name":"wp","href":"https:\/\/api.w.org\/{rel}","templated":true}]}}