{"id":64,"date":"2018-10-08T10:48:34","date_gmt":"2018-10-08T08:48:34","guid":{"rendered":"http:\/\/monedes-complementaries.recursos.uoc.edu\/?page_id=64"},"modified":"2020-11-21T18:28:34","modified_gmt":"2020-11-21T16:28:34","slug":"1-4-3-la-sostenibilidad-de-la-diversidad-monetaria","status":"publish","type":"page","link":"http:\/\/monedes-complementaries.recursos.uoc.edu\/es\/1-4-3-la-sostenibilidad-de-la-diversidad-monetaria\/","title":{"rendered":"1.4.3. La sostenibilidad de la diversidad monetaria"},"content":{"rendered":"<p>La idea econ\u00f3mica convencional asume <em>de facto<\/em> el monopolio de las monedas nacionales como un hecho incuestionable. En contraste, hay evidencias que apuntan a la conclusi\u00f3n de que la sostenibilidad monetaria requiere de una diversidad de sistemas de moneda, de manera que puedan emerger m\u00faltiples y diversas v\u00edas de cambio y conexi\u00f3n monetaria. Esto incuestionablemente reduce la eficiencia, pero tambi\u00e9n incrementa la capacidad de respuesta de la econom\u00eda en general al facilitar las transacciones que de otro modo no ocurrir\u00edan, a trav\u00e9s de una diversidad y unas conexiones que de otro modo no existir\u00edan.<\/p>\n<p>El efecto de las monedas complementarias puede tener lugar en cualquier momento, ya sea antes o despu\u00e9s de un colapso o crisis propiamente dicha. En el primer caso se trata de anticiparse, en el segundo caso se trata de reaccionar.<\/p>\n<p>Si sucede antes del colapso (figura 9), su efecto se traducir\u00e1 en un acercamiento progresivo hacia la zona de sostenibilidad viable, en base a un aumento de la resiliencia del sistema y, por tanto, en base a una p\u00e9rdida de su eficiencia.<\/p>\n<figure id=\"attachment_67\" aria-describedby=\"caption-attachment-67\" style=\"width: 700px\" class=\"wp-caption alignnone\"><img loading=\"lazy\" class=\"wp-image-67 size-full\" src=\"\/wp-content\/uploads\/2018\/10\/monedes_12.jpg\" alt=\"\" width=\"700\" height=\"767\" srcset=\"\/wp-content\/uploads\/2018\/10\/monedes_12.jpg 700w, \/wp-content\/uploads\/2018\/10\/monedes_12-274x300.jpg 274w\" sizes=\"(max-width: 700px) 100vw, 700px\" \/><figcaption id=\"caption-attachment-67\" class=\"wp-caption-text\">Figura 11<\/figcaption><\/figure>\n<p>Si sucede tras un colapso (figura 10), el efecto de las monedas complementarias ser\u00e1 an\u00e1logo al de cualquier sistema natural: el sistema va recuperando su eficiencia progresivamente, sin perder mucha resiliencia, y acerc\u00e1ndose cada vez m\u00e1s a su punto \u00f3ptimo de sostenibilidad.<\/p>\n<figure id=\"attachment_66\" aria-describedby=\"caption-attachment-66\" style=\"width: 700px\" class=\"wp-caption aligncenter\"><img loading=\"lazy\" class=\"size-full wp-image-66\" src=\"\/wp-content\/uploads\/2018\/10\/monedes_11.jpg\" alt=\"\" width=\"700\" height=\"350\" srcset=\"\/wp-content\/uploads\/2018\/10\/monedes_11.jpg 700w, \/wp-content\/uploads\/2018\/10\/monedes_11-300x150.jpg 300w\" sizes=\"(max-width: 700px) 100vw, 700px\" \/><figcaption id=\"caption-attachment-66\" class=\"wp-caption-text\">Figura 10<\/figcaption><\/figure>\n<p>Un sistema monetario m\u00e1s sostenible tender\u00eda a ser, pues, un ecosistema con una amplia variedad de monedas y de agentes con diferentes \u00e1mbitos regionales, todos ellos coexistiendo simult\u00e1neamente (figura 11). Esta nueva configuraci\u00f3n ir\u00eda m\u00e1s all\u00e1 del dinero en forma de deuda bancaria monopolizado por gigantes financieros o Estados, y ser\u00eda una estrategia inteligente de diversificaci\u00f3n e interconectividad, que ampliar\u00eda la resiliencia del ecosistema monetario y, por tanto, la sostenibilidad del mismo, as\u00ed como el desarrollo sostenible.<\/p>\n<figure id=\"attachment_67\" aria-describedby=\"caption-attachment-67\" style=\"width: 700px\" class=\"wp-caption aligncenter\"><img loading=\"lazy\" class=\"size-full wp-image-67\" src=\"\/wp-content\/uploads\/2018\/10\/monedes_12.jpg\" alt=\"\" width=\"700\" height=\"767\" srcset=\"\/wp-content\/uploads\/2018\/10\/monedes_12.jpg 700w, \/wp-content\/uploads\/2018\/10\/monedes_12-274x300.jpg 274w\" sizes=\"(max-width: 700px) 100vw, 700px\" \/><figcaption id=\"caption-attachment-67\" class=\"wp-caption-text\">Figura 11<\/figcaption><\/figure>\n","protected":false},"excerpt":{"rendered":"<p>La idea econ\u00f3mica convencional asume de facto el monopolio de las monedas nacionales como un hecho incuestionable. En contraste, hay evidencias que apuntan a la conclusi\u00f3n de que la sostenibilidad monetaria requiere de una diversidad de sistemas de moneda, de manera que puedan emerger m\u00faltiples y diversas v\u00edas de cambio y conexi\u00f3n monetaria. Esto incuestionablemente [&hellip;]<\/p>\n","protected":false},"author":1,"featured_media":0,"parent":0,"menu_order":15,"comment_status":"closed","ping_status":"closed","template":"","meta":[],"_links":{"self":[{"href":"http:\/\/monedes-complementaries.recursos.uoc.edu\/es\/wp-json\/wp\/v2\/pages\/64"}],"collection":[{"href":"http:\/\/monedes-complementaries.recursos.uoc.edu\/es\/wp-json\/wp\/v2\/pages"}],"about":[{"href":"http:\/\/monedes-complementaries.recursos.uoc.edu\/es\/wp-json\/wp\/v2\/types\/page"}],"author":[{"embeddable":true,"href":"http:\/\/monedes-complementaries.recursos.uoc.edu\/es\/wp-json\/wp\/v2\/users\/1"}],"replies":[{"embeddable":true,"href":"http:\/\/monedes-complementaries.recursos.uoc.edu\/es\/wp-json\/wp\/v2\/comments?post=64"}],"version-history":[{"count":4,"href":"http:\/\/monedes-complementaries.recursos.uoc.edu\/es\/wp-json\/wp\/v2\/pages\/64\/revisions"}],"predecessor-version":[{"id":752,"href":"http:\/\/monedes-complementaries.recursos.uoc.edu\/es\/wp-json\/wp\/v2\/pages\/64\/revisions\/752"}],"wp:attachment":[{"href":"http:\/\/monedes-complementaries.recursos.uoc.edu\/es\/wp-json\/wp\/v2\/media?parent=64"}],"curies":[{"name":"wp","href":"https:\/\/api.w.org\/{rel}","templated":true}]}}