{"id":71,"date":"2018-10-08T10:51:03","date_gmt":"2018-10-08T08:51:03","guid":{"rendered":"http:\/\/monedes-complementaries.recursos.uoc.edu\/?page_id=71"},"modified":"2018-12-20T02:57:43","modified_gmt":"2018-12-20T00:57:43","slug":"2-1-1-el-concepto-de-complementariedad","status":"publish","type":"page","link":"http:\/\/monedes-complementaries.recursos.uoc.edu\/es\/2-1-1-el-concepto-de-complementariedad\/","title":{"rendered":"2.1.1. El concepto de complementariedad"},"content":{"rendered":"<p>El concepto de monedas complementarias fue acu\u00f1ado por Bernard Lietaer para referirse a:<\/p>\n<blockquote><p>\u00ab[\u2026] sistemas monetarios creados al margen de las monedas oficiales de un pa\u00eds, y que fomentan tanto la realizaci\u00f3n de proyectos econ\u00f3micos, sociales y medioambientales de car\u00e1cter regional, como la puesta en valor de activos y recursos que no se encuentran dentro de los c\u00edrculos o circuitos ordinarios de intercambio debido a la escasez de la moneda oficial.\u00bb<\/p><\/blockquote>\n<div class=\"blockquote-author\"><p>Bernard Lietaer<\/p>\n<\/div>\n<p>Las monedas complementarias son a menudo llamadas <em>alternativas<\/em>, <em>comunitarias<\/em>, <em>locales<\/em>, <em>solidarias<\/em> o <em>sociales<\/em>, ya sea por temas de tradici\u00f3n o para reflejar los objetivos perseguidos en los proyectos donde son utilizadas. En particular, el significado de cada uno de estos calificativos ser\u00eda el siguiente:<\/p>\n<ul>\n<li><strong>Alternativas<\/strong>: porque pueden funcionar en lugar del dinero de curso oficial en ciertos contextos, suponiendo una alternativa al mismo.<\/li>\n<li><strong>Comunitarias<\/strong>: porque pueden funcionar en comunidades de personas o entidades que se relacionan directamente y desean establecer su propio medio de intercambio.<\/li>\n<li><strong>Locales<\/strong>: porque pueden circular en lugares y espacios delimitados geogr\u00e1ficamente, ya sea en una localidad, en un municipio&#8230;<\/li>\n<li><strong>Solidarias<\/strong>: porque pueden fomentar los valores de la gratitud, la ayuda mutua y el altruismo, es decir, la solidaridad entre las personas.<\/li>\n<li><strong>Sociales<\/strong>: porque pueden ser creadas, emitidas y controladas por grupos sociales, y\/o fomentar la cohesi\u00f3n de las sociedades.<\/li>\n<\/ul>\n<p>En este curso se ha optado por mantener el uso del calificativo <strong>complementarias<\/strong>, por ser el que mejor refleja una de las principales caracter\u00edsticas de este tipo de monedas: la complementariedad en relaci\u00f3n al dinero de curso oficial, al cual no pretenden sustituir del todo en ning\u00fan momento. El resto de adjetivos quedan impl\u00edcitos, en mayor o menor grado, en el concepto general de monedas complementarias, puesto que en funci\u00f3n de la tipolog\u00eda de proyecto y los objetivos perseguidos por el mismo, \u00e9stas tambi\u00e9n promueven lo alternativo, lo comunitario, lo local, lo solidario y lo social.<\/p>\n","protected":false},"excerpt":{"rendered":"<p>El concepto de monedas complementarias fue acu\u00f1ado por Bernard Lietaer para referirse a: \u00ab[\u2026] sistemas monetarios creados al margen de las monedas oficiales de un pa\u00eds, y que fomentan tanto la realizaci\u00f3n de proyectos econ\u00f3micos, sociales y medioambientales de car\u00e1cter regional, como la puesta en valor de activos y recursos que no se encuentran dentro [&hellip;]<\/p>\n","protected":false},"author":1,"featured_media":0,"parent":0,"menu_order":17,"comment_status":"closed","ping_status":"closed","template":"","meta":[],"_links":{"self":[{"href":"http:\/\/monedes-complementaries.recursos.uoc.edu\/es\/wp-json\/wp\/v2\/pages\/71"}],"collection":[{"href":"http:\/\/monedes-complementaries.recursos.uoc.edu\/es\/wp-json\/wp\/v2\/pages"}],"about":[{"href":"http:\/\/monedes-complementaries.recursos.uoc.edu\/es\/wp-json\/wp\/v2\/types\/page"}],"author":[{"embeddable":true,"href":"http:\/\/monedes-complementaries.recursos.uoc.edu\/es\/wp-json\/wp\/v2\/users\/1"}],"replies":[{"embeddable":true,"href":"http:\/\/monedes-complementaries.recursos.uoc.edu\/es\/wp-json\/wp\/v2\/comments?post=71"}],"version-history":[{"count":2,"href":"http:\/\/monedes-complementaries.recursos.uoc.edu\/es\/wp-json\/wp\/v2\/pages\/71\/revisions"}],"predecessor-version":[{"id":583,"href":"http:\/\/monedes-complementaries.recursos.uoc.edu\/es\/wp-json\/wp\/v2\/pages\/71\/revisions\/583"}],"wp:attachment":[{"href":"http:\/\/monedes-complementaries.recursos.uoc.edu\/es\/wp-json\/wp\/v2\/media?parent=71"}],"curies":[{"name":"wp","href":"https:\/\/api.w.org\/{rel}","templated":true}]}}