{"id":73,"date":"2018-10-08T10:52:24","date_gmt":"2018-10-08T08:52:24","guid":{"rendered":"http:\/\/monedes-complementaries.recursos.uoc.edu\/?page_id=73"},"modified":"2018-12-20T02:58:24","modified_gmt":"2018-12-20T00:58:24","slug":"2-1-2-una-breve-resena-historica","status":"publish","type":"page","link":"http:\/\/monedes-complementaries.recursos.uoc.edu\/es\/2-1-2-una-breve-resena-historica\/","title":{"rendered":"2.1.2. Una breve rese\u00f1a hist\u00f3rica"},"content":{"rendered":"<p>Tan solo en el actual periodo de la historia las tres funciones del dinero residen en una \u00fanica moneda oficial de escala nacional. A lo largo de la mayor parte de la historia, diferentes formas de dinero han ido cumpliendo estas funciones por separado, manteni\u00e9ndose vigentes por siglos y sin impedimento alguno.<\/p>\n<p>Desde un punto de vista gen\u00e9rico, podemos remontarnos a los primeros sistemas de trueque de la humanidad para encontrar la sistem\u00e1tica de los sistemas monetarios sociales. Desde hace miles de a\u00f1os, distintas comunidades humanas han creado sus propias monedas con objeto de satisfacer las necesidades de sus miembros y resguardarse as\u00ed de la inestabilidad econ\u00f3mica. Desde entonces, y hasta nuestros d\u00edas, las monedas complementarias han pasado por numerosos avatares, y en la actualidad se encuentran en much\u00edsimos pa\u00edses del mundo. Las monedas nacionales, as\u00ed como las supranacionales, han sido un claro obst\u00e1culo para su desarrollo, si bien no hay que perder de vista que algunos de los sistemas monetarios complementarios se basan en monedas que precisan de la redenci\u00f3n \u00faltima en moneda oficial.<\/p>\n<div class=\"featured featured-grey\"><p>As\u00ed, por ejemplo, en el antiguo Egipto se utilizaron este tipo de monedas, y su existencia estuvo \u00edntimamente relacionada con su prosperidad econ\u00f3mica. Tambi\u00e9n en la Edad Media y en el sistema feudal se utilizaron este tipo de sistemas monetarios. Un ejemplo emblem\u00e1tico de monedas se circunscribe al hecho de que las grandes catedrales de la Europa del Medioevo fueron financiadas con los denominados <em>breakteats<\/em> o monedas locales, siendo los trabajadores remunerados con dichas monedas.<\/p>\n<\/div>\n<p>Hay diversas experiencias documentadas del uso de monedas complementarias, que se combinan con dinero convencional, desde los a\u00f1os 30 del siglo <span class=\"roman\">xx<\/span>: en Alemania surgi\u00f3 el W\u00e4ra, en Austria el W\u00f6rgl, y otras en los pa\u00edses escandinavos, Bulgaria, Canad\u00e1, Dinamarca, Ecuador, Espa\u00f1a, Francia, Italia, M\u00e9xico, Pa\u00edses Bajos, Rumania, Suecia, Suiza, Finlandia y China. Estas monedas respondieron a la necesidad de tener formas alternativas para comprar bienes para el abastecimiento familiar durante la depresi\u00f3n de 1929, si bien la mayor\u00eda de ellas fueron prohibidas por los gobiernos de los pa\u00edses despu\u00e9s de un tiempo en funcionamiento. Tan solo una de ellas sobrevive hasta el d\u00eda de hoy. Es el caso del Wir de Suiza.<\/p>\n<p>Despu\u00e9s de medio siglo, en 1983, Michael Linton ide\u00f3 los LETS (acr\u00f3nimo de <em>Local Employment and Trade System<\/em>), que surgieron en Canad\u00e1 y que actualmente son uno de los sistemas monetarios complementarios m\u00e1s difundidos en todo el mundo. Pronto se extendi\u00f3 a Inglaterra, Nueva Zelanda y Austria, pasando posteriormente a Estados Unidos, Australia y Europa. De forma independiente apareci\u00f3 en Francia el SEL (acr\u00f3nimo de <em>Syst\u00e8me de \u00c9change Local<\/em>), en Jap\u00f3n el Fureai Ticket y en Estados Unidos otros sistemas que se han vuelto muy populares como son los Time Dollars y los Ithaca Hours.<\/p>\n<p>La combinaci\u00f3n de dinero convencional con monedas complementarias funciona con \u00e9xito tanto en pa\u00edses econ\u00f3micamente poderosos como en pa\u00edses de econom\u00eda dependiente (Brasil, Tailandia, Indonesia y Senegal, entre otros). Muchas monedas complementarias han aparecido durante momentos de crisis econ\u00f3micas en que escasea el trabajo remunerado y el dinero. Tal es el caso de Argentina, cuyo colapso econ\u00f3mico sufrido en 2001, impuls\u00f3 que se sumaran nuevos sistemas de cr\u00e9dito alternativos, o monedas complementarias, a los que ya exist\u00edan y, en poco tiempo, llegaron a involucrar a cientos de miles de usuarios, fen\u00f3meno que se expandi\u00f3 hacia otros pa\u00edses de la regi\u00f3n. No obstante, en el contexto de crisis econ\u00f3mica, no solo la gente de escasos recursos explora alternativas, tambi\u00e9n la gran empresa capitalista echa mano de distintas formas de atraer y conservar su clientela. Las llamadas <em>millas<\/em> que se otorgan a cambio de haber comprado billetes previamente en una l\u00ednea a\u00e9rea, si bien no son en rigor dinero, atraen cada vez m\u00e1s viajeros frecuentes. Si bien el dinero alternativo de empresas capitalistas se asemeja al dinero complementario en el sentido de que se utiliza algo distinto al dinero convencional para realizar compras, vale la pena reflejar una diferencia muy clara e importante a nivel conceptual: el primero fue ideado como parte de la competencia capitalista, para atar al cliente, para que regrese al mismo lugar donde ya compr\u00f3, mientras que el segundo busca ofrecer al consumidor alternativas ante la carencia de dinero y la monopolizaci\u00f3n del mercado entre otras cosas.<\/p>\n","protected":false},"excerpt":{"rendered":"<p>Tan solo en el actual periodo de la historia las tres funciones del dinero residen en una \u00fanica moneda oficial de escala nacional. A lo largo de la mayor parte de la historia, diferentes formas de dinero han ido cumpliendo estas funciones por separado, manteni\u00e9ndose vigentes por siglos y sin impedimento alguno. Desde un punto [&hellip;]<\/p>\n","protected":false},"author":1,"featured_media":0,"parent":0,"menu_order":18,"comment_status":"closed","ping_status":"closed","template":"","meta":[],"_links":{"self":[{"href":"http:\/\/monedes-complementaries.recursos.uoc.edu\/es\/wp-json\/wp\/v2\/pages\/73"}],"collection":[{"href":"http:\/\/monedes-complementaries.recursos.uoc.edu\/es\/wp-json\/wp\/v2\/pages"}],"about":[{"href":"http:\/\/monedes-complementaries.recursos.uoc.edu\/es\/wp-json\/wp\/v2\/types\/page"}],"author":[{"embeddable":true,"href":"http:\/\/monedes-complementaries.recursos.uoc.edu\/es\/wp-json\/wp\/v2\/users\/1"}],"replies":[{"embeddable":true,"href":"http:\/\/monedes-complementaries.recursos.uoc.edu\/es\/wp-json\/wp\/v2\/comments?post=73"}],"version-history":[{"count":2,"href":"http:\/\/monedes-complementaries.recursos.uoc.edu\/es\/wp-json\/wp\/v2\/pages\/73\/revisions"}],"predecessor-version":[{"id":584,"href":"http:\/\/monedes-complementaries.recursos.uoc.edu\/es\/wp-json\/wp\/v2\/pages\/73\/revisions\/584"}],"wp:attachment":[{"href":"http:\/\/monedes-complementaries.recursos.uoc.edu\/es\/wp-json\/wp\/v2\/media?parent=73"}],"curies":[{"name":"wp","href":"https:\/\/api.w.org\/{rel}","templated":true}]}}