{"id":75,"date":"2018-10-08T11:07:55","date_gmt":"2018-10-08T09:07:55","guid":{"rendered":"http:\/\/monedes-complementaries.recursos.uoc.edu\/?page_id=75"},"modified":"2018-11-21T22:49:50","modified_gmt":"2018-11-21T20:49:50","slug":"2-2-1-las-distintas-tipologias","status":"publish","type":"page","link":"http:\/\/monedes-complementaries.recursos.uoc.edu\/es\/2-2-1-las-distintas-tipologias\/","title":{"rendered":"2.2.1. Las distintas tipolog\u00edas"},"content":{"rendered":"<p>Veamos en primer lugar las cuatro diferentes tipolog\u00edas de monedas complementarias existentes seg\u00fan la clasificaci\u00f3n definida por Gill Seyfang y Noel Longhurst en 2013. Seg\u00fan esta clasificaci\u00f3n, las monedas complementarias son intervenciones destinadas a fortalecer la solidaridad local, ofrecer liquidez adicional e incentivar motivaciones medioambientales, persiguiendo el establecimiento del triple balance de los \u00e1mbitos de actuaci\u00f3n social, econ\u00f3mico y medioambiental.<\/p>\n<ol>\n<li><strong>Sistemas de cr\u00e9dito mutuo<\/strong>. Son sistemas monetarios fiduciarios creados por sus propios miembros. Estos anuncian sus ofertas y demandas de bienes y servicios en un directorio, a la vez que un sistema de contabilidad central se encarga de registrar las transacciones. La moneda propiamente dicha se crea en el momento de realizar una transacci\u00f3n de compra\/venta en la que, tanto el comprador como el vendedor, se comprometen con el sistema. Son sistemas basados en la confianza, en los cuales el gasto de un miembro equivale al logro de una deuda hacia el resto de miembros. Tienden a existir en el contexto de la sociedad civil, a menudo con poco respaldo por parte de los gobiernos o de otras fuentes de financiaci\u00f3n. Los LETS son una de las formas m\u00e1s conocidas de sistemas de cr\u00e9dito mutuo.<\/li>\n<li><strong>Bancos de tiempos<\/strong>. Son iniciativas similares a los sistemas cr\u00e9dito mutuo, pero restringiendo los intercambios \u00fanica y exclusivamente a los servicios. Son sistemas de intercambio basados en el tiempo como unidad de cuenta, operando a trav\u00e9s de una central que enlaza los servicios ofertados y los demandados. Bajo estos sistemas de intercambio, el tiempo vale lo mismo para todo el mundo, independientemente del servicio prestado. El tiempo se gana ayudando a otras personas u organizaciones, pudi\u00e9ndose gastar en los servicios ofrecidos por el resto de miembros. Los bancos de tiempo se organizan en barrios o comunidades, a menudo a cargo de personas voluntarias, si bien algunos de ellos est\u00e1n impulsados por instituciones. Son sistemas que a menudo se centran en un sector espec\u00edfico, como la salud, la educaci\u00f3n o la justicia, entre otros, siendo sus objetivos principales la inclusi\u00f3n, la cohesi\u00f3n y la construcci\u00f3n de capital social.<\/li>\n<li><strong>Monedas locales<\/strong>. Son sistemas monetarios geogr\u00e1ficamente delimitados, circulando dentro de una determinada regi\u00f3n. Tienen como objetivo la promoci\u00f3n de la actividad econ\u00f3mica en \u00e9sta, apoyando la econom\u00eda local, aumentando la velocidad de los intercambios y fomentando su efecto multiplicador, previniendo que el dinero escape de la localidad. Y, en cualquier caso, sin suplantar la moneda de curso oficial o el comercio interregional. Si bien muchas de ellas tienen forma de billetes f\u00edsicos, hay otros casos en los que se trabaja \u00fanica y exclusivamente con plataformas tecnol\u00f3gicas, incluyendo tarjetas de d\u00e9bito y telefon\u00eda m\u00f3vil. Durante los \u00faltimos a\u00f1os han surgido iniciativas asociadas a las propias administraciones p\u00fablicas, que han visto en este tipo de sistemas monetarios una oportunidad para hacer pol\u00edticas p\u00fablicas que generen riqueza local, aumentando la recirculaci\u00f3n monetaria y empoderando al comercio y a la poblaci\u00f3n local.<\/li>\n<li><strong>Mercados de trueque<\/strong>. Son un h\u00edbrido entre los sistemas de cr\u00e9dito mutuo y las monedas locales. Constan de una infraestructura que facilita a los participantes el intercambio de bienes y servicios en el marco de un acontecimiento, como por ejemplo los mercados o las ferias. Est\u00e1n asociados a iniciativas de econom\u00eda solidaria de la sociedad civil, si bien tambi\u00e9n con un fuerte \u00e9nfasis de promover el desarrollo sostenible a trav\u00e9s de la reutilizaci\u00f3n de bienes. Son monedas destinadas a superar la escasez del dinero de curso oficial y a facilitar el intercambio entre un grupo de usuarios. Suelen asociarse al concepto de prosumidores, es decir, personas que producen y consumen al mismo tiempo.<\/li>\n<\/ol>\n<figure id=\"attachment_76\" aria-describedby=\"caption-attachment-76\" style=\"width: 534px\" class=\"wp-caption aligncenter\"><img loading=\"lazy\" class=\"size-full wp-image-76\" src=\"\/wp-content\/uploads\/2018\/10\/monedes_13.jpg\" alt=\"\" width=\"534\" height=\"380\" srcset=\"\/wp-content\/uploads\/2018\/10\/monedes_13.jpg 534w, \/wp-content\/uploads\/2018\/10\/monedes_13-300x213.jpg 300w\" sizes=\"(max-width: 534px) 100vw, 534px\" \/><figcaption id=\"caption-attachment-76\" class=\"wp-caption-text\">Figura 12<\/figcaption><\/figure>\n","protected":false},"excerpt":{"rendered":"<p>Veamos en primer lugar las cuatro diferentes tipolog\u00edas de monedas complementarias existentes seg\u00fan la clasificaci\u00f3n definida por Gill Seyfang y Noel Longhurst en 2013. Seg\u00fan esta clasificaci\u00f3n, las monedas complementarias son intervenciones destinadas a fortalecer la solidaridad local, ofrecer liquidez adicional e incentivar motivaciones medioambientales, persiguiendo el establecimiento del triple balance de los \u00e1mbitos de [&hellip;]<\/p>\n","protected":false},"author":1,"featured_media":0,"parent":0,"menu_order":19,"comment_status":"closed","ping_status":"closed","template":"","meta":[],"_links":{"self":[{"href":"http:\/\/monedes-complementaries.recursos.uoc.edu\/es\/wp-json\/wp\/v2\/pages\/75"}],"collection":[{"href":"http:\/\/monedes-complementaries.recursos.uoc.edu\/es\/wp-json\/wp\/v2\/pages"}],"about":[{"href":"http:\/\/monedes-complementaries.recursos.uoc.edu\/es\/wp-json\/wp\/v2\/types\/page"}],"author":[{"embeddable":true,"href":"http:\/\/monedes-complementaries.recursos.uoc.edu\/es\/wp-json\/wp\/v2\/users\/1"}],"replies":[{"embeddable":true,"href":"http:\/\/monedes-complementaries.recursos.uoc.edu\/es\/wp-json\/wp\/v2\/comments?post=75"}],"version-history":[{"count":1,"href":"http:\/\/monedes-complementaries.recursos.uoc.edu\/es\/wp-json\/wp\/v2\/pages\/75\/revisions"}],"predecessor-version":[{"id":77,"href":"http:\/\/monedes-complementaries.recursos.uoc.edu\/es\/wp-json\/wp\/v2\/pages\/75\/revisions\/77"}],"wp:attachment":[{"href":"http:\/\/monedes-complementaries.recursos.uoc.edu\/es\/wp-json\/wp\/v2\/media?parent=75"}],"curies":[{"name":"wp","href":"https:\/\/api.w.org\/{rel}","templated":true}]}}