{"id":78,"date":"2018-10-08T11:08:41","date_gmt":"2018-10-08T09:08:41","guid":{"rendered":"http:\/\/monedes-complementaries.recursos.uoc.edu\/?page_id=78"},"modified":"2020-11-21T18:29:26","modified_gmt":"2020-11-21T16:29:26","slug":"2-2-2-los-bancos-de-tiempo","status":"publish","type":"page","link":"http:\/\/monedes-complementaries.recursos.uoc.edu\/es\/2-2-2-los-bancos-de-tiempo\/","title":{"rendered":"2.2.2. Los bancos de tiempo"},"content":{"rendered":"<p>Se trata de las monedas complementarias con mayor n\u00famero de iniciativas a nivel internacional, representando el 50,2% del total.<\/p>\n<p>Los bancos de tiempo tienen como unidad monetaria fundamental el tiempo. Los participantes obtienen un cr\u00e9dito en tiempo por cada hora que destinan a ayudar a alguien, independientemente del servicio prestado. Estos cr\u00e9ditos se pueden guardar para usarlos en un futuro, se pueden donar a otra persona, o se pueden usar para comprar servicios de otros miembros. Esto representa un rechazo radical a las valoraciones del mercado de trabajo, puesto que el tiempo de toda persona vale lo mismo.<\/p>\n<p>Los bancos de tiempo fomentan tanto la construcci\u00f3n de capital social, como la inclusi\u00f3n y la cohesi\u00f3n por el apoyo entre vecinos, la asistencia social, las actividades basadas en la comunidad, o el trabajo a nivel de programas de voluntariado rec\u00edproco.<\/p>\n<p>Uno de los primeros ejemplos de banco de tiempo se registra en Jap\u00f3n a partir de 1973, el <strong>Fureai Kippu<\/strong>, si bien no puede considerarse como el propulsor de este tipo de sistemas. En Estados Unidos, Edgar Cahn fue quien desarroll\u00f3 realmente la idea de bancos de tiempo, en 1986, para utilizar las habilidades y recursos sin explotar en los barrios desfavorecidos, para reconstruir las comunidades y para restablecer la dignidad de las personas excluidas socialmente. Este modelo se expandi\u00f3 r\u00e1pidamente a trav\u00e9s de los Estados Unidos, pasando posteriormente al Reino Unido en 1997, a trav\u00e9s de David Boyle y la New Economics Foundation (NEF). Desde entonces, existen redes muy fuertes e importantes tanto en el Reino Unido y como en los Estados Unidos, las cuales han desarrollado nuevas metodolog\u00edas y han mejorado las pr\u00e1cticas, al mismo tiempo que han apoyado a nuevos proyectos a nivel internacional, como por ejemplo en Italia, Espa\u00f1a, Portugal, Nueva Zelanda, Finlandia, Canad\u00e1 y Jap\u00f3n.<\/p>\n","protected":false},"excerpt":{"rendered":"<p>Se trata de las monedas complementarias con mayor n\u00famero de iniciativas a nivel internacional, representando el 50,2% del total. Los bancos de tiempo tienen como unidad monetaria fundamental el tiempo. Los participantes obtienen un cr\u00e9dito en tiempo por cada hora que destinan a ayudar a alguien, independientemente del servicio prestado. Estos cr\u00e9ditos se pueden guardar [&hellip;]<\/p>\n","protected":false},"author":1,"featured_media":0,"parent":0,"menu_order":20,"comment_status":"closed","ping_status":"closed","template":"","meta":[],"_links":{"self":[{"href":"http:\/\/monedes-complementaries.recursos.uoc.edu\/es\/wp-json\/wp\/v2\/pages\/78"}],"collection":[{"href":"http:\/\/monedes-complementaries.recursos.uoc.edu\/es\/wp-json\/wp\/v2\/pages"}],"about":[{"href":"http:\/\/monedes-complementaries.recursos.uoc.edu\/es\/wp-json\/wp\/v2\/types\/page"}],"author":[{"embeddable":true,"href":"http:\/\/monedes-complementaries.recursos.uoc.edu\/es\/wp-json\/wp\/v2\/users\/1"}],"replies":[{"embeddable":true,"href":"http:\/\/monedes-complementaries.recursos.uoc.edu\/es\/wp-json\/wp\/v2\/comments?post=78"}],"version-history":[{"count":4,"href":"http:\/\/monedes-complementaries.recursos.uoc.edu\/es\/wp-json\/wp\/v2\/pages\/78\/revisions"}],"predecessor-version":[{"id":754,"href":"http:\/\/monedes-complementaries.recursos.uoc.edu\/es\/wp-json\/wp\/v2\/pages\/78\/revisions\/754"}],"wp:attachment":[{"href":"http:\/\/monedes-complementaries.recursos.uoc.edu\/es\/wp-json\/wp\/v2\/media?parent=78"}],"curies":[{"name":"wp","href":"https:\/\/api.w.org\/{rel}","templated":true}]}}