{"id":80,"date":"2018-10-08T11:10:06","date_gmt":"2018-10-08T09:10:06","guid":{"rendered":"http:\/\/monedes-complementaries.recursos.uoc.edu\/?page_id=80"},"modified":"2020-11-21T18:29:49","modified_gmt":"2020-11-21T16:29:49","slug":"2-2-3-los-sistemas-de-credito-mutuo","status":"publish","type":"page","link":"http:\/\/monedes-complementaries.recursos.uoc.edu\/es\/2-2-3-los-sistemas-de-credito-mutuo\/","title":{"rendered":"2.2.3. Los sistemas de cr\u00e9dito mutuo"},"content":{"rendered":"<p>Se trata de las monedas complementarias que ocupan la segunda posici\u00f3n en n\u00famero de iniciativas a nivel internacional, representando el 41,3% del total.<\/p>\n<p>Los sistemas de intercambio mutuo son creados durante el propio acto de compra o gasto: el cr\u00e9dito de una persona es igual al d\u00e9bito de otra, de modo que las cuentas siempre suman cero. Tanto el valor como la utilidad de la moneda se conservan gracias a la confianza entre los miembros para cumplir sus compromisos (o deudas).<\/p>\n<p>Se trata de sistemas que pueden operar o no dentro de una zona geogr\u00e1fica definida, proporcionando a los usuarios el acceso al cr\u00e9dito sin intereses, el cual puede ser gastado dentro del c\u00edrculo de comercios o usuarios inscritos en el programa. Los miembros anuncian sus ofertas o demandas en un directorio, de modo que cuando se realiza una transacci\u00f3n esta queda contabilizada en el propio sistema, ya sea a trav\u00e9s de un talonario donde se apuntan los participantes y el importe de la transacci\u00f3n, o ya sea a nivel tecnol\u00f3gico. Algunos proyectos vinculan el valor de su moneda a la moneda nacional, otros prefieren un sistema basado en el tiempo (como el caso particular de los bancos de tiempo), y algunos incluso mezclan el tiempo con los valores propios de la moneda.<\/p>\n<p>Todo indica que, si bien los intercambios mutuos est\u00e1n claramente dirigidos a apoyar las econom\u00edas locales, son los beneficios sociales y de fomento de la comunidad los que tienen el mayor impacto a trav\u00e9s de las redes sociales que fomentan.<\/p>\n<p>El ejemplo m\u00e1s conocido es el LETS, que naci\u00f3 en la isla de Vancouver, Canad\u00e1, en 1983 por parte del activista comunitario Michael Linton. Su prop\u00f3sito inicial fue el de ser un dinero de emergencia durante la recesi\u00f3n. Los LETS, generalmente surgidos de la sociedad civil, se extendieron r\u00e1pidamente a trav\u00e9s de Canad\u00e1, Reino Unido, Nueva Zelanda y Australia durante los a\u00f1os 1980 y 1990, a trav\u00e9s de redes de activistas verdes. El crecimiento de los LETS alcanz\u00f3 su punto m\u00e1ximo a finales de 1990 en el Reino Unido, debiendo esperar unos a\u00f1os m\u00e1s para alcanzar su madurez a nivel del resto de Europa. Existen adaptaciones de los LETS en Francia, Hungr\u00eda, Alemania, Austria, Suiza y Australia, y modelos similares que han surgido en Sud\u00e1frica, Jap\u00f3n y Canad\u00e1. Otros pa\u00edses se han inspirado en los LETS, dando lugar a nuevas formas y sistemas h\u00edbridos. As\u00ed por ejemplo, el modelo CES (acr\u00f3nimo de <em>Community Exchange Systems<\/em>) est\u00e1 inspirado en LETS y proporciona una plataforma electr\u00f3nica en la que pueda tener lugar el intercambio mutuo. Este sistema se origin\u00f3 en Sud\u00e1frica, pero se ha extendido a nivel internacional y ha sido y es utilizado por muchos de los sistemas de intercambio mutuo existentes.<\/p>\n<p>Las caracter\u00edsticas y ventajas de estos sistemas LETS se pueden resumir en:<\/p>\n<ul>\n<li>Nunca habr\u00e1 ninguna falta de cr\u00e9dito dentro de una comunidad de comerciantes, al hacerse posible todas las transacciones leg\u00edtimas.<\/li>\n<li>La asignaci\u00f3n de cr\u00e9ditos est\u00e1 determinada, en base democr\u00e1tica y descentralizada, por sus propios participantes de acuerdo con sus propios reglamentos y niveles de confianza mutua.<\/li>\n<li>Los participantes pueden ahorrar gracias a evitar costos de inter\u00e9s y tasas de transacciones bancarias.<\/li>\n<li>Los participantes pueden evitar los efectos adversos de factores externos, tales como inflaci\u00f3n monetaria, pol\u00edticas restrictivas de cr\u00e9dito bancario o inestabilidades econ\u00f3micas y financieras a nivel mundial.<\/li>\n<\/ul>\n<p>No obstante lo anterior, hay distintos factores importantes a tener en consideraci\u00f3n para la puesta en marcha de LETS:<\/p>\n<ul>\n<li>Evitar los errores fundamentales de generar expectativas excesivas y de aferrarse al dise\u00f1o inicial del sistema, debiendo \u00e9ste ser flexible y adaptarse a los contextos socioecon\u00f3micos locales.<\/li>\n<li>Introducir a la gente en el sistema de forma adecuada, explicando a los nuevos socios c\u00f3mo funciona el sistema y confirmando su comprensi\u00f3n.<\/li>\n<li>Llevar una gesti\u00f3n profesional del sistema, elaborando materiales publicitarios y directorios bien dise\u00f1ados, as\u00ed como organizando fiestas y viajes para que se conozcan los socios.<\/li>\n<li>Tener suficiente variedad de capacidades ofrecidas para cubrir las necesidades de la gente (producci\u00f3n de alimentos, servicios de reparaci\u00f3n, reciclaje y reutilizaci\u00f3n\u2026).<\/li>\n<li>Tener un esp\u00edritu bien definido y compartido, construyendo un consenso sobre el mecanismo y el objetivo del sistema.<\/li>\n<li>Avisar a cada socio acerca de lo que se consigue con el sistema LETS (transacci\u00f3n de bienes y servicios no profesionales que no ser\u00edan vendidos con dinero de curso legal).<\/li>\n<li>Cuidar a los socios activos, interviniendo para que los socios con talentos y capacidades que todo el mundo quiere, no acaben acumulando demasiado saldo positivo, se cansen de ofrecer este servicio y se vayan.<\/li>\n<\/ul>\n","protected":false},"excerpt":{"rendered":"<p>Se trata de las monedas complementarias que ocupan la segunda posici\u00f3n en n\u00famero de iniciativas a nivel internacional, representando el 41,3% del total. Los sistemas de intercambio mutuo son creados durante el propio acto de compra o gasto: el cr\u00e9dito de una persona es igual al d\u00e9bito de otra, de modo que las cuentas siempre [&hellip;]<\/p>\n","protected":false},"author":1,"featured_media":0,"parent":0,"menu_order":21,"comment_status":"closed","ping_status":"closed","template":"","meta":[],"_links":{"self":[{"href":"http:\/\/monedes-complementaries.recursos.uoc.edu\/es\/wp-json\/wp\/v2\/pages\/80"}],"collection":[{"href":"http:\/\/monedes-complementaries.recursos.uoc.edu\/es\/wp-json\/wp\/v2\/pages"}],"about":[{"href":"http:\/\/monedes-complementaries.recursos.uoc.edu\/es\/wp-json\/wp\/v2\/types\/page"}],"author":[{"embeddable":true,"href":"http:\/\/monedes-complementaries.recursos.uoc.edu\/es\/wp-json\/wp\/v2\/users\/1"}],"replies":[{"embeddable":true,"href":"http:\/\/monedes-complementaries.recursos.uoc.edu\/es\/wp-json\/wp\/v2\/comments?post=80"}],"version-history":[{"count":3,"href":"http:\/\/monedes-complementaries.recursos.uoc.edu\/es\/wp-json\/wp\/v2\/pages\/80\/revisions"}],"predecessor-version":[{"id":755,"href":"http:\/\/monedes-complementaries.recursos.uoc.edu\/es\/wp-json\/wp\/v2\/pages\/80\/revisions\/755"}],"wp:attachment":[{"href":"http:\/\/monedes-complementaries.recursos.uoc.edu\/es\/wp-json\/wp\/v2\/media?parent=80"}],"curies":[{"name":"wp","href":"https:\/\/api.w.org\/{rel}","templated":true}]}}