{"id":82,"date":"2018-10-08T11:13:58","date_gmt":"2018-10-08T09:13:58","guid":{"rendered":"http:\/\/monedes-complementaries.recursos.uoc.edu\/?page_id=82"},"modified":"2020-11-21T18:30:10","modified_gmt":"2020-11-21T16:30:10","slug":"2-2-4-las-monedas-locales","status":"publish","type":"page","link":"http:\/\/monedes-complementaries.recursos.uoc.edu\/es\/2-2-4-las-monedas-locales\/","title":{"rendered":"2.2.4. Las monedas locales"},"content":{"rendered":"<p>Se trata de las monedas complementarias que ocupan la tercera posici\u00f3n en n\u00famero de iniciativas a nivel internacional, representando el 7,1% del total.<\/p>\n<p>Los sistemas de moneda local buscan circular exclusivamente dentro de una regi\u00f3n geogr\u00e1ficamente acotada, aumentando el multiplicador econ\u00f3mico local y el apoyo a las empresas locales. En algunos casos se consigue todo ello a trav\u00e9s de la conversi\u00f3n con la moneda nacional, formando as\u00ed vales de intercambio local que son canjeables solo dentro de ciertas \u00e1reas o con las empresas participantes. Una vez emitidos, circulan libremente hasta que se convierten de nuevo a moneda nacional. En otros casos se consigue a trav\u00e9s de programas de ayudas o financiaci\u00f3n inyectados por la propia administraci\u00f3n p\u00fablica.<\/p>\n<p>Estas monedas tienen el prop\u00f3sito de complementar la moneda nacional, aumentar la velocidad de los intercambios locales, pero sin suplantar la moneda nacional o el comercio interregional. Se presta especial atenci\u00f3n a las caracter\u00edsticas de seguridad, hasta el punto que existen muchos sistemas que utilizan impresoras de divisas convencionales para producir sus billetes, es decir, a prueba de falsificaciones.<\/p>\n<p>La categor\u00eda de las monedas locales incluye el proyecto las Horas, que se origin\u00f3 en Ithaca, estado de Nueva York, en 1991. Existen tambi\u00e9n otros proyectos dentro los Estados Unidos, en Canad\u00e1 y en otros pa\u00edses, la mayor\u00eda de ellos ligados a grupos ecologistas y alternativos, que utilizan la moneda local para impulsar la actividad econ\u00f3mica local. El sistema alem\u00e1n Regiogeld (dinero regional) es un proyecto que se centra m\u00e1s en el desarrollo econ\u00f3mico local y que tiene una fuerte red de intercambio. Los bancos comunitarios de Brasil, como parte de un movimiento basado en la econom\u00eda solidaria hacia el desarrollo econ\u00f3mico y el empoderamiento ciudadano, tienen como objetivo impulsar la actividad econ\u00f3mica local en regiones marginales.<\/p>\n<p>El modelo de las Transition Currencies lleg\u00f3 al Reino Unido en 2007 y ha estado creciendo en forma de distintas monedas. Aunque no hay ninguna actividad de red formal entre ellas, se comparte el aprendizaje y la experimentaci\u00f3n con los mecanismos de pago electr\u00f3nico para aumentar la captaci\u00f3n de usuarios. Estas monedas est\u00e1n todas asociadas, en mayor o menor grado, con el decrecimiento de las ciudades en transici\u00f3n, y tienen por objeto aumentar la capacidad de recuperaci\u00f3n econ\u00f3mica local.<\/p>\n<p>Recientemente han surgido iniciativas asociadas a las propias administraciones p\u00fablicas, viendo en este tipo de sistemas monetarios una oportunidad de hacer pol\u00edticas p\u00fablicas que generen riqueza local, aumentando la recirculaci\u00f3n monetaria y empoderando al comercio y a la poblaci\u00f3n local.<\/p>\n","protected":false},"excerpt":{"rendered":"<p>Se trata de las monedas complementarias que ocupan la tercera posici\u00f3n en n\u00famero de iniciativas a nivel internacional, representando el 7,1% del total. Los sistemas de moneda local buscan circular exclusivamente dentro de una regi\u00f3n geogr\u00e1ficamente acotada, aumentando el multiplicador econ\u00f3mico local y el apoyo a las empresas locales. En algunos casos se consigue todo [&hellip;]<\/p>\n","protected":false},"author":1,"featured_media":0,"parent":0,"menu_order":22,"comment_status":"closed","ping_status":"closed","template":"","meta":[],"_links":{"self":[{"href":"http:\/\/monedes-complementaries.recursos.uoc.edu\/es\/wp-json\/wp\/v2\/pages\/82"}],"collection":[{"href":"http:\/\/monedes-complementaries.recursos.uoc.edu\/es\/wp-json\/wp\/v2\/pages"}],"about":[{"href":"http:\/\/monedes-complementaries.recursos.uoc.edu\/es\/wp-json\/wp\/v2\/types\/page"}],"author":[{"embeddable":true,"href":"http:\/\/monedes-complementaries.recursos.uoc.edu\/es\/wp-json\/wp\/v2\/users\/1"}],"replies":[{"embeddable":true,"href":"http:\/\/monedes-complementaries.recursos.uoc.edu\/es\/wp-json\/wp\/v2\/comments?post=82"}],"version-history":[{"count":4,"href":"http:\/\/monedes-complementaries.recursos.uoc.edu\/es\/wp-json\/wp\/v2\/pages\/82\/revisions"}],"predecessor-version":[{"id":756,"href":"http:\/\/monedes-complementaries.recursos.uoc.edu\/es\/wp-json\/wp\/v2\/pages\/82\/revisions\/756"}],"wp:attachment":[{"href":"http:\/\/monedes-complementaries.recursos.uoc.edu\/es\/wp-json\/wp\/v2\/media?parent=82"}],"curies":[{"name":"wp","href":"https:\/\/api.w.org\/{rel}","templated":true}]}}