{"id":84,"date":"2018-10-08T11:14:47","date_gmt":"2018-10-08T09:14:47","guid":{"rendered":"http:\/\/monedes-complementaries.recursos.uoc.edu\/?page_id=84"},"modified":"2018-11-21T22:49:51","modified_gmt":"2018-11-21T20:49:51","slug":"2-2-5-los-mercados-de-trueque","status":"publish","type":"page","link":"http:\/\/monedes-complementaries.recursos.uoc.edu\/es\/2-2-5-los-mercados-de-trueque\/","title":{"rendered":"2.2.5. Los mercados de trueque"},"content":{"rendered":"<p>Se trata de las monedas complementarias que ocupan la \u00faltima posici\u00f3n en n\u00famero de iniciativas a nivel internacional, representando el 1,4% del total.<\/p>\n<p>Los mercados de trueque son un h\u00edbrido entre las monedas locales y los sistemas de cr\u00e9dito mutuo, comprendiendo una nueva infraestructura para que las personas puedan intercambiar bienes y servicios dentro de un evento espec\u00edfico, en un sitio limitado, sin la necesidad de moneda convencional. Los usuarios de los mercados de trueque se unen a un club local en el que consiguen la moneda local (pr\u00e9stamos sin intereses), para consumir dentro de los propios mercados. Se trata de monedas que posteriormente no son convertibles a la moneda oficial.<\/p>\n<p>Los mercados de trueque surgieron por primera vez en Bernal, Buenos Aires, como una iniciativa de sostenibilidad instigada por una ONG ambiental en 1995. Emergieron en un contexto de desindustrializaci\u00f3n y crisis fiscal, se expandieron r\u00e1pidamente durante el colapso financiero argentino de 1999 a 2002, y se convirtieron en una forma de vida para un grupo demogr\u00e1fico muy amplio. No obstante, los clubes de trueque argentinos fueron castigados por la rivalidad entre redes y sufrieron un colapso catastr\u00f3fico en credibilidad en 2002. Sin embargo, algunos sistemas argentinos a\u00fan permanecen y modelos similares han sido adoptados en Venezuela y M\u00e9xico, donde se han mantenido estrechamente asociados a las ideas de la econom\u00eda solidaria. Los mercados de trueque informales son tambi\u00e9n operativos en otros pa\u00edses de Am\u00e9rica del Sur. Han surgido tambi\u00e9n en Quebec, Canad\u00e1, una regi\u00f3n con un fuerte movimiento de econom\u00eda social. Sin embargo, en Canad\u00e1, este sistema tiene un mayor \u00e9nfasis en el apoyo al desarrollo sostenible a trav\u00e9s de la reutilizaci\u00f3n de los bienes, que la ideolog\u00eda de solidaridad econ\u00f3mica que motiva a los sistemas de M\u00e9xico y Sudam\u00e9rica.<\/p>\n","protected":false},"excerpt":{"rendered":"<p>Se trata de las monedas complementarias que ocupan la \u00faltima posici\u00f3n en n\u00famero de iniciativas a nivel internacional, representando el 1,4% del total. Los mercados de trueque son un h\u00edbrido entre las monedas locales y los sistemas de cr\u00e9dito mutuo, comprendiendo una nueva infraestructura para que las personas puedan intercambiar bienes y servicios dentro de [&hellip;]<\/p>\n","protected":false},"author":1,"featured_media":0,"parent":0,"menu_order":23,"comment_status":"closed","ping_status":"closed","template":"","meta":[],"_links":{"self":[{"href":"http:\/\/monedes-complementaries.recursos.uoc.edu\/es\/wp-json\/wp\/v2\/pages\/84"}],"collection":[{"href":"http:\/\/monedes-complementaries.recursos.uoc.edu\/es\/wp-json\/wp\/v2\/pages"}],"about":[{"href":"http:\/\/monedes-complementaries.recursos.uoc.edu\/es\/wp-json\/wp\/v2\/types\/page"}],"author":[{"embeddable":true,"href":"http:\/\/monedes-complementaries.recursos.uoc.edu\/es\/wp-json\/wp\/v2\/users\/1"}],"replies":[{"embeddable":true,"href":"http:\/\/monedes-complementaries.recursos.uoc.edu\/es\/wp-json\/wp\/v2\/comments?post=84"}],"version-history":[{"count":1,"href":"http:\/\/monedes-complementaries.recursos.uoc.edu\/es\/wp-json\/wp\/v2\/pages\/84\/revisions"}],"predecessor-version":[{"id":85,"href":"http:\/\/monedes-complementaries.recursos.uoc.edu\/es\/wp-json\/wp\/v2\/pages\/84\/revisions\/85"}],"wp:attachment":[{"href":"http:\/\/monedes-complementaries.recursos.uoc.edu\/es\/wp-json\/wp\/v2\/media?parent=84"}],"curies":[{"name":"wp","href":"https:\/\/api.w.org\/{rel}","templated":true}]}}