{"id":86,"date":"2018-10-08T11:19:38","date_gmt":"2018-10-08T09:19:38","guid":{"rendered":"http:\/\/monedes-complementaries.recursos.uoc.edu\/?page_id=86"},"modified":"2020-11-21T18:30:38","modified_gmt":"2020-11-21T16:30:38","slug":"2-3-1-el-ambito-de-actuacion-principal","status":"publish","type":"page","link":"http:\/\/monedes-complementaries.recursos.uoc.edu\/es\/2-3-1-el-ambito-de-actuacion-principal\/","title":{"rendered":"2.3.1. El \u00e1mbito de actuaci\u00f3n principal"},"content":{"rendered":"<p>En funci\u00f3n de la tipolog\u00eda y de la configuraci\u00f3n del dise\u00f1o inicial, las monedas complementarias pueden fomentar, en mayor o menor grado, los \u00e1mbitos de actuaci\u00f3n social, econ\u00f3mico y medioambiental. Y, por lo tanto, pueden tener una visi\u00f3n m\u00e1s o menos hol\u00edstica, seg\u00fan el grado de equilibrio de estos tres \u00e1mbitos.<\/p>\n<h4><strong>\u00c1mbito de actuaci\u00f3n social<\/strong><\/h4>\n<ul>\n<li>Para algunos autores, el principal objetivo de las monedas complementarias es mejorar el bienestar social de las comunidades donde circulan, puesto que permiten suplir necesidades psicol\u00f3gicas como el reconocimiento, el sentido de pertenencia y la autoestima a trav\u00e9s de la interacci\u00f3n social en lugar del individualismo y el consumismo material. Esto puede ocurrir por varias v\u00edas, como por ejemplo con actos de solidaridad entre vecinos que promueven un sentido de comunidad y una construcci\u00f3n de confianza entre participantes. Iniciativas de este tipo son especialmente \u00fatiles en \u00e1reas donde las comunidades se han fragmentado o existe poca confianza entre grupos sociales, permitiendo la participaci\u00f3n de grupos excluidos.<\/li>\n<li>Dado que cualquier persona tiene algo que ofrecer, incluyendo aquellas habilidades que no se valoran en el mercado de trabajo formal, las monedas complementarias permiten el empoderamiento de grupos socialmente excluidos, impulsando as\u00ed la autoestima, la confianza, la participaci\u00f3n social y el bienestar. Estos aspectos, incluso en las peque\u00f1as interacciones que se derivan de las transacciones con una motivaci\u00f3n m\u00e1s econ\u00f3mica, se suman al crecimiento del esp\u00edritu comunitario y las redes de amistad.<\/li>\n<li>La conducta prosocial es el conjunto de comportamientos que las personas hacen voluntariamente a favor de otros, logrando objetivamente un beneficio en los dem\u00e1s, con independencia de que, en la mayor\u00eda de los casos, ese comportamiento prosocial revierta en su propio beneficio. Los principios de altruismo, solidaridad y ayuda mutua inspiran precisamente comportamientos prosociales, como los que pueden tener lugar mediante el uso de sistemas monetarios complementarios.<\/li>\n<\/ul>\n<h4><strong>\u00c1mbito de actuaci\u00f3n econ\u00f3mico<\/strong><\/h4>\n<ul>\n<li>Las monedas complementarias son citadas por muchas organizaciones como un instrumento para construir circuitos locales de valor econ\u00f3mico que evitan que la riqueza fluya fuera de la comunidad, realizar un efecto multiplicador en la econom\u00eda local y promover la localizaci\u00f3n de procesos.<\/li>\n<li>As\u00ed mismo, el trabajo informal, el intercambio de habilidades, el voluntariado y el trabajo dom\u00e9stico, todos ellos cruciales para la econom\u00eda de mercado, pueden ser efectivamente valorados, reconocidos, recompensados e incluso intercambiados gracias a las monedas complementarias. Esto puede ayudar a contrarrestar la explotaci\u00f3n de la mano de obra a trav\u00e9s del empleo formal y ayudar a construir relaciones econ\u00f3micas donde se valore la cooperaci\u00f3n y el intercambio.<\/li>\n<li>A\u00f1adir tambi\u00e9n que este tipo de monedas ofrecen un medio complementario de acceso a bienes y servicios a personas financieramente excluidas o que no pueden encontrar empleo formal. Del mismo modo, se argumenta que las monedas complementarias pueden apoyar el desarrollo econ\u00f3mico sostenible a trav\u00e9s de las peque\u00f1as empresas locales que muestran mayor lealtad a las comunidades locales, mediante sistemas de cr\u00e9dito mutuo entre empresas, lo que permite comerciar entre s\u00ed sin necesidad de dinero convencional. Algunas de estas monedas incluso apoyan espec\u00edficamente a las empresas sociales y a los negocios con enfoque sostenible.<\/li>\n<\/ul>\n<h4><strong>\u00c1mbito de actuaci\u00f3n medioambiental<\/strong><\/h4>\n<ul>\n<li>Las monedas complementarias tienen impactos ambientales positivos, puesto que reducen la huella ecol\u00f3gica a trav\u00e9s de la creaci\u00f3n de modelos de consumo m\u00e1s locales y la sustituci\u00f3n de las importaciones, reduciendo as\u00ed la energ\u00eda necesaria para el transporte. As\u00ed mismo, facilitan el intercambio de recursos y la disponibilidad de un mercado para la venta de productos producidos localmente con recursos locales e incluso la reutilizaci\u00f3n.<\/li>\n<li>Algunas monedas complementarias estimulan un comportamiento m\u00e1s pro-ambiente, como por ejemplo, incentivando a los ciudadanos a participar en programas de reciclaje o estimulando la compra de productos m\u00e1s sostenibles y\/o utilizando el transporte p\u00fablico. As\u00ed mismo, las monedas complementarias pueden fomentar el desarrollo de nuevas tecnolog\u00edas m\u00e1s ambientales, como por ejemplo, en el caso de las energ\u00edas renovables, aumentando la inversi\u00f3n de capital mediante la emisi\u00f3n de notas respaldadas por la producci\u00f3n de energ\u00eda.<\/li>\n<\/ul>\n<figure id=\"attachment_87\" aria-describedby=\"caption-attachment-87\" style=\"width: 534px\" class=\"wp-caption aligncenter\"><img loading=\"lazy\" class=\"size-full wp-image-87\" src=\"\/wp-content\/uploads\/2018\/10\/monedes_14.jpg\" alt=\"\" width=\"534\" height=\"281\" srcset=\"\/wp-content\/uploads\/2018\/10\/monedes_14.jpg 534w, \/wp-content\/uploads\/2018\/10\/monedes_14-300x158.jpg 300w\" sizes=\"(max-width: 534px) 100vw, 534px\" \/><figcaption id=\"caption-attachment-87\" class=\"wp-caption-text\">Figura 13<\/figcaption><\/figure>\n","protected":false},"excerpt":{"rendered":"<p>En funci\u00f3n de la tipolog\u00eda y de la configuraci\u00f3n del dise\u00f1o inicial, las monedas complementarias pueden fomentar, en mayor o menor grado, los \u00e1mbitos de actuaci\u00f3n social, econ\u00f3mico y medioambiental. Y, por lo tanto, pueden tener una visi\u00f3n m\u00e1s o menos hol\u00edstica, seg\u00fan el grado de equilibrio de estos tres \u00e1mbitos. \u00c1mbito de actuaci\u00f3n social [&hellip;]<\/p>\n","protected":false},"author":1,"featured_media":0,"parent":0,"menu_order":23,"comment_status":"closed","ping_status":"closed","template":"","meta":[],"_links":{"self":[{"href":"http:\/\/monedes-complementaries.recursos.uoc.edu\/es\/wp-json\/wp\/v2\/pages\/86"}],"collection":[{"href":"http:\/\/monedes-complementaries.recursos.uoc.edu\/es\/wp-json\/wp\/v2\/pages"}],"about":[{"href":"http:\/\/monedes-complementaries.recursos.uoc.edu\/es\/wp-json\/wp\/v2\/types\/page"}],"author":[{"embeddable":true,"href":"http:\/\/monedes-complementaries.recursos.uoc.edu\/es\/wp-json\/wp\/v2\/users\/1"}],"replies":[{"embeddable":true,"href":"http:\/\/monedes-complementaries.recursos.uoc.edu\/es\/wp-json\/wp\/v2\/comments?post=86"}],"version-history":[{"count":3,"href":"http:\/\/monedes-complementaries.recursos.uoc.edu\/es\/wp-json\/wp\/v2\/pages\/86\/revisions"}],"predecessor-version":[{"id":757,"href":"http:\/\/monedes-complementaries.recursos.uoc.edu\/es\/wp-json\/wp\/v2\/pages\/86\/revisions\/757"}],"wp:attachment":[{"href":"http:\/\/monedes-complementaries.recursos.uoc.edu\/es\/wp-json\/wp\/v2\/media?parent=86"}],"curies":[{"name":"wp","href":"https:\/\/api.w.org\/{rel}","templated":true}]}}