{"id":89,"date":"2018-10-08T11:20:52","date_gmt":"2018-10-08T09:20:52","guid":{"rendered":"http:\/\/monedes-complementaries.recursos.uoc.edu\/?page_id=89"},"modified":"2020-11-21T18:31:00","modified_gmt":"2020-11-21T16:31:00","slug":"2-3-2-el-proceso-de-emision","status":"publish","type":"page","link":"http:\/\/monedes-complementaries.recursos.uoc.edu\/es\/2-3-2-el-proceso-de-emision\/","title":{"rendered":"2.3.2. El proceso de emisi\u00f3n"},"content":{"rendered":"<p>Independientemente de la tipolog\u00eda y del \u00e1mbito de actuaci\u00f3n principal al que pretenda dar respuesta, las monedas complementarias pueden tener diferentes procesos de creaci\u00f3n o emisi\u00f3n monetaria.<\/p>\n<ul>\n<li><strong>Monedas basadas en un cr\u00e9dito compartido<\/strong>. Es el caso de los sistemas de cr\u00e9dito mutuo, los bancos de tiempos y los mercados de trueque. En estos casos, la moneda representa una deuda de intercambio con otros miembros de la misma comunidad, comput\u00e1ndose como un haber o saldo positivo del miembro que ofrece el producto o servicio, y un debe o saldo negativo del miembro que lo recibe.<\/li>\n<li><strong>Monedas respaldadas por dinero de curso oficial<\/strong>. Se trata de la modalidad m\u00e1s sencilla y solvente de implementar, puesto que cuenta con la confianza generalizada en el valor del dinero convencional. El proceso se inicia teniendo que adquirir o apoyar la emisi\u00f3n monetaria con un fondo en moneda de curso oficial, utiliz\u00e1ndose en un determinado \u00e1mbito territorial, generalmente local o comarcal, entre los actores econ\u00f3micos que participan del sistema. Uno de los criterios de viabilidad para los comercios es que estas monedas suelen ser posteriormente intercambiables en moneda de curso oficial, a menudo con un porcentaje de penalizaci\u00f3n por liquidaci\u00f3n que sirve para la sostenibilidad del sistema.<\/li>\n<li><strong>Monedas fiduciarias<\/strong>. Se trata de valores de cambio creados sin ning\u00fan tipo de respaldo e introducidos en un circuito para ser empleados como medio de intercambio de bienes y servicios. En este caso los participantes reciben una cantidad id\u00e9ntica al registrarse en el sistema, o bien peri\u00f3dicamente en forma de renta b\u00e1sica, entre otros.<\/li>\n<li><strong>Monedas respaldadas por bienes<\/strong>. Se emiten respaldadas por un determinado bien, y atendiendo a la existencia de \u00e9ste en cantidad suficiente. As\u00ed por ejemplo, la energ\u00eda el\u00e9ctrica, los productos en stock no vendidos por parte de una empresa, o la producci\u00f3n agr\u00edcola de un colectivo, entre otros. Es un sistema poco empleado en el Estado espa\u00f1ol y, en general, ajeno a las posibilidades de intervenci\u00f3n de los actores p\u00fablicos.<\/li>\n<li><strong>Monedas emitidas como deuda<\/strong>. Se respalda la moneda como bono para la financiaci\u00f3n de determinados proyectos. La moneda act\u00faa como documento diferido de cobro de un dep\u00f3sito inicial en dinero de curso oficial, y circula entre los actores que aceptan la confianza en esta deuda. El cobro se puede llevar a cabo finalmente tanto en bienes o servicios, como recuperando la aportaci\u00f3n inicial en la moneda de curso oficial. Es una modalidad que puede tener sentido plantear en el caso de la financiaci\u00f3n de administraciones locales muy endeudadas que necesiten hacer frente a exigencias de liquidez o proyectos comunitarios.<\/li>\n<\/ul>\n<p><img loading=\"lazy\" class=\"alignnone wp-image-255 size-full\" src=\"\/wp-content\/uploads\/2018\/12\/monedes_15_cat.jpg\" alt=\"\" width=\"534\" height=\"281\" srcset=\"\/wp-content\/uploads\/2018\/12\/monedes_15_cat.jpg 534w, \/wp-content\/uploads\/2018\/12\/monedes_15_cat-300x158.jpg 300w\" sizes=\"(max-width: 534px) 100vw, 534px\" \/><\/p>\n","protected":false},"excerpt":{"rendered":"<p>Independientemente de la tipolog\u00eda y del \u00e1mbito de actuaci\u00f3n principal al que pretenda dar respuesta, las monedas complementarias pueden tener diferentes procesos de creaci\u00f3n o emisi\u00f3n monetaria. Monedas basadas en un cr\u00e9dito compartido. Es el caso de los sistemas de cr\u00e9dito mutuo, los bancos de tiempos y los mercados de trueque. En estos casos, la [&hellip;]<\/p>\n","protected":false},"author":1,"featured_media":0,"parent":0,"menu_order":24,"comment_status":"closed","ping_status":"closed","template":"","meta":[],"_links":{"self":[{"href":"http:\/\/monedes-complementaries.recursos.uoc.edu\/es\/wp-json\/wp\/v2\/pages\/89"}],"collection":[{"href":"http:\/\/monedes-complementaries.recursos.uoc.edu\/es\/wp-json\/wp\/v2\/pages"}],"about":[{"href":"http:\/\/monedes-complementaries.recursos.uoc.edu\/es\/wp-json\/wp\/v2\/types\/page"}],"author":[{"embeddable":true,"href":"http:\/\/monedes-complementaries.recursos.uoc.edu\/es\/wp-json\/wp\/v2\/users\/1"}],"replies":[{"embeddable":true,"href":"http:\/\/monedes-complementaries.recursos.uoc.edu\/es\/wp-json\/wp\/v2\/comments?post=89"}],"version-history":[{"count":4,"href":"http:\/\/monedes-complementaries.recursos.uoc.edu\/es\/wp-json\/wp\/v2\/pages\/89\/revisions"}],"predecessor-version":[{"id":758,"href":"http:\/\/monedes-complementaries.recursos.uoc.edu\/es\/wp-json\/wp\/v2\/pages\/89\/revisions\/758"}],"wp:attachment":[{"href":"http:\/\/monedes-complementaries.recursos.uoc.edu\/es\/wp-json\/wp\/v2\/media?parent=89"}],"curies":[{"name":"wp","href":"https:\/\/api.w.org\/{rel}","templated":true}]}}