{"id":92,"date":"2018-10-08T11:21:57","date_gmt":"2018-10-08T09:21:57","guid":{"rendered":"http:\/\/monedes-complementaries.recursos.uoc.edu\/?page_id=92"},"modified":"2020-11-21T18:31:24","modified_gmt":"2020-11-21T16:31:24","slug":"2-3-3-los-disenos-hibridos","status":"publish","type":"page","link":"http:\/\/monedes-complementaries.recursos.uoc.edu\/es\/2-3-3-los-disenos-hibridos\/","title":{"rendered":"2.3.3. Los dise\u00f1os h\u00edbridos"},"content":{"rendered":"<p>Las cuatro tipolog\u00edas de monedas complementarias (bancos de tiempo, sistemas de cr\u00e9dito mutuo, monedas locales y mercados de trueque), as\u00ed como la caracterizaci\u00f3n en funci\u00f3n del \u00e1mbito de actuaci\u00f3n principal (social, econ\u00f3mico y medioambiental) y del proceso de emisi\u00f3n (cr\u00e9dito compartido, respaldo por dinero de curso oficial, monedas fiduciarias, respaldo por bienes y emitidas como deuda), no son grupos aislados ni independientes, sino al contrario, pudi\u00e9ndose combinar entre ellos.<\/p>\n<p>Si apostamos por un dise\u00f1o que sea realmente sostenible, ser\u00e1 necesario abrir miras y configurar un sistema monetario complementario h\u00edbrido, que incluya una o varias tipolog\u00edas a la vez, que act\u00fae tanto en el \u00e1mbito econ\u00f3mico como en el social y el medioambiental, y que emplee el proceso de emisi\u00f3n monetaria que mejor se alinee con los objetivos perseguidos, entre muchos otros factores. No hay modelos est\u00e1ndar de monedas complementarias y, por lo tanto, no hay proyectos que sean completamente id\u00e9nticos. Pueden ser muy parecidos, casi iguales, pero la coyuntura socioecon\u00f3mica del entorno donde se implanten las monedas complementarias ser\u00e1 determinante para caracterizar el proyecto resultante y, por lo tanto, para hacer de \u00e9se un proyecto \u00fanico. Se trata de modelos h\u00edbridos resultantes de la combinaci\u00f3n de diferentes clasificaciones y caracterizaciones, hechos a medida en funci\u00f3n de los objetivos perseguidos, de los agentes implicados y de los recursos disponibles, entre muchos otros.<\/p>\n","protected":false},"excerpt":{"rendered":"<p>Las cuatro tipolog\u00edas de monedas complementarias (bancos de tiempo, sistemas de cr\u00e9dito mutuo, monedas locales y mercados de trueque), as\u00ed como la caracterizaci\u00f3n en funci\u00f3n del \u00e1mbito de actuaci\u00f3n principal (social, econ\u00f3mico y medioambiental) y del proceso de emisi\u00f3n (cr\u00e9dito compartido, respaldo por dinero de curso oficial, monedas fiduciarias, respaldo por bienes y emitidas como [&hellip;]<\/p>\n","protected":false},"author":1,"featured_media":0,"parent":0,"menu_order":25,"comment_status":"closed","ping_status":"closed","template":"","meta":[],"_links":{"self":[{"href":"http:\/\/monedes-complementaries.recursos.uoc.edu\/es\/wp-json\/wp\/v2\/pages\/92"}],"collection":[{"href":"http:\/\/monedes-complementaries.recursos.uoc.edu\/es\/wp-json\/wp\/v2\/pages"}],"about":[{"href":"http:\/\/monedes-complementaries.recursos.uoc.edu\/es\/wp-json\/wp\/v2\/types\/page"}],"author":[{"embeddable":true,"href":"http:\/\/monedes-complementaries.recursos.uoc.edu\/es\/wp-json\/wp\/v2\/users\/1"}],"replies":[{"embeddable":true,"href":"http:\/\/monedes-complementaries.recursos.uoc.edu\/es\/wp-json\/wp\/v2\/comments?post=92"}],"version-history":[{"count":3,"href":"http:\/\/monedes-complementaries.recursos.uoc.edu\/es\/wp-json\/wp\/v2\/pages\/92\/revisions"}],"predecessor-version":[{"id":759,"href":"http:\/\/monedes-complementaries.recursos.uoc.edu\/es\/wp-json\/wp\/v2\/pages\/92\/revisions\/759"}],"wp:attachment":[{"href":"http:\/\/monedes-complementaries.recursos.uoc.edu\/es\/wp-json\/wp\/v2\/media?parent=92"}],"curies":[{"name":"wp","href":"https:\/\/api.w.org\/{rel}","templated":true}]}}