{"id":94,"date":"2018-10-08T11:24:51","date_gmt":"2018-10-08T09:24:51","guid":{"rendered":"http:\/\/monedes-complementaries.recursos.uoc.edu\/?page_id=94"},"modified":"2020-11-21T18:31:51","modified_gmt":"2020-11-21T16:31:51","slug":"2-4-1-la-situacion-actual-a-nivel-internacional","status":"publish","type":"page","link":"http:\/\/monedes-complementaries.recursos.uoc.edu\/es\/2-4-1-la-situacion-actual-a-nivel-internacional\/","title":{"rendered":"2.4.1. La situaci\u00f3n actual a nivel internacional"},"content":{"rendered":"<p>En un estudio realizado por Gill Seyfang y Noel Longhurst en 2013 se procedi\u00f3 a cuantificar y evaluar la situaci\u00f3n de los sistemas de monedas complementarias a nivel internacional. Este es uno de los pocos estudios realizados con una visi\u00f3n global que permite homogeneizar los resultados obtenidos. Si bien muestra datos de 2013, su an\u00e1lisis comparativo permite tener una visi\u00f3n conjunta y relativa del fen\u00f3meno que representan las monedas complementarias a nivel internacional.<\/p>\n<p>Se trata de un estudio en el que se contabilizaron, para un determinado pa\u00eds, los sistemas monetarios complementarios que presentaban como m\u00ednimo cinco proyectos activos en 2013. Por tanto, las iniciativas emergentes o con menos de cinco proyectos activos en un mismo pa\u00eds no est\u00e1n incluidas en este an\u00e1lisis, as\u00ed como tampoco est\u00e1n incluidos los sistemas de intercambio comercial (monedas complementarias de \u00edndole\u00a0 meramente capitalista), ni los programas de fidelizaci\u00f3n basados en incentivos para la compra de bienes y servicios sostenibles o el reciclaje.<\/p>\n<p>En base a estos condicionantes, existe un total de 38 grupos de monedas de base nacional, en 23 pa\u00edses de los seis continentes, lo que representa un total de 3.418 proyectos o iniciativas locales. Se entiende por grupo de monedas al conjunto de como m\u00ednimo cinco proyectos, de la misma \u00edndole, activos en 2013 en un mismo pa\u00eds. Cada uno de las iniciativas se cataloga dentro de una de las cuatro tipolog\u00edas de monedas complementarias anteriormente presentadas en este curso (sistemas de cr\u00e9dito mutuo, bancos de tiempo, monedas locales y mercados de trueque).<\/p>\n<p>La tipolog\u00eda m\u00e1s habitual de moneda complementaria corresponde a los bancos de tiempo, con 1.715 proyectos (50,2% del total), repartidos en 11 pa\u00edses y en 4 continentes, seguido de los sistemas de cr\u00e9dito mutuo, que representan 1.412 proyectos (41,3% del total), incluidos en 14 pa\u00edses y en 5 continentes. Los sistemas de moneda local son el tercer grupo de monedas complementarias, comprendiendo 243 proyectos (7,1% del total), en 6 pa\u00edses diferentes de 4 continentes. Y en \u00faltimo lugar se encuentran los mercados de trueque, representando 48 proyectos (1,4% del total), que operan en 4 pa\u00edses de 2 continentes.<\/p>\n<p>Europa tiene el mayor n\u00famero de proyectos, con 2.333 iniciativas de un total de 3.418 (es decir, el 68,3%), de los cuales m\u00e1s de la mitad (54,1%) son sistemas de cr\u00e9dito mutuo, el 44,4% son bancos de tiempo y \u00fanicamente el 1,5% son monedas locales. A continuaci\u00f3n sigue Asia con el 16,6% de los proyectos de monedas complementarias, de los cuales m\u00e1s de dos tercios (68,7%) son bancos de tiempo, el 23,4% son monedas locales, siendo el resto sistemas de cr\u00e9dito mutuo. Am\u00e9rica del Norte es la tercera regi\u00f3n m\u00e1s poblada en cuanto a monedas complementarias, con un 9,8% de los proyectos, de los cuales la gran mayor\u00eda (79,3%) son bancos de tiempo (principalmente en los EE.UU). Am\u00e9rica del Sur representa el 2,7% de los proyectos de monedas complementarias, siendo exclusivamente de monedas locales (64,5%) y de mercados de trueque (35,5%). Australia y Nueva Zelanda tienen tan solo el 1,7% de las iniciativas del mundo, divididas entre sistemas de cr\u00e9dito mutuo (57,9%) y bancos de tiempo (42,1%). Por \u00faltimo, los pa\u00edses de \u00c1frica tratan exclusivamente con sistemas de cr\u00e9dito mutuos, constituyendo el 0,9% del total a nivel internacional.<\/p>\n<figure id=\"attachment_217\" aria-describedby=\"caption-attachment-217\" style=\"width: 800px\" class=\"wp-caption aligncenter\"><img loading=\"lazy\" class=\"wp-image-217 size-full\" src=\"\/wp-content\/uploads\/2018\/11\/monedes_16.jpg\" alt=\"\" width=\"800\" height=\"529\" srcset=\"\/wp-content\/uploads\/2018\/11\/monedes_16.jpg 800w, \/wp-content\/uploads\/2018\/11\/monedes_16-300x198.jpg 300w, \/wp-content\/uploads\/2018\/11\/monedes_16-768x508.jpg 768w\" sizes=\"(max-width: 800px) 100vw, 800px\" \/><figcaption id=\"caption-attachment-217\" class=\"wp-caption-text\">Figura 15. Distribuci\u00f3n geogr\u00e1fica de monedas comunitarias, por regi\u00f3n y tipo.<\/figcaption><\/figure>\n","protected":false},"excerpt":{"rendered":"<p>En un estudio realizado por Gill Seyfang y Noel Longhurst en 2013 se procedi\u00f3 a cuantificar y evaluar la situaci\u00f3n de los sistemas de monedas complementarias a nivel internacional. Este es uno de los pocos estudios realizados con una visi\u00f3n global que permite homogeneizar los resultados obtenidos. Si bien muestra datos de 2013, su an\u00e1lisis [&hellip;]<\/p>\n","protected":false},"author":1,"featured_media":0,"parent":0,"menu_order":26,"comment_status":"closed","ping_status":"closed","template":"","meta":[],"_links":{"self":[{"href":"http:\/\/monedes-complementaries.recursos.uoc.edu\/es\/wp-json\/wp\/v2\/pages\/94"}],"collection":[{"href":"http:\/\/monedes-complementaries.recursos.uoc.edu\/es\/wp-json\/wp\/v2\/pages"}],"about":[{"href":"http:\/\/monedes-complementaries.recursos.uoc.edu\/es\/wp-json\/wp\/v2\/types\/page"}],"author":[{"embeddable":true,"href":"http:\/\/monedes-complementaries.recursos.uoc.edu\/es\/wp-json\/wp\/v2\/users\/1"}],"replies":[{"embeddable":true,"href":"http:\/\/monedes-complementaries.recursos.uoc.edu\/es\/wp-json\/wp\/v2\/comments?post=94"}],"version-history":[{"count":9,"href":"http:\/\/monedes-complementaries.recursos.uoc.edu\/es\/wp-json\/wp\/v2\/pages\/94\/revisions"}],"predecessor-version":[{"id":760,"href":"http:\/\/monedes-complementaries.recursos.uoc.edu\/es\/wp-json\/wp\/v2\/pages\/94\/revisions\/760"}],"wp:attachment":[{"href":"http:\/\/monedes-complementaries.recursos.uoc.edu\/es\/wp-json\/wp\/v2\/media?parent=94"}],"curies":[{"name":"wp","href":"https:\/\/api.w.org\/{rel}","templated":true}]}}