{"id":97,"date":"2018-10-08T11:25:56","date_gmt":"2018-10-08T09:25:56","guid":{"rendered":"http:\/\/monedes-complementaries.recursos.uoc.edu\/?page_id=97"},"modified":"2018-12-20T03:04:44","modified_gmt":"2018-12-20T01:04:44","slug":"2-4-2-la-evolucion-historica-a-nivel-internacional","status":"publish","type":"page","link":"http:\/\/monedes-complementaries.recursos.uoc.edu\/es\/2-4-2-la-evolucion-historica-a-nivel-internacional\/","title":{"rendered":"2.4.2. La evoluci\u00f3n hist\u00f3rica a nivel internacional"},"content":{"rendered":"<p>Las cuatro tipolog\u00edas de monedas complementarias han viajado de un pa\u00eds a otro a trav\u00e9s de las \u00faltimas tres d\u00e9cadas aproximadamente, adapt\u00e1ndose y evolucionando a lo largo del camino.<\/p>\n<p>Veamos a continuaci\u00f3n la situaci\u00f3n actual de los 38 grupos de moneda de base nacional identificados en el estudio que realizaron Seyfang y Longhurst en 2013, especificando si est\u00e1n en crecimiento, en fase de estabilidad, o si bien ya han tocado techo en cuanto al n\u00famero total de proyectos miembros. El estudio revela que, en general, la mayor\u00eda (52,6%) de los grupos identificados est\u00e1n en fase de crecimiento, el 21,1% est\u00e1n estabilizados, y el 26,3% est\u00e1n por debajo de un m\u00e1ximo anterior, es decir, est\u00e1n en fase de decrecimiento. Todo ello independientemente de la tipolog\u00eda de moneda tratada y su ubicaci\u00f3n.<\/p>\n<p>&nbsp;<\/p>\n<figure id=\"attachment_220\" aria-describedby=\"caption-attachment-220\" style=\"width: 737px\" class=\"wp-caption aligncenter\"><img loading=\"lazy\" class=\"wp-image-220 size-full\" src=\"\/wp-content\/uploads\/2018\/11\/monedes_17.jpg\" alt=\"\" width=\"737\" height=\"712\" srcset=\"\/wp-content\/uploads\/2018\/11\/monedes_17.jpg 737w, \/wp-content\/uploads\/2018\/11\/monedes_17-300x290.jpg 300w\" sizes=\"(max-width: 737px) 100vw, 737px\" \/><figcaption id=\"caption-attachment-220\" class=\"wp-caption-text\">Figura 16. Cronolog\u00eda que muestra la difusi\u00f3n geogr\u00e1fica de las monedas comunitarias.<\/figcaption><\/figure>\n<p>&nbsp;<\/p>\n<p>El an\u00e1lisis de la trayectoria de desarrollo de los 38 grupos nacionales organizados por continentes ofrece algunas particularidades. As\u00ed, por ejemplo, los grupos norteamericanos est\u00e1n mayoritariamente en crecimiento (66,7%). En el caso de los grupos europeos se detecta una proporci\u00f3n ligeramente menor en crecimiento (55,6%), en paralelo con una cifra nada despreciable de estabilizados (27,8%). Asia y Australia\/Nueva Zelanda muestran una mayor proporci\u00f3n de los grupos de la moneda de base nacional en decrecimiento (75,0% y 66,7% respectivamente), siendo Am\u00e9rica del Sur la que tiene un n\u00famero aproximadamente igual en cada una de las tres categor\u00edas de crecimiento.<\/p>\n<p>Por otro lado, el an\u00e1lisis de la trayectoria de desarrollo de los 38 grupos nacionales organizados por tipolog\u00edas de monedas complementarias ofrece otra perspectiva. De las cuatro tipolog\u00edas, los bancos de tiempo parecen estar experimentando el mayor crecimiento, con 10 de las 12 agrupaciones nacionales en crecimiento (83,3%), siendo los restantes estables. La historia de los sistemas de cr\u00e9dito mutuo es m\u00e1s equilibrada, con un 43,8% de los 16 grupos en crecimiento y el mismo n\u00famero en declive, y con un 12,5% estable. Las 6 redes de moneda local muestran un panorama similar, con un 33,3% en cada categor\u00eda de crecimiento. De las 4 redes nacionales de mercado de trueque, una (25%) est\u00e1 creciendo y dos (50%) son estables, mientras que una ha alcanzado ya su punto m\u00e1ximo (25%).<\/p>\n","protected":false},"excerpt":{"rendered":"<p>Las cuatro tipolog\u00edas de monedas complementarias han viajado de un pa\u00eds a otro a trav\u00e9s de las \u00faltimas tres d\u00e9cadas aproximadamente, adapt\u00e1ndose y evolucionando a lo largo del camino. Veamos a continuaci\u00f3n la situaci\u00f3n actual de los 38 grupos de moneda de base nacional identificados en el estudio que realizaron Seyfang y Longhurst en 2013, [&hellip;]<\/p>\n","protected":false},"author":1,"featured_media":0,"parent":0,"menu_order":27,"comment_status":"closed","ping_status":"closed","template":"","meta":[],"_links":{"self":[{"href":"http:\/\/monedes-complementaries.recursos.uoc.edu\/es\/wp-json\/wp\/v2\/pages\/97"}],"collection":[{"href":"http:\/\/monedes-complementaries.recursos.uoc.edu\/es\/wp-json\/wp\/v2\/pages"}],"about":[{"href":"http:\/\/monedes-complementaries.recursos.uoc.edu\/es\/wp-json\/wp\/v2\/types\/page"}],"author":[{"embeddable":true,"href":"http:\/\/monedes-complementaries.recursos.uoc.edu\/es\/wp-json\/wp\/v2\/users\/1"}],"replies":[{"embeddable":true,"href":"http:\/\/monedes-complementaries.recursos.uoc.edu\/es\/wp-json\/wp\/v2\/comments?post=97"}],"version-history":[{"count":5,"href":"http:\/\/monedes-complementaries.recursos.uoc.edu\/es\/wp-json\/wp\/v2\/pages\/97\/revisions"}],"predecessor-version":[{"id":590,"href":"http:\/\/monedes-complementaries.recursos.uoc.edu\/es\/wp-json\/wp\/v2\/pages\/97\/revisions\/590"}],"wp:attachment":[{"href":"http:\/\/monedes-complementaries.recursos.uoc.edu\/es\/wp-json\/wp\/v2\/media?parent=97"}],"curies":[{"name":"wp","href":"https:\/\/api.w.org\/{rel}","templated":true}]}}